{"id":156769,"date":"2024-05-09T00:00:00","date_gmt":"2024-05-09T05:00:00","guid":{"rendered":"https:\/\/gpl-love.com\/es\/producto\/motopress-google-maps\/"},"modified":"2026-03-09T08:45:36","modified_gmt":"2026-03-09T13:45:36","slug":"motopress-google-maps","status":"publish","type":"product","link":"https:\/\/gpl-love.com\/es\/producto\/motopress-google-maps\/","title":{"rendered":"MotoPress Google Maps 1.4.4"},"content":{"rendered":"<h3>MotoPress Google Maps Caracteristicas<\/h3>\n<p>Pero la funci\u00f3n MotoPress Maps no se queda ah\u00ed. Tambi\u00e9n puedes usar su editor visual para a\u00f1adir descripciones detalladas a la informaci\u00f3n sobre herramientas de tus marcadores, incluir archivos multimedia e incluso informaci\u00f3n adicional como el horario laboral. Mejora la experiencia de usuario de tu sitio web con el plugin MotoPress para Google Maps, la mejor opci\u00f3n para una integraci\u00f3n perfecta con Maps.<\/p>\n<ul>\n<li>Producto l\u00edder en integraci\u00f3n de mapas para WordPress<\/li>\n<li>Capacidad para crear mapas interactivos y totalmente personalizables<\/li>\n<li>Funcionalidad para colocar m\u00faltiples marcadores personalizados<\/li>\n<li>Opci\u00f3n para elegir entre varias fuentes de iconos<\/li>\n<li>Funci\u00f3n para configurar el tama\u00f1o y el color de los iconos seg\u00fan tus preferencias<\/li>\n<li>Incluye un editor visual para a\u00f1adir descripciones detalladas a la informaci\u00f3n sobre herramientas de los marcadores<\/li>\n<li>Capacidad para incluir archivos multimedia en la informaci\u00f3n sobre herramientas<\/li>\n<li>Permite a\u00f1adir informaci\u00f3n adicional, como el horario laboral, en la informaci\u00f3n sobre herramientas<\/li>\n<li>Aumenta la funcionalidad de tu sitio WordPress<\/li>\n<li>La mejor opci\u00f3n para una integraci\u00f3n fluida con mapas<\/li>\n<\/ul>\n","protected":false},"excerpt":{"rendered":"<p>Mejora la funcionalidad de tu sitio web de WordPress con el plugin MotoPress para Google Maps, un producto l\u00edder en integraci\u00f3n con mapas. MotoPress no es un simple complemento de Google Maps, sino una herramienta avanzada que te permite crear mapas interactivos y totalmente personalizables. Con MotoPress para WordPress, puedes colocar m\u00faltiples marcadores personalizados, elegir entre diferentes iconos de fuente e incluso configurar su tama\u00f1o y color seg\u00fan tus preferencias.<\/p>\n","protected":false},"featured_media":169162,"comment_status":"open","ping_status":"open","template":"","meta":[],"product_brand":[2681],"product_cat":[1214,1206,1211],"product_tag":[2319],"class_list":{"0":"post-156769","1":"product","2":"type-product","3":"status-publish","4":"has-post-thumbnail","6":"product_brand-motopress","7":"product_cat-personalizacion","8":"product_cat-plugins","9":"product_cat-wordpress-plugins","10":"product_tag-motopress","11":"member-discount","12":"discount-restricted","14":"first","15":"instock","16":"sale","17":"downloadable","18":"virtual","19":"sold-individually","20":"purchasable","21":"product-type-simple"},"_links":{"self":[{"href":"https:\/\/gpl-love.com\/es\/wp-json\/wp\/v2\/product\/156769","targetHints":{"allow":["GET"]}}],"collection":[{"href":"https:\/\/gpl-love.com\/es\/wp-json\/wp\/v2\/product"}],"about":[{"href":"https:\/\/gpl-love.com\/es\/wp-json\/wp\/v2\/types\/product"}],"replies":[{"embeddable":true,"href":"https:\/\/gpl-love.com\/es\/wp-json\/wp\/v2\/comments?post=156769"}],"wp:featuredmedia":[{"embeddable":true,"href":"https:\/\/gpl-love.com\/es\/wp-json\/wp\/v2\/media\/169162"}],"wp:attachment":[{"href":"https:\/\/gpl-love.com\/es\/wp-json\/wp\/v2\/media?parent=156769"}],"wp:term":[{"taxonomy":"product_brand","embeddable":true,"href":"https:\/\/gpl-love.com\/es\/wp-json\/wp\/v2\/product_brand?post=156769"},{"taxonomy":"product_cat","embeddable":true,"href":"https:\/\/gpl-love.com\/es\/wp-json\/wp\/v2\/product_cat?post=156769"},{"taxonomy":"product_tag","embeddable":true,"href":"https:\/\/gpl-love.com\/es\/wp-json\/wp\/v2\/product_tag?post=156769"}],"curies":[{"name":"wp","href":"https:\/\/api.w.org\/{rel}","templated":true}]}}