{"id":156767,"date":"2024-04-01T00:00:00","date_gmt":"2024-04-01T05:00:00","guid":{"rendered":"https:\/\/gpl-love.com\/es\/producto\/motopress-countdown\/"},"modified":"2026-03-09T08:45:35","modified_gmt":"2026-03-09T13:45:35","slug":"motopress-countdown","status":"publish","type":"product","link":"https:\/\/gpl-love.com\/es\/producto\/motopress-countdown\/","title":{"rendered":"MotoPress Countdown 1.3.1"},"content":{"rendered":"<h3>MotoPress Countdown Caracteristicas<\/h3>\n<p>Adem\u00e1s, MotoPress Countdown para WordPress te permite mostrar el contenido antes o despu\u00e9s de la cuenta regresiva, lo que te permite personalizarlo todo para adaptarlo a tus necesidades. Con las funciones de personalizaci\u00f3n de MotoPress Countdown, puedes controlar por completo la apariencia y la funcionalidad de tu temporizador.<\/p>\n<p>Aprovecha el complemento MotoPress Custom Countdown Pro y mejora el atractivo y la eficacia de tu sitio web con nuestro plugin de cuenta regresiva f\u00e1cil de usar y con certificaci\u00f3n SEO.<\/p>\n<ul>\n<li>Temporizador de cuenta regresiva altamente personalizable para sitios web de WordPress<\/li>\n<li>Producto de primera categor\u00eda para generar expectaci\u00f3n en torno a promociones y lanzamientos de productos<\/li>\n<li>Dise\u00f1o elegante con estilos cuadrados y circulares<\/li>\n<li>Colores personalizados para el fondo, la pista y el texto<\/li>\n<li>Opciones para mostrar contenido antes o despu\u00e9s de la cuenta regresiva<\/li>\n<li>Control total sobre la apariencia y la funcionalidad del temporizador de cuenta regresiva<\/li>\n<li>Herramienta esencial para eventos urgentes<\/li>\n<li>Se adapta perfectamente a la est\u00e9tica de tu sitio<\/li>\n<li>Incluye el complemento Custom Countdown Pro<\/li>\n<li>Plugin de cuenta regresiva f\u00e1cil de usar y con certificaci\u00f3n SEO<\/li>\n<\/ul>\n","protected":false},"excerpt":{"rendered":"<p>Experimenta el poder del plugin MotoPress Countdown, un temporizador de cuenta regresiva altamente personalizable para tu sitio web de WordPress. Este producto de primera l\u00ednea, el Temporizador de Cuenta Regresiva MotoPress, es una herramienta esencial para generar expectaci\u00f3n en torno a promociones, lanzamientos de productos y cualquier evento urgente.<br \/>\nMotoPress Event Countdown ofrece un dise\u00f1o elegante con estilos cuadrados y circulares, lo que te permite integrarlo a la perfecci\u00f3n con la est\u00e9tica de tu sitio. Las funciones de MotoPress Countdown ofrecen colores personalizados para el fondo, la pista y el texto, lo que garantiza que tu temporizador de cuenta regresiva destaque y capte la atenci\u00f3n de tus visitantes.<\/p>\n","protected":false},"featured_media":169161,"comment_status":"open","ping_status":"open","template":"","meta":[],"product_brand":[2681],"product_cat":[1214,1206,1211],"product_tag":[2319],"class_list":{"0":"post-156767","1":"product","2":"type-product","3":"status-publish","4":"has-post-thumbnail","6":"product_brand-motopress","7":"product_cat-personalizacion","8":"product_cat-plugins","9":"product_cat-wordpress-plugins","10":"product_tag-motopress","11":"member-discount","12":"discount-restricted","14":"first","15":"instock","16":"sale","17":"downloadable","18":"virtual","19":"sold-individually","20":"purchasable","21":"product-type-simple"},"_links":{"self":[{"href":"https:\/\/gpl-love.com\/es\/wp-json\/wp\/v2\/product\/156767","targetHints":{"allow":["GET"]}}],"collection":[{"href":"https:\/\/gpl-love.com\/es\/wp-json\/wp\/v2\/product"}],"about":[{"href":"https:\/\/gpl-love.com\/es\/wp-json\/wp\/v2\/types\/product"}],"replies":[{"embeddable":true,"href":"https:\/\/gpl-love.com\/es\/wp-json\/wp\/v2\/comments?post=156767"}],"wp:featuredmedia":[{"embeddable":true,"href":"https:\/\/gpl-love.com\/es\/wp-json\/wp\/v2\/media\/169161"}],"wp:attachment":[{"href":"https:\/\/gpl-love.com\/es\/wp-json\/wp\/v2\/media?parent=156767"}],"wp:term":[{"taxonomy":"product_brand","embeddable":true,"href":"https:\/\/gpl-love.com\/es\/wp-json\/wp\/v2\/product_brand?post=156767"},{"taxonomy":"product_cat","embeddable":true,"href":"https:\/\/gpl-love.com\/es\/wp-json\/wp\/v2\/product_cat?post=156767"},{"taxonomy":"product_tag","embeddable":true,"href":"https:\/\/gpl-love.com\/es\/wp-json\/wp\/v2\/product_tag?post=156767"}],"curies":[{"name":"wp","href":"https:\/\/api.w.org\/{rel}","templated":true}]}}