{"id":156763,"date":"2026-02-18T00:00:00","date_gmt":"2026-02-18T05:00:00","guid":{"rendered":"https:\/\/gpl-love.com\/es\/producto\/motopress-appointment-booking\/"},"modified":"2026-03-09T08:45:33","modified_gmt":"2026-03-09T13:45:33","slug":"motopress-appointment-booking","status":"publish","type":"product","link":"https:\/\/gpl-love.com\/es\/producto\/motopress-appointment-booking\/","title":{"rendered":"MotoPress Appointment Booking 2.4.3"},"content":{"rendered":"<h3>MotoPress Appointment Booking Caracteristicas<\/h3>\n<p>Los servicios personalizables y la gesti\u00f3n de empleados son otras caracter\u00edsticas clave de la herramienta de gesti\u00f3n de reservas MotoPress, que le permite adaptarla a las necesidades de su negocio. Con la reserva de citas en l\u00ednea de MotoPress, su negocio puede optimizar sus operaciones y ofrecer un mejor servicio al cliente.<\/p>\n<p>Pruebe hoy mismo el sistema de reservas MotoPress y transforme su proceso de programaci\u00f3n de citas. Tanto si busca una mejor gesti\u00f3n de clientes como un proceso de reservas m\u00e1s organizado, la programaci\u00f3n de citas de MotoPress es la soluci\u00f3n que necesita.<\/p>\n<ul>\n<li>Software integral de programaci\u00f3n, ideal para una amplia gama de empresas<\/li>\n<li>Sistema eficaz de reserva de citas en l\u00ednea<\/li>\n<li>Asistente de reserva paso a paso e intuitivo<\/li>\n<li>Recordatorios autom\u00e1ticos para garantizar que los clientes nunca pierdan sus citas<\/li>\n<li>Servicios personalizables para satisfacer las necesidades espec\u00edficas de su empresa<\/li>\n<li>Funciones de gesti\u00f3n de empleados para una mejor coordinaci\u00f3n<\/li>\n<li>Optimiza las operaciones y mejora la atenci\u00f3n al cliente<\/li>\n<li>Transforma y organiza el proceso de programaci\u00f3n de citas<\/li>\n<li>Ideal para empresas que buscan una mejor gesti\u00f3n de clientes<\/li>\n<li>Sistema de reservas en l\u00ednea f\u00e1cil de usar<\/li>\n<\/ul>\n","protected":false},"excerpt":{"rendered":"<p>Descubra el poder del plugin de reserva de citas MotoPress, la soluci\u00f3n definitiva para WordPress. Este completo software de programaci\u00f3n de citas MotoPress es perfecto para una amplia gama de negocios, desde salones de belleza y centros m\u00e9dicos hasta servicios educativos, que requieren un sistema de reserva de citas MotoPress eficaz.<br \/>\nCon el sistema de reservas online MotoPress, puede gestionar f\u00e1cilmente sus reservas gracias a un asistente de reservas paso a paso intuitivo. Esta herramienta de programaci\u00f3n MotoPress tambi\u00e9n incluye recordatorios autom\u00e1ticos para garantizar que sus clientes nunca olviden sus citas.<\/p>\n","protected":false},"featured_media":169159,"comment_status":"open","ping_status":"open","template":"","meta":[],"product_brand":[2681],"product_cat":[1214,1206,1211],"product_tag":[2319],"class_list":{"0":"post-156763","1":"product","2":"type-product","3":"status-publish","4":"has-post-thumbnail","6":"product_brand-motopress","7":"product_cat-personalizacion","8":"product_cat-plugins","9":"product_cat-wordpress-plugins","10":"product_tag-motopress","11":"member-discount","12":"discount-restricted","14":"first","15":"instock","16":"sale","17":"downloadable","18":"virtual","19":"sold-individually","20":"purchasable","21":"product-type-simple"},"_links":{"self":[{"href":"https:\/\/gpl-love.com\/es\/wp-json\/wp\/v2\/product\/156763","targetHints":{"allow":["GET"]}}],"collection":[{"href":"https:\/\/gpl-love.com\/es\/wp-json\/wp\/v2\/product"}],"about":[{"href":"https:\/\/gpl-love.com\/es\/wp-json\/wp\/v2\/types\/product"}],"replies":[{"embeddable":true,"href":"https:\/\/gpl-love.com\/es\/wp-json\/wp\/v2\/comments?post=156763"}],"wp:featuredmedia":[{"embeddable":true,"href":"https:\/\/gpl-love.com\/es\/wp-json\/wp\/v2\/media\/169159"}],"wp:attachment":[{"href":"https:\/\/gpl-love.com\/es\/wp-json\/wp\/v2\/media?parent=156763"}],"wp:term":[{"taxonomy":"product_brand","embeddable":true,"href":"https:\/\/gpl-love.com\/es\/wp-json\/wp\/v2\/product_brand?post=156763"},{"taxonomy":"product_cat","embeddable":true,"href":"https:\/\/gpl-love.com\/es\/wp-json\/wp\/v2\/product_cat?post=156763"},{"taxonomy":"product_tag","embeddable":true,"href":"https:\/\/gpl-love.com\/es\/wp-json\/wp\/v2\/product_tag?post=156763"}],"curies":[{"name":"wp","href":"https:\/\/api.w.org\/{rel}","templated":true}]}}