{"id":156761,"date":"2024-04-01T00:00:00","date_gmt":"2024-04-01T05:00:00","guid":{"rendered":"https:\/\/gpl-love.com\/es\/producto\/motopress-yogamo\/"},"modified":"2026-03-13T17:36:53","modified_gmt":"2026-03-13T22:36:53","slug":"motopress-yogamo","status":"publish","type":"product","link":"https:\/\/gpl-love.com\/es\/producto\/motopress-yogamo\/","title":{"rendered":"MotoPress Yogamo 1.3.3"},"content":{"rendered":"<h3>MotoPress Yogamo Caracteristicas<\/h3>\n<ul>\n<li>Dise\u00f1ado espec\u00edficamente para automatizar citas en l\u00ednea para clases de yoga, baile y fitness.<\/li>\n<li>Ofrece un dise\u00f1o rico en contenido que se puede ampliar f\u00e1cilmente con bloques.<\/li>\n<li>Creado con el editor de bloques nativo de WordPress para una f\u00e1cil integraci\u00f3n.<\/li>\n<li>Viene con un plugin integrado para programar citas, ideal para gimnasios, centros deportivos y estudios de fitness.<\/li>\n<li>Combinaci\u00f3n perfecta de estilo y funcionalidad, que agiliza tus procesos de programaci\u00f3n en l\u00ednea.<\/li>\n<li>Permite una gesti\u00f3n sencilla de citas y horarios para una experiencia de reserva fluida.<\/li>\n<li>Soluci\u00f3n integral para todas tus necesidades de programaci\u00f3n en l\u00ednea, llevando tu negocio de fitness al siguiente nivel.<\/li>\n<li>Ofrece una interfaz mejorada, flexible e intuitiva.<\/li>\n<li>Tema adaptable y elegante que muestra la versatilidad de MotoPress Yogamo.<\/li>\n<li>Aporta una apariencia profesional a tu negocio, mejorando la interacci\u00f3n con los clientes.<\/li>\n<\/ul>\n","protected":false},"excerpt":{"rendered":"<p>Experimenta la versatilidad de MotoPress Yogamo, un elegante y adaptable tema de yoga para WordPress, dise\u00f1ado espec\u00edficamente para automatizar citas online para clases de yoga, danza y fitness. La herramienta Yogamo MotoPress cuenta con un dise\u00f1o rico en contenido que se puede ampliar f\u00e1cilmente con bloques gracias a su dise\u00f1o en el editor de bloques nativo de WordPress.<\/p>\n<p>MotoPress para Yogamo destaca por su plugin integrado para programar citas, lo que lo convierte en la soluci\u00f3n ideal para gimnasios, centros deportivos y estudios de fitness. El plugin MotoPress Yogamo combina a la perfecci\u00f3n estilo y funcionalidad, dise\u00f1ado para agilizar tus procesos de programaci\u00f3n online.<\/p>\n<p>Con el software MotoPress Yogamo, puedes gestionar f\u00e1cilmente tus citas y horarios, ofreciendo a tus clientes una experiencia de reserva fluida y profesional. Lleva tu negocio de fitness al siguiente nivel con la aplicaci\u00f3n Yogamo MotoPress, una soluci\u00f3n integral para todas tus necesidades de programaci\u00f3n online.<\/p>\n","protected":false},"featured_media":169158,"comment_status":"open","ping_status":"open","template":"","meta":[],"product_brand":[2681],"product_cat":[1307,1237,1238],"product_tag":[2319],"class_list":{"0":"post-156761","1":"product","2":"type-product","3":"status-publish","4":"has-post-thumbnail","6":"product_brand-motopress","7":"product_cat-negocio-wordpress-temas","8":"product_cat-temas","9":"product_cat-wordpress-temas","10":"product_tag-motopress","11":"member-discount","12":"discount-restricted","14":"first","15":"instock","16":"sale","17":"downloadable","18":"virtual","19":"sold-individually","20":"purchasable","21":"product-type-simple"},"_links":{"self":[{"href":"https:\/\/gpl-love.com\/es\/wp-json\/wp\/v2\/product\/156761","targetHints":{"allow":["GET"]}}],"collection":[{"href":"https:\/\/gpl-love.com\/es\/wp-json\/wp\/v2\/product"}],"about":[{"href":"https:\/\/gpl-love.com\/es\/wp-json\/wp\/v2\/types\/product"}],"replies":[{"embeddable":true,"href":"https:\/\/gpl-love.com\/es\/wp-json\/wp\/v2\/comments?post=156761"}],"wp:featuredmedia":[{"embeddable":true,"href":"https:\/\/gpl-love.com\/es\/wp-json\/wp\/v2\/media\/169158"}],"wp:attachment":[{"href":"https:\/\/gpl-love.com\/es\/wp-json\/wp\/v2\/media?parent=156761"}],"wp:term":[{"taxonomy":"product_brand","embeddable":true,"href":"https:\/\/gpl-love.com\/es\/wp-json\/wp\/v2\/product_brand?post=156761"},{"taxonomy":"product_cat","embeddable":true,"href":"https:\/\/gpl-love.com\/es\/wp-json\/wp\/v2\/product_cat?post=156761"},{"taxonomy":"product_tag","embeddable":true,"href":"https:\/\/gpl-love.com\/es\/wp-json\/wp\/v2\/product_tag?post=156761"}],"curies":[{"name":"wp","href":"https:\/\/api.w.org\/{rel}","templated":true}]}}