{"id":156759,"date":"2024-04-01T00:00:00","date_gmt":"2024-04-01T05:00:00","guid":{"rendered":"https:\/\/gpl-love.com\/es\/producto\/motopress-vite-nera\/"},"modified":"2026-03-13T17:36:52","modified_gmt":"2026-03-13T22:36:52","slug":"motopress-vite-nera","status":"publish","type":"product","link":"https:\/\/gpl-love.com\/es\/producto\/motopress-vite-nera\/","title":{"rendered":"MotoPress Vite Nera 1.0.2"},"content":{"rendered":"<h3>MotoPress Vite Nera Caracteristicas<\/h3>\n<p>Sumerja a sus clientes potenciales en una experiencia de navegaci\u00f3n cautivadora con la optimizaci\u00f3n de Vite Nera, que resalta sus cartas de vinos, productos e imagen de marca. Mejore la visibilidad de su sitio web con las funciones de SEO de MotoPress y Vite Nera, dise\u00f1adas espec\u00edficamente para impulsar su presencia online y atraer m\u00e1s tr\u00e1fico a su sitio web.<\/p>\n<p>Mejore su SEO con MotoPress Vite Nera aprovechando nuestras funciones avanzadas de optimizaci\u00f3n de b\u00fasqueda. Con SEO MotoPress Vite Nera, el sitio web de su tienda de vinos no solo mejorar\u00e1 su posicionamiento en los resultados de b\u00fasqueda, sino que tambi\u00e9n lograr\u00e1 mejores tasas de conversi\u00f3n. Aproveche el poder de la optimizaci\u00f3n de b\u00fasqueda de MotoPress Vite Nera y vea c\u00f3mo prospera su negocio de vinos online.<\/p>\n<ul>\n<li>Optimizaci\u00f3n web superior con MotoPress Vite Nera<\/li>\n<li>Tema WordPress moderno y elegante para vinotecas<\/li>\n<li>Dise\u00f1ado con esmero para bodegas, cervecer\u00edas y licorer\u00edas<\/li>\n<li>Con tecnolog\u00eda WooCommerce para una gesti\u00f3n fluida del surtido de bebidas, precios, pedidos online, entrega a domicilio y comida para llevar<\/li>\n<li>Experiencia de navegaci\u00f3n cautivadora que resalta las cartas de vinos, los productos y la imagen de marca<\/li>\n<li>Visibilidad web mejorada con las funciones SEO de MotoPress y Vite Nera<\/li>\n<li>Dise\u00f1ado espec\u00edficamente para impulsar la presencia online y atraer m\u00e1s tr\u00e1fico al sitio web<\/li>\n<li>SEO mejorado con funciones avanzadas de optimizaci\u00f3n de b\u00fasqueda<\/li>\n<li>Posici\u00f3n m\u00e1s alta en los resultados de b\u00fasqueda y mejores tasas de conversi\u00f3n<\/li>\n<li>Impulsa tu negocio de vinos online mediante una potente optimizaci\u00f3n de b\u00fasqueda.<\/li>\n<\/ul>\n","protected":false},"excerpt":{"rendered":"<p>Experimente una optimizaci\u00f3n web superior con MotoPress Vite Nera, el moderno y elegante tema de WordPress para tiendas de vinos, dise\u00f1ado con esmero para bodegas, cervecer\u00edas y licorer\u00edas. Esta sofisticada herramienta, impulsada por WooCommerce, ofrece una experiencia excepcional de optimizaci\u00f3n con MotoPress, garantizando una gesti\u00f3n fluida de su surtido de bebidas, precios, pedidos en l\u00ednea, entrega a domicilio y servicios de comida para llevar.<\/p>\n","protected":false},"featured_media":169157,"comment_status":"open","ping_status":"open","template":"","meta":[],"product_brand":[2681],"product_cat":[1307,1237,1238],"product_tag":[2319],"class_list":{"0":"post-156759","1":"product","2":"type-product","3":"status-publish","4":"has-post-thumbnail","6":"product_brand-motopress","7":"product_cat-negocio-wordpress-temas","8":"product_cat-temas","9":"product_cat-wordpress-temas","10":"product_tag-motopress","11":"member-discount","12":"discount-restricted","14":"first","15":"instock","16":"sale","17":"downloadable","18":"virtual","19":"sold-individually","20":"purchasable","21":"product-type-simple"},"_links":{"self":[{"href":"https:\/\/gpl-love.com\/es\/wp-json\/wp\/v2\/product\/156759","targetHints":{"allow":["GET"]}}],"collection":[{"href":"https:\/\/gpl-love.com\/es\/wp-json\/wp\/v2\/product"}],"about":[{"href":"https:\/\/gpl-love.com\/es\/wp-json\/wp\/v2\/types\/product"}],"replies":[{"embeddable":true,"href":"https:\/\/gpl-love.com\/es\/wp-json\/wp\/v2\/comments?post=156759"}],"wp:featuredmedia":[{"embeddable":true,"href":"https:\/\/gpl-love.com\/es\/wp-json\/wp\/v2\/media\/169157"}],"wp:attachment":[{"href":"https:\/\/gpl-love.com\/es\/wp-json\/wp\/v2\/media?parent=156759"}],"wp:term":[{"taxonomy":"product_brand","embeddable":true,"href":"https:\/\/gpl-love.com\/es\/wp-json\/wp\/v2\/product_brand?post=156759"},{"taxonomy":"product_cat","embeddable":true,"href":"https:\/\/gpl-love.com\/es\/wp-json\/wp\/v2\/product_cat?post=156759"},{"taxonomy":"product_tag","embeddable":true,"href":"https:\/\/gpl-love.com\/es\/wp-json\/wp\/v2\/product_tag?post=156759"}],"curies":[{"name":"wp","href":"https:\/\/api.w.org\/{rel}","templated":true}]}}