{"id":156757,"date":"2025-07-18T00:00:00","date_gmt":"2025-07-18T05:00:00","guid":{"rendered":"https:\/\/gpl-love.com\/es\/producto\/motopress-villagio\/"},"modified":"2026-03-13T17:36:51","modified_gmt":"2026-03-13T22:36:51","slug":"motopress-villagio","status":"publish","type":"product","link":"https:\/\/gpl-love.com\/es\/producto\/motopress-villagio\/","title":{"rendered":"MotoPress Villagio 2.2.0"},"content":{"rendered":"<h3>MotoPress Villagio Caracteristicas<\/h3>\n<p>Para quienes se inician en el sistema, nuestro Tutorial de MotoPress Villagio ofrece una gu\u00eda intuitiva para navegar por la plataforma. Tambi\u00e9n hemos compilado una Gu\u00eda del Usuario de MotoPress Villagio para ayudarles a aprovechar al m\u00e1ximo su potencial.<\/p>\n<p>\u00bfHay otras opciones disponibles en el mercado? \u00a1Por supuesto! Sin embargo, en nuestras comparativas de MotoPress Villagio, este tema supera consistentemente a sus competidores. Descubra alternativas a MotoPress Villagio y vea<\/p>\n<ul>\n<li>Soluciones integrales de WordPress para la gesti\u00f3n de m\u00faltiples alojamientos, como villas, casas de hu\u00e9spedes y apartamentos.<\/li>\n<li>Tema de WordPress de primera calidad para el sector inmobiliario.<\/li>\n<li>Plataforma intuitiva con navegaci\u00f3n sencilla.<\/li>\n<li>Potente sistema de reservas de alojamiento para reservas instant\u00e1neas.<\/li>\n<li>Excelente relaci\u00f3n calidad-precio con precios competitivos.<\/li>\n<li>Gu\u00eda de usuario detallada y tutoriales para aprovechar al m\u00e1ximo el potencial del tema.<\/li>\n<li>Supera constantemente a la competencia en las comparativas.<\/li>\n<li>Variedad de alternativas disponibles para diferentes necesidades de usuario.<\/li>\n<li>Ideal tanto para principiantes como para usuarios experimentados.<\/li>\n<li>Soporte y actualizaciones continuas del equipo de MotoPress.<\/li>\n<\/ul>\n","protected":false},"excerpt":{"rendered":"<p>Descubre las soluciones integrales de MotoPress Villagio para WordPress en nuestra rese\u00f1a detallada. Como tema de WordPress de primera categor\u00eda para el sector inmobiliario, MotoPress Villagio es la opci\u00f3n ideal para gestionar m\u00faltiples alojamientos, como villas, casas de hu\u00e9spedes y apartamentos.<br \/>\nCon los precios de MotoPress Villagio, descubrir\u00e1s que invertir en este tema ofrece una excelente relaci\u00f3n calidad-precio. Las funciones de MotoPress Villagio incluyen un potente sistema de reservas de alojamiento que permite realizar reservas instant\u00e1neas. Esta es solo una de las muchas ventajas de usar MotoPress Villagio.<\/p>\n","protected":false},"featured_media":169156,"comment_status":"open","ping_status":"open","template":"","meta":[],"product_brand":[2681],"product_cat":[1307,1237,1238],"product_tag":[2319],"class_list":{"0":"post-156757","1":"product","2":"type-product","3":"status-publish","4":"has-post-thumbnail","6":"product_brand-motopress","7":"product_cat-negocio-wordpress-temas","8":"product_cat-temas","9":"product_cat-wordpress-temas","10":"product_tag-motopress","11":"member-discount","12":"discount-restricted","14":"first","15":"instock","16":"sale","17":"downloadable","18":"virtual","19":"sold-individually","20":"purchasable","21":"product-type-simple"},"_links":{"self":[{"href":"https:\/\/gpl-love.com\/es\/wp-json\/wp\/v2\/product\/156757","targetHints":{"allow":["GET"]}}],"collection":[{"href":"https:\/\/gpl-love.com\/es\/wp-json\/wp\/v2\/product"}],"about":[{"href":"https:\/\/gpl-love.com\/es\/wp-json\/wp\/v2\/types\/product"}],"replies":[{"embeddable":true,"href":"https:\/\/gpl-love.com\/es\/wp-json\/wp\/v2\/comments?post=156757"}],"wp:featuredmedia":[{"embeddable":true,"href":"https:\/\/gpl-love.com\/es\/wp-json\/wp\/v2\/media\/169156"}],"wp:attachment":[{"href":"https:\/\/gpl-love.com\/es\/wp-json\/wp\/v2\/media?parent=156757"}],"wp:term":[{"taxonomy":"product_brand","embeddable":true,"href":"https:\/\/gpl-love.com\/es\/wp-json\/wp\/v2\/product_brand?post=156757"},{"taxonomy":"product_cat","embeddable":true,"href":"https:\/\/gpl-love.com\/es\/wp-json\/wp\/v2\/product_cat?post=156757"},{"taxonomy":"product_tag","embeddable":true,"href":"https:\/\/gpl-love.com\/es\/wp-json\/wp\/v2\/product_tag?post=156757"}],"curies":[{"name":"wp","href":"https:\/\/api.w.org\/{rel}","templated":true}]}}