{"id":156755,"date":"2024-04-01T00:00:00","date_gmt":"2024-04-01T05:00:00","guid":{"rendered":"https:\/\/gpl-love.com\/es\/producto\/motopress-restline\/"},"modified":"2026-03-13T17:36:51","modified_gmt":"2026-03-13T22:36:51","slug":"motopress-restline","status":"publish","type":"product","link":"https:\/\/gpl-love.com\/es\/producto\/motopress-restline\/","title":{"rendered":"MotoPress Restline 1.0.2"},"content":{"rendered":"<h3>MotoPress Restline Caracteristicas<\/h3>\n<ul>\n<li>Tema sofisticado y glamuroso para WordPress de MotoPress<\/li>\n<li>Dise\u00f1ado espec\u00edficamente para masajistas<\/li>\n<li>Incluye funciones profesionales para impulsar tu negocio<\/li>\n<li>Ofrece listados de servicios, testimonios, precios y certificados de regalo<\/li>\n<li>Se integra a la perfecci\u00f3n con el plugin de reserva de citas integrado en WordPress<\/li>\n<li>Permite a los clientes programar citas c\u00f3modamente directamente desde tu sitio web<\/li>\n<li>Admite servicios, personal y duraci\u00f3n de citas ilimitados<\/li>\n<li>Altamente personalizable para adaptarse a las necesidades \u00fanicas de tu negocio<\/li>\n<li>Transforma tu sitio web en una potente herramienta de negocios<\/li>\n<li>Mejora tu presencia online<\/li>\n<\/ul>\n","protected":false},"excerpt":{"rendered":"<p>Mejora tu presencia online con Restline, un sofisticado y glamuroso tema de WordPress de MotoPress. Dise\u00f1ado espec\u00edficamente para masajistas, MotoPress Restline ofrece una variedad de funciones profesionales para impulsar tu negocio. Esto incluye listados de servicios, testimonios, precios e incluso certificados de regalo. El tema se integra a la perfecci\u00f3n con el plugin de reserva de citas de WordPress, lo que permite a tus clientes programar citas c\u00f3modamente directamente desde tu sitio web. MotoPress Restline no es un tema de WordPress cualquiera; admite servicios, personal y duraci\u00f3n de citas ilimitados, lo que lo hace altamente personalizable y perfecto para tus necesidades espec\u00edficas. Con MotoPress Restline, puedes transformar f\u00e1cilmente tu sitio web en una potente herramienta de negocios.<\/p>\n","protected":false},"featured_media":169155,"comment_status":"open","ping_status":"open","template":"","meta":[],"product_brand":[2681],"product_cat":[1307,1237,1238],"product_tag":[2319],"class_list":{"0":"post-156755","1":"product","2":"type-product","3":"status-publish","4":"has-post-thumbnail","6":"product_brand-motopress","7":"product_cat-negocio-wordpress-temas","8":"product_cat-temas","9":"product_cat-wordpress-temas","10":"product_tag-motopress","11":"member-discount","12":"discount-restricted","14":"first","15":"instock","16":"sale","17":"downloadable","18":"virtual","19":"sold-individually","20":"purchasable","21":"product-type-simple"},"_links":{"self":[{"href":"https:\/\/gpl-love.com\/es\/wp-json\/wp\/v2\/product\/156755","targetHints":{"allow":["GET"]}}],"collection":[{"href":"https:\/\/gpl-love.com\/es\/wp-json\/wp\/v2\/product"}],"about":[{"href":"https:\/\/gpl-love.com\/es\/wp-json\/wp\/v2\/types\/product"}],"replies":[{"embeddable":true,"href":"https:\/\/gpl-love.com\/es\/wp-json\/wp\/v2\/comments?post=156755"}],"wp:featuredmedia":[{"embeddable":true,"href":"https:\/\/gpl-love.com\/es\/wp-json\/wp\/v2\/media\/169155"}],"wp:attachment":[{"href":"https:\/\/gpl-love.com\/es\/wp-json\/wp\/v2\/media?parent=156755"}],"wp:term":[{"taxonomy":"product_brand","embeddable":true,"href":"https:\/\/gpl-love.com\/es\/wp-json\/wp\/v2\/product_brand?post=156755"},{"taxonomy":"product_cat","embeddable":true,"href":"https:\/\/gpl-love.com\/es\/wp-json\/wp\/v2\/product_cat?post=156755"},{"taxonomy":"product_tag","embeddable":true,"href":"https:\/\/gpl-love.com\/es\/wp-json\/wp\/v2\/product_tag?post=156755"}],"curies":[{"name":"wp","href":"https:\/\/api.w.org\/{rel}","templated":true}]}}