{"id":156753,"date":"2024-04-01T00:00:00","date_gmt":"2024-04-01T05:00:00","guid":{"rendered":"https:\/\/gpl-love.com\/es\/producto\/motopress-touriny\/"},"modified":"2026-03-13T17:36:50","modified_gmt":"2026-03-13T22:36:50","slug":"motopress-touriny","status":"publish","type":"product","link":"https:\/\/gpl-love.com\/es\/producto\/motopress-touriny\/","title":{"rendered":"MotoPress Touriny 1.1.2"},"content":{"rendered":"<h3>MotoPress Touriny Caracteristicas<\/h3>\n<p>Nuestro tutorial de MotoPress Touriny ofrece una gu\u00eda paso a paso que facilita el uso de esta innovadora plataforma. El plugin de Reserva de Citas de MotoPress impulsa este tema, garantizando que la reserva automatizada de tours sea facil\u00edsima. Esta funci\u00f3n incluso incorpora opciones de pago seguras para la m\u00e1xima comodidad del cliente.<\/p>\n<p>La estructura de precios de MotoPress Touriny est\u00e1 dise\u00f1ada para adaptarse a diversos presupuestos, lo que la convierte en la soluci\u00f3n ideal para grandes y peque\u00f1as empresas. \u00bfA\u00fan no te convence? Hemos comparado MotoPress Touriny con diversas alternativas para mostrarte sus ventajas. Consulta nuestra comparaci\u00f3n de MotoPress Touriny para ver en detalle c\u00f3mo este producto supera a la competencia.<\/p>\n<ul>\n<li>Dise\u00f1o modular de vanguardia, dise\u00f1ado espec\u00edficamente para servicios relacionados con viajes y turismo.<\/li>\n<li>Venta online fluida de paquetes de viaje.<\/li>\n<li>Dise\u00f1o audaz y moderno que resume la funcionalidad esencial.<\/li>\n<li>Tutorial paso a paso para una f\u00e1cil utilizaci\u00f3n.<\/li>\n<li>Con tecnolog\u00eda del plugin MotoPress Appointment Booking para la reserva automatizada de tours.<\/li>\n<li>Opciones de pago seguras incorporadas para la comodidad del cliente.<\/li>\n<li>Estructura de precios dise\u00f1ada para adaptarse a una variedad de presupuestos.<\/li>\n<li>Ideal para empresas de todos los tama\u00f1os.<\/li>\n<li>Comparaci\u00f3n detallada con diversas alternativas disponibles para una revisi\u00f3n completa.<\/li>\n<li>Ha demostrado superar a la competencia en varios aspectos.<\/li>\n<\/ul>\n","protected":false},"excerpt":{"rendered":"<p>Descubra las maravillas de MotoPress Touriny en nuestra rese\u00f1a completa. MotoPress Touriny es un tema de WordPress innovador y modular, dise\u00f1ado espec\u00edficamente para servicios de viajes y turismo. Explore las caracter\u00edsticas \u00fanicas de MotoPress Touriny que permiten la venta online de paquetes sin complicaciones, con un dise\u00f1o audaz y moderno que encapsula la funcionalidad esencial.<\/p>\n","protected":false},"featured_media":169154,"comment_status":"open","ping_status":"open","template":"","meta":[],"product_brand":[2681],"product_cat":[1548,1237,1238],"product_tag":[2319],"class_list":{"0":"post-156753","1":"product","2":"type-product","3":"status-publish","4":"has-post-thumbnail","6":"product_brand-motopress","7":"product_cat-resort-hotel","8":"product_cat-temas","9":"product_cat-wordpress-temas","10":"product_tag-motopress","11":"member-discount","12":"discount-restricted","14":"first","15":"instock","16":"sale","17":"downloadable","18":"virtual","19":"sold-individually","20":"purchasable","21":"product-type-simple"},"_links":{"self":[{"href":"https:\/\/gpl-love.com\/es\/wp-json\/wp\/v2\/product\/156753","targetHints":{"allow":["GET"]}}],"collection":[{"href":"https:\/\/gpl-love.com\/es\/wp-json\/wp\/v2\/product"}],"about":[{"href":"https:\/\/gpl-love.com\/es\/wp-json\/wp\/v2\/types\/product"}],"replies":[{"embeddable":true,"href":"https:\/\/gpl-love.com\/es\/wp-json\/wp\/v2\/comments?post=156753"}],"wp:featuredmedia":[{"embeddable":true,"href":"https:\/\/gpl-love.com\/es\/wp-json\/wp\/v2\/media\/169154"}],"wp:attachment":[{"href":"https:\/\/gpl-love.com\/es\/wp-json\/wp\/v2\/media?parent=156753"}],"wp:term":[{"taxonomy":"product_brand","embeddable":true,"href":"https:\/\/gpl-love.com\/es\/wp-json\/wp\/v2\/product_brand?post=156753"},{"taxonomy":"product_cat","embeddable":true,"href":"https:\/\/gpl-love.com\/es\/wp-json\/wp\/v2\/product_cat?post=156753"},{"taxonomy":"product_tag","embeddable":true,"href":"https:\/\/gpl-love.com\/es\/wp-json\/wp\/v2\/product_tag?post=156753"}],"curies":[{"name":"wp","href":"https:\/\/api.w.org\/{rel}","templated":true}]}}