{"id":156751,"date":"2025-09-01T00:00:00","date_gmt":"2025-09-01T05:00:00","guid":{"rendered":"https:\/\/gpl-love.com\/es\/producto\/motopress-alpenhouse\/"},"modified":"2026-03-13T17:36:49","modified_gmt":"2026-03-13T22:36:49","slug":"motopress-alpenhouse","status":"publish","type":"product","link":"https:\/\/gpl-love.com\/es\/producto\/motopress-alpenhouse\/","title":{"rendered":"MotoPress Alpenhouse 1.7.0"},"content":{"rendered":"<h3>MotoPress Alpenhouse Caracteristicas<\/h3>\n<p>El software de alquiler vacacional MotoPress, parte integral del sistema de gesti\u00f3n de alquileres Alpenhouse, permite la sincronizaci\u00f3n con OTA y m\u00faltiples pasarelas de pago, lo que ofrece comodidad a sus clientes. Este software tambi\u00e9n incluye un creador de sitios web de alquiler vacacional en WordPress que garantiza una experiencia de usuario fluida.<\/p>\n<p>Adem\u00e1s, el sistema de gesti\u00f3n de alquileres Alpenhouse incluye un sistema de gesti\u00f3n de propiedades (PMS) con reglas de reserva flexibles para satisfacer las diversas necesidades de los clientes. Impulse su negocio de alquileres y consiga una mejor posici\u00f3n en el mercado con el plugin de reservas y el tema MotoPress Alpenhouse.<\/p>\n<ul>\n<li>Impulsa el negocio de alquileres vacacionales<\/li>\n<li>Espec\u00edficamente dise\u00f1ado para chalets, casas de hu\u00e9spedes, casas rurales, hoteles y residencias vacacionales<\/li>\n<li>Incluye el tema MotoPress Alpenhouse integrado<\/li>\n<li>A\u00f1ade m\u00e1s atractivo a tu sitio web de alquileres<\/li>\n<li>Permite la sincronizaci\u00f3n con OTA y m\u00faltiples pasarelas de pago<\/li>\n<li>Garantiza la comodidad de los clientes<\/li>\n<li>Incluye un creador de sitios web de alquileres vacacionales en WordPress<\/li>\n<li>Garantiza una experiencia de usuario fluida<\/li>\n<li>Equipado con un Sistema de Gesti\u00f3n de Propiedades (PMS)<\/li>\n<li>Reglas de reserva flexibles que se adaptan a las diversas necesidades de los clientes<\/li>\n<\/ul>\n","protected":false},"excerpt":{"rendered":"<p>Impulsa tu negocio de alquileres vacacionales con el plugin de reservas MotoPress Alpenhouse, un vers\u00e1til tema de WordPress dise\u00f1ado espec\u00edficamente para chalets, casas de hu\u00e9spedes, casas rurales, hoteles y residencias vacacionales. Este innovador plugin de alquileres vacacionales Alpenhouse incluye un tema MotoPress Alpenhouse integrado, lo que le da un toque m\u00e1s atractivo a tu sitio web de alquileres.<\/p>\n","protected":false},"featured_media":169153,"comment_status":"open","ping_status":"open","template":"","meta":[],"product_brand":[2681],"product_cat":[1548,1237,1238],"product_tag":[2319],"class_list":{"0":"post-156751","1":"product","2":"type-product","3":"status-publish","4":"has-post-thumbnail","6":"product_brand-motopress","7":"product_cat-resort-hotel","8":"product_cat-temas","9":"product_cat-wordpress-temas","10":"product_tag-motopress","11":"member-discount","12":"discount-restricted","14":"first","15":"instock","16":"sale","17":"downloadable","18":"virtual","19":"sold-individually","20":"purchasable","21":"product-type-simple"},"_links":{"self":[{"href":"https:\/\/gpl-love.com\/es\/wp-json\/wp\/v2\/product\/156751","targetHints":{"allow":["GET"]}}],"collection":[{"href":"https:\/\/gpl-love.com\/es\/wp-json\/wp\/v2\/product"}],"about":[{"href":"https:\/\/gpl-love.com\/es\/wp-json\/wp\/v2\/types\/product"}],"replies":[{"embeddable":true,"href":"https:\/\/gpl-love.com\/es\/wp-json\/wp\/v2\/comments?post=156751"}],"wp:featuredmedia":[{"embeddable":true,"href":"https:\/\/gpl-love.com\/es\/wp-json\/wp\/v2\/media\/169153"}],"wp:attachment":[{"href":"https:\/\/gpl-love.com\/es\/wp-json\/wp\/v2\/media?parent=156751"}],"wp:term":[{"taxonomy":"product_brand","embeddable":true,"href":"https:\/\/gpl-love.com\/es\/wp-json\/wp\/v2\/product_brand?post=156751"},{"taxonomy":"product_cat","embeddable":true,"href":"https:\/\/gpl-love.com\/es\/wp-json\/wp\/v2\/product_cat?post=156751"},{"taxonomy":"product_tag","embeddable":true,"href":"https:\/\/gpl-love.com\/es\/wp-json\/wp\/v2\/product_tag?post=156751"}],"curies":[{"name":"wp","href":"https:\/\/api.w.org\/{rel}","templated":true}]}}