{"id":156722,"date":"2026-04-21T00:00:00","date_gmt":"2026-04-21T05:00:00","guid":{"rendered":"https:\/\/gpl-love.com\/es\/producto\/seraphinite-accelerator\/"},"modified":"2026-04-21T11:16:59","modified_gmt":"2026-04-21T16:16:59","slug":"seraphinite-accelerator","status":"publish","type":"product","link":"https:\/\/gpl-love.com\/es\/producto\/seraphinite-accelerator\/","title":{"rendered":"Seraphinite Accelerator 2.29.8"},"content":{"rendered":"<h3>Seraphinite Accelerator Caracteristicas<\/h3>\n<p>Al aumentar considerablemente la velocidad y el rendimiento general del sitio web, esta soluci\u00f3n mejora dr\u00e1sticamente la experiencia de usuario de todos los visitantes. Tambi\u00e9n reduce los tiempos de carga de p\u00e1ginas web e im\u00e1genes, a la vez que optimiza el c\u00f3digo para una ejecuci\u00f3n r\u00e1pida. Otra caracter\u00edstica destacable es su capacidad para mejorar el posicionamiento SEO al aumentar la velocidad del sitio web. Esta herramienta est\u00e1 dise\u00f1ada para funcionar a la perfecci\u00f3n con cualquier tema de WordPress, lo que la convierte en una opci\u00f3n vers\u00e1til. Adem\u00e1s, su instalaci\u00f3n y configuraci\u00f3n en cualquier sitio web de WordPress es incre\u00edblemente sencilla. Para mantener un rendimiento \u00f3ptimo, tambi\u00e9n ofrece actualizaciones peri\u00f3dicas y soporte t\u00e9cnico ininterrumpido.<\/p>\n<ul>\n<li>Velocidad del motor de cach\u00e9<\/li>\n<li>Tolerancia a cargas elevadas<\/li>\n<li>Funciones de seguridad<\/li>\n<li>Compatibilidad con m\u00faltiples CDN<\/li>\n<li>Compatibilidad con plugins de optimizaci\u00f3n<\/li>\n<li>Funci\u00f3n de revalidaci\u00f3n diferida<\/li>\n<li>Amplia gama de opciones de codificaci\u00f3n<\/li>\n<li>Optimizaci\u00f3n del espacio de almacenamiento en cach\u00e9<\/li>\n<li>Compresi\u00f3n de datos en cach\u00e9<\/li>\n<li>Cach\u00e9 para usuarios<\/li>\n<li>Funcionalidad de cach\u00e9 del navegador<\/li>\n<li>Correcci\u00f3n de errores y comprobaci\u00f3n de HTML<\/li>\n<li>Separaci\u00f3n de mecanismos de almacenamiento en cach\u00e9<\/li>\n<li>Optimizaci\u00f3n del tama\u00f1o del contenido<\/li>\n<li>Reiteraci\u00f3n de la optimizaci\u00f3n del tama\u00f1o del contenido<\/li>\n<\/ul>\n","protected":false},"excerpt":{"rendered":"<p>Seraphinite Solutions presenta Accelerator para WordPress, un motor de cach\u00e9 superior dise\u00f1ado espec\u00edficamente para optimizar el rendimiento y la eficacia de su sitio web. Esta excepcional herramienta destaca por su r\u00e1pida capacidad de almacenamiento en cach\u00e9, su extraordinaria resistencia a la carga con un consumo m\u00ednimo de recursos y su robusta protecci\u00f3n contra ataques de fuerza bruta. Adem\u00e1s, al ofrecer una f\u00e1cil integraci\u00f3n con numerosas CDN, esta herramienta no solo reduce los gastos, sino que tambi\u00e9n potencia la aceleraci\u00f3n de contenido.<\/p>\n","protected":false},"featured_media":169145,"comment_status":"open","ping_status":"open","template":"","meta":[],"product_brand":[2680],"product_cat":[1206,1579,1211],"product_tag":[2318],"class_list":{"0":"post-156722","1":"product","2":"type-product","3":"status-publish","4":"has-post-thumbnail","6":"product_brand-seraphinite-solutions","7":"product_cat-plugins","8":"product_cat-rendimiento","9":"product_cat-wordpress-plugins","10":"product_tag-seraphinite-solutions","11":"member-discount","12":"discount-restricted","14":"first","15":"instock","16":"sale","17":"downloadable","18":"virtual","19":"sold-individually","20":"purchasable","21":"product-type-simple"},"_links":{"self":[{"href":"https:\/\/gpl-love.com\/es\/wp-json\/wp\/v2\/product\/156722","targetHints":{"allow":["GET"]}}],"collection":[{"href":"https:\/\/gpl-love.com\/es\/wp-json\/wp\/v2\/product"}],"about":[{"href":"https:\/\/gpl-love.com\/es\/wp-json\/wp\/v2\/types\/product"}],"replies":[{"embeddable":true,"href":"https:\/\/gpl-love.com\/es\/wp-json\/wp\/v2\/comments?post=156722"}],"wp:featuredmedia":[{"embeddable":true,"href":"https:\/\/gpl-love.com\/es\/wp-json\/wp\/v2\/media\/169145"}],"wp:attachment":[{"href":"https:\/\/gpl-love.com\/es\/wp-json\/wp\/v2\/media?parent=156722"}],"wp:term":[{"taxonomy":"product_brand","embeddable":true,"href":"https:\/\/gpl-love.com\/es\/wp-json\/wp\/v2\/product_brand?post=156722"},{"taxonomy":"product_cat","embeddable":true,"href":"https:\/\/gpl-love.com\/es\/wp-json\/wp\/v2\/product_cat?post=156722"},{"taxonomy":"product_tag","embeddable":true,"href":"https:\/\/gpl-love.com\/es\/wp-json\/wp\/v2\/product_tag?post=156722"}],"curies":[{"name":"wp","href":"https:\/\/api.w.org\/{rel}","templated":true}]}}