{"id":156630,"date":"2026-01-10T00:00:00","date_gmt":"2026-01-10T05:00:00","guid":{"rendered":"https:\/\/gpl-love.com\/es\/producto\/pixelyoursite-consent-magic-pro\/"},"modified":"2026-03-09T08:45:11","modified_gmt":"2026-03-09T13:45:11","slug":"pixelyoursite-consent-magic-pro","status":"publish","type":"product","link":"https:\/\/gpl-love.com\/es\/producto\/pixelyoursite-consent-magic-pro\/","title":{"rendered":"PixelYourSite Consent Magic Pro 5.1.1"},"content":{"rendered":"<h3>PixelYourSite Consent Magic Pro Caracteristicas<\/h3>\n<p>Controla la gesti\u00f3n de datos de tu sitio web y mejora tu cumplimiento del RGPD f\u00e1cilmente con PixelYourSite Consent Magic Pro. Dise\u00f1ado para simplificar la gesti\u00f3n de tu privacidad online, Consent Magic Pro permite un control granular sobre el seguimiento de usuarios y el consentimiento de cookies en tu sitio. Cumple con los requisitos normativos y fomenta una s\u00f3lida confianza con los usuarios mediante una iniciativa de transparencia mejorada. Al lograr un equilibrio perfecto entre las pr\u00e1cticas de SEO y las estrictas normativas, PixelYourSite Consent Magic Pro ayuda a posicionar tu sitio web en los resultados de b\u00fasqueda y a proteger la reputaci\u00f3n online de tu negocio. No busques m\u00e1s: una herramienta eficiente y completa para mantener tu sitio web intuitivo, optimizar las operaciones y respetar la privacidad del usuario, todo en un solo lugar.<\/p>\n<ul>\n<li>Los usuarios tienen control total sobre la configuraci\u00f3n del consentimiento de cookies.<\/li>\n<li>La ventana emergente de consentimiento de cookies se puede personalizar f\u00e1cilmente.<\/li>\n<li>La configuraci\u00f3n de cookies se gestiona mediante una interfaz intuitiva.<\/li>\n<li>Los propietarios de sitios web cumplen con las normativas RGPD y CCPA.<\/li>\n<li>Se integran casos de uso como Google Analytics y Facebook Pixel.<\/li>\n<li>Las opciones de visualizaci\u00f3n del banner de consentimiento de cookies son flexibles.<\/li>\n<li>Se proporciona documentaci\u00f3n completa y asistencia al usuario.<\/li>\n<\/ul>\n","protected":false},"excerpt":{"rendered":"<p>Controle los datos, la privacidad y el cumplimiento del RGPD de su sitio web con PixelYourSite Consent Magic Pro. Este vers\u00e1til software simplifica la gesti\u00f3n del consentimiento de cookies y el seguimiento de usuarios, brind\u00e1ndole control total sobre qui\u00e9n es rastreado y qu\u00e9 datos se recopilan en su sitio. Mantenga la confianza de sus usuarios, mejore su SEO y cumpla con las normativas con PixelYourSite Consent Magic Pro. Empiece hoy mismo a optimizar la experiencia de su sitio web con esta herramienta intuitiva y completa.<\/p>\n","protected":false},"featured_media":169142,"comment_status":"open","ping_status":"open","template":"","meta":[],"product_brand":[2531],"product_cat":[1232,1206,1211],"product_tag":[1352],"class_list":{"0":"post-156630","1":"product","2":"type-product","3":"status-publish","4":"has-post-thumbnail","6":"product_brand-pixelyoursite","7":"product_cat-marketing-wordpress-plugins","8":"product_cat-plugins","9":"product_cat-wordpress-plugins","10":"product_tag-pixelyoursite","11":"member-discount","12":"discount-restricted","14":"first","15":"instock","16":"sale","17":"downloadable","18":"virtual","19":"sold-individually","20":"purchasable","21":"product-type-simple"},"_links":{"self":[{"href":"https:\/\/gpl-love.com\/es\/wp-json\/wp\/v2\/product\/156630","targetHints":{"allow":["GET"]}}],"collection":[{"href":"https:\/\/gpl-love.com\/es\/wp-json\/wp\/v2\/product"}],"about":[{"href":"https:\/\/gpl-love.com\/es\/wp-json\/wp\/v2\/types\/product"}],"replies":[{"embeddable":true,"href":"https:\/\/gpl-love.com\/es\/wp-json\/wp\/v2\/comments?post=156630"}],"wp:featuredmedia":[{"embeddable":true,"href":"https:\/\/gpl-love.com\/es\/wp-json\/wp\/v2\/media\/169142"}],"wp:attachment":[{"href":"https:\/\/gpl-love.com\/es\/wp-json\/wp\/v2\/media?parent=156630"}],"wp:term":[{"taxonomy":"product_brand","embeddable":true,"href":"https:\/\/gpl-love.com\/es\/wp-json\/wp\/v2\/product_brand?post=156630"},{"taxonomy":"product_cat","embeddable":true,"href":"https:\/\/gpl-love.com\/es\/wp-json\/wp\/v2\/product_cat?post=156630"},{"taxonomy":"product_tag","embeddable":true,"href":"https:\/\/gpl-love.com\/es\/wp-json\/wp\/v2\/product_tag?post=156630"}],"curies":[{"name":"wp","href":"https:\/\/api.w.org\/{rel}","templated":true}]}}