{"id":156629,"date":"2026-01-10T00:00:00","date_gmt":"2026-01-10T05:00:00","guid":{"rendered":"https:\/\/gpl-love.com\/es\/producto\/wp-sheet-editor-automations\/"},"modified":"2026-03-09T08:45:06","modified_gmt":"2026-03-09T13:45:06","slug":"wp-sheet-editor-automations","status":"publish","type":"product","link":"https:\/\/gpl-love.com\/es\/producto\/wp-sheet-editor-automations\/","title":{"rendered":"WP Sheet Editor Automations 1.1.0"},"content":{"rendered":"<h3>WP Sheet Editor Automations Caracteristicas<\/h3>\n<p>Presentamos WP Sheet Editor Automations, un producto potente e intuitivo dise\u00f1ado para simplificar la gesti\u00f3n de sitios web de WordPress. Con un control eficiente de datos, te permite actualizar de forma masiva y sencilla diversos aspectos de tu hoja de c\u00e1lculo de WordPress. Programa actualizaciones para tareas recurrentes seg\u00fan condiciones establecidas, eliminando la necesidad de introducir datos manualmente. Adem\u00e1s, puedes aplicar complejas condiciones IF\/ELSE para modificar celdas seg\u00fan criterios, optimizando las operaciones de tu organizaci\u00f3n. El software reacciona din\u00e1micamente a los cambios en tu hoja de c\u00e1lculo e inicia acciones en consecuencia: un equilibrio perfecto entre automatizaci\u00f3n inteligente y control total. Y con registros precisos de todas las actividades de automatizaci\u00f3n al alcance de tu mano, siempre estar\u00e1s al tanto de los cambios que ocurren en segundo plano. Aumenta la productividad, reduce errores y ahorra tiempo valioso con WP Sheet Editor Automations, el plugin definitivo para una eficiencia sin l\u00edmites y un funcionamiento fluido en tu plataforma WordPress.<\/p>\n<ul>\n<li>Desarrolla reglas para simplificar la actualizaci\u00f3n de varios elementos en tu hoja de c\u00e1lculo de WordPress.<\/li>\n<li>Programa actualizaciones para tareas recurrentes bajo condiciones espec\u00edficas.<\/li>\n<li>Implementa condiciones IF\/ELSE para modificar celdas seg\u00fan criterios espec\u00edficos.<\/li>\n<li>Supervisa las modificaciones en tu hoja de c\u00e1lculo e inicia acciones seg\u00fan los cambios.<\/li>\n<li>Controla y monitorea f\u00e1cilmente los cambios con un registro de todas las actividades de automatizaci\u00f3n.<\/li>\n<\/ul>\n","protected":false},"excerpt":{"rendered":"<p>El complemento Automatizaciones es una herramienta formidable de los plugins de WP Sheet Editor, que te permite automatizar numerosas tareas, como modificaciones masivas, exportaciones e importaciones, en varios editores de hojas de c\u00e1lculo de WordPress. Su capacidad para simplificar tus tareas diarias en unas pocas actividades programadas hace que este complemento sea incre\u00edblemente eficiente para aumentar tu productividad.<\/p>\n","protected":false},"featured_media":169138,"comment_status":"open","ping_status":"open","template":"","meta":[],"product_brand":[2637],"product_cat":[1212,1206,1211],"product_tag":[1566],"class_list":{"0":"post-156629","1":"product","2":"type-product","3":"status-publish","4":"has-post-thumbnail","6":"product_brand-wp-sheet-editor","7":"product_cat-administracion-wordpress-plugins","8":"product_cat-plugins","9":"product_cat-wordpress-plugins","10":"product_tag-wp-sheet-editor","11":"member-discount","12":"discount-restricted","14":"first","15":"instock","16":"sale","17":"downloadable","18":"virtual","19":"sold-individually","20":"purchasable","21":"product-type-simple"},"_links":{"self":[{"href":"https:\/\/gpl-love.com\/es\/wp-json\/wp\/v2\/product\/156629","targetHints":{"allow":["GET"]}}],"collection":[{"href":"https:\/\/gpl-love.com\/es\/wp-json\/wp\/v2\/product"}],"about":[{"href":"https:\/\/gpl-love.com\/es\/wp-json\/wp\/v2\/types\/product"}],"replies":[{"embeddable":true,"href":"https:\/\/gpl-love.com\/es\/wp-json\/wp\/v2\/comments?post=156629"}],"wp:featuredmedia":[{"embeddable":true,"href":"https:\/\/gpl-love.com\/es\/wp-json\/wp\/v2\/media\/169138"}],"wp:attachment":[{"href":"https:\/\/gpl-love.com\/es\/wp-json\/wp\/v2\/media?parent=156629"}],"wp:term":[{"taxonomy":"product_brand","embeddable":true,"href":"https:\/\/gpl-love.com\/es\/wp-json\/wp\/v2\/product_brand?post=156629"},{"taxonomy":"product_cat","embeddable":true,"href":"https:\/\/gpl-love.com\/es\/wp-json\/wp\/v2\/product_cat?post=156629"},{"taxonomy":"product_tag","embeddable":true,"href":"https:\/\/gpl-love.com\/es\/wp-json\/wp\/v2\/product_tag?post=156629"}],"curies":[{"name":"wp","href":"https:\/\/api.w.org\/{rel}","templated":true}]}}