{"id":156607,"date":"2025-07-23T00:00:00","date_gmt":"2025-07-23T05:00:00","guid":{"rendered":"https:\/\/gpl-love.com\/es\/producto\/eventon-yearly-view\/"},"modified":"2026-03-09T08:45:22","modified_gmt":"2026-03-09T13:45:22","slug":"eventon-yearly-view","status":"publish","type":"product","link":"https:\/\/gpl-love.com\/es\/producto\/eventon-yearly-view\/","title":{"rendered":"EventOn Yearly View 0.16"},"content":{"rendered":"<h3>EventOn Yearly View Caracteristicas<\/h3>\n<p>Descubra una nueva perspectiva para la planificaci\u00f3n de eventos con la Vista Anual de EventOn. Esta completa herramienta ofrece una vista anual detallada de EventOn, permiti\u00e9ndole ver todos sus eventos, desde la Vista Anual de EventOn hasta la Vista del Calendario Anual de Eventos, de un vistazo. La Vista Anual de EventOn presenta un Calendario Anual de EventOn con numerosas funciones y f\u00e1cil de navegar, ofreciendo una visi\u00f3n general anual de EventOn tan detallada como intuitiva. Ya sea que est\u00e9 planeando eventos para un mes, un trimestre o un a\u00f1o, la Vista Anual Detallada de EventOn le ofrece una visi\u00f3n clara y concisa de su calendario. La Vista Anual de EventOn le ayuda a planificar, preparar y perfeccionar sus eventos, asegur\u00e1ndose de estar siempre un paso por delante. Aproveche la comodidad del Calendario Anual de EventOn y mejore su proceso de planificaci\u00f3n de eventos. La Vista Anual de EventOn es la soluci\u00f3n definitiva para quienes buscan una forma simplificada y eficiente de gestionar sus eventos anualmente.<\/p>\n<ul>\n<li>Vista anual completa<\/li>\n<li>Interfaz intuitiva<\/li>\n<li>Marcadores de eventos personalizables<\/li>\n<li>Sincronizaci\u00f3n con calendarios digitales<\/li>\n<li>Formato imprimible disponible<\/li>\n<li>Seguimiento sencillo de eventos<\/li>\n<li>Acceso multiusuario<\/li>\n<li>Recordatorios<\/li>\n<li>Descripciones detalladas de eventos<\/li>\n<li>Selecci\u00f3n interactiva de fechas<\/li>\n<\/ul>\n","protected":false},"excerpt":{"rendered":"<p>Su vista del calendario anual de eventos y la vista anual de EventOn le permiten organizar su calendario eficazmente. Para un calendario anual de EventOn claro y detallado, elija EventOn Yearly Schedule. Su dise\u00f1o intuitivo y su interfaz intuitiva lo convierten en una herramienta imprescindible para la planificaci\u00f3n de sus eventos.<\/p>\n","protected":false},"featured_media":169151,"comment_status":"open","ping_status":"open","template":"","meta":[],"product_brand":[2444],"product_cat":[1214,1206,1211],"product_tag":[1292],"class_list":{"0":"post-156607","1":"product","2":"type-product","3":"status-publish","4":"has-post-thumbnail","6":"product_brand-eventon","7":"product_cat-personalizacion","8":"product_cat-plugins","9":"product_cat-wordpress-plugins","10":"product_tag-eventon","11":"member-discount","12":"discount-restricted","14":"first","15":"instock","16":"sale","17":"downloadable","18":"virtual","19":"sold-individually","20":"purchasable","21":"product-type-simple"},"_links":{"self":[{"href":"https:\/\/gpl-love.com\/es\/wp-json\/wp\/v2\/product\/156607","targetHints":{"allow":["GET"]}}],"collection":[{"href":"https:\/\/gpl-love.com\/es\/wp-json\/wp\/v2\/product"}],"about":[{"href":"https:\/\/gpl-love.com\/es\/wp-json\/wp\/v2\/types\/product"}],"replies":[{"embeddable":true,"href":"https:\/\/gpl-love.com\/es\/wp-json\/wp\/v2\/comments?post=156607"}],"wp:featuredmedia":[{"embeddable":true,"href":"https:\/\/gpl-love.com\/es\/wp-json\/wp\/v2\/media\/169151"}],"wp:attachment":[{"href":"https:\/\/gpl-love.com\/es\/wp-json\/wp\/v2\/media?parent=156607"}],"wp:term":[{"taxonomy":"product_brand","embeddable":true,"href":"https:\/\/gpl-love.com\/es\/wp-json\/wp\/v2\/product_brand?post=156607"},{"taxonomy":"product_cat","embeddable":true,"href":"https:\/\/gpl-love.com\/es\/wp-json\/wp\/v2\/product_cat?post=156607"},{"taxonomy":"product_tag","embeddable":true,"href":"https:\/\/gpl-love.com\/es\/wp-json\/wp\/v2\/product_tag?post=156607"}],"curies":[{"name":"wp","href":"https:\/\/api.w.org\/{rel}","templated":true}]}}