{"id":156603,"date":"2024-03-27T00:00:00","date_gmt":"2024-03-27T05:00:00","guid":{"rendered":"https:\/\/gpl-love.com\/es\/producto\/eventon-sync-events\/"},"modified":"2026-03-09T08:45:20","modified_gmt":"2026-03-09T13:45:20","slug":"eventon-sync-events","status":"publish","type":"product","link":"https:\/\/gpl-love.com\/es\/producto\/eventon-sync-events\/","title":{"rendered":"EventOn Sync Events 1.2.7"},"content":{"rendered":"<h3>EventOn Sync Events Caracteristicas<\/h3>\n<p>Optimiza la gesti\u00f3n de tus eventos con EventOn Sync Events. Esta innovadora herramienta te permite sincronizar eventos con EventOn sin problemas, asegurando que tu agenda se mantenga actualizada y organizada. La sincronizaci\u00f3n de eventos que ofrece EventOn es inigualable, brind\u00e1ndote un sistema confiable para todas tus necesidades de planificaci\u00f3n de eventos.<\/p>\n<p>Nuestras funciones de sincronizaci\u00f3n de EventOn est\u00e1n dise\u00f1adas pensando en la facilidad de uso. Con solo unos clics, puedes gestionar la sincronizaci\u00f3n de eventos al estilo EventOn, facilitando la planificaci\u00f3n de eventos. Esta herramienta no solo simplifica tus tareas, sino que tambi\u00e9n mejora tu productividad, permiti\u00e9ndote enfocarte en aspectos m\u00e1s importantes de tu evento.<\/p>\n<p>Tanto si eres un planificador de eventos profesional como si eres un principiante, EventOn Events Management te cubre las espaldas. Con EventOn Sync Events, obtienes m\u00e1s que una simple herramienta; obtienes un socio que garantiza que tus eventos se desarrollen sin problemas. Prueba EventOn Sync Events hoy mismo y experimenta la diferencia en la gesti\u00f3n de tus eventos.<\/p>\n<ul>\n<li>Sincronizaci\u00f3n avanzada de m\u00faltiples eventos<\/li>\n<li>Actualizaciones de eventos en tiempo real<\/li>\n<li>Calendario integrado<\/li>\n<li>Interfaz intuitiva<\/li>\n<li>Detalles de eventos personalizables<\/li>\n<li>Compatibilidad con varias zonas horarias<\/li>\n<li>Funciones de seguridad mejoradas<\/li>\n<li>Compatibilidad con dispositivos m\u00f3viles<\/li>\n<li>Seguimiento eficiente de eventos<\/li>\n<li>Integraci\u00f3n con redes sociales<\/li>\n<\/ul>\n","protected":false},"excerpt":{"rendered":"<p>Gestione la sincronizaci\u00f3n de eventos al estilo EventOn y agilice su proceso de planificaci\u00f3n. Mejore su productividad con la sincronizaci\u00f3n de eventos que ofrece EventOn, una herramienta dise\u00f1ada para simplificar y revolucionar la gesti\u00f3n de eventos.<\/p>\n","protected":false},"featured_media":169149,"comment_status":"open","ping_status":"open","template":"","meta":[],"product_brand":[2444],"product_cat":[1214,1206,1211],"product_tag":[1292],"class_list":{"0":"post-156603","1":"product","2":"type-product","3":"status-publish","4":"has-post-thumbnail","6":"product_brand-eventon","7":"product_cat-personalizacion","8":"product_cat-plugins","9":"product_cat-wordpress-plugins","10":"product_tag-eventon","11":"member-discount","12":"discount-restricted","14":"first","15":"instock","16":"sale","17":"downloadable","18":"virtual","19":"sold-individually","20":"purchasable","21":"product-type-simple"},"_links":{"self":[{"href":"https:\/\/gpl-love.com\/es\/wp-json\/wp\/v2\/product\/156603","targetHints":{"allow":["GET"]}}],"collection":[{"href":"https:\/\/gpl-love.com\/es\/wp-json\/wp\/v2\/product"}],"about":[{"href":"https:\/\/gpl-love.com\/es\/wp-json\/wp\/v2\/types\/product"}],"replies":[{"embeddable":true,"href":"https:\/\/gpl-love.com\/es\/wp-json\/wp\/v2\/comments?post=156603"}],"wp:featuredmedia":[{"embeddable":true,"href":"https:\/\/gpl-love.com\/es\/wp-json\/wp\/v2\/media\/169149"}],"wp:attachment":[{"href":"https:\/\/gpl-love.com\/es\/wp-json\/wp\/v2\/media?parent=156603"}],"wp:term":[{"taxonomy":"product_brand","embeddable":true,"href":"https:\/\/gpl-love.com\/es\/wp-json\/wp\/v2\/product_brand?post=156603"},{"taxonomy":"product_cat","embeddable":true,"href":"https:\/\/gpl-love.com\/es\/wp-json\/wp\/v2\/product_cat?post=156603"},{"taxonomy":"product_tag","embeddable":true,"href":"https:\/\/gpl-love.com\/es\/wp-json\/wp\/v2\/product_tag?post=156603"}],"curies":[{"name":"wp","href":"https:\/\/api.w.org\/{rel}","templated":true}]}}