{"id":156601,"date":"2025-09-17T00:00:00","date_gmt":"2025-09-17T05:00:00","guid":{"rendered":"https:\/\/gpl-love.com\/es\/producto\/eventon-speakers-and-schedule\/"},"modified":"2026-03-09T08:45:18","modified_gmt":"2026-03-09T13:45:18","slug":"eventon-speakers-and-schedule","status":"publish","type":"product","link":"https:\/\/gpl-love.com\/es\/producto\/eventon-speakers-and-schedule\/","title":{"rendered":"EventOn Speakers y Schedule 2.1.4"},"content":{"rendered":"<h3>EventOn Speakers y Schedule Caracteristicas<\/h3>\n<p>Sum\u00e9rgete en el mundo del sonido potente con los altavoces EventOn, dise\u00f1ados para que cada evento sea inolvidable. Nuestros altavoces ofrecen una calidad de audio inigualable, convirtiendo tu EventOn Schedule en una sinfon\u00eda de sonidos cautivadores. La armoniosa combinaci\u00f3n de altavoces y Schedule EventOn garantiza que tu evento se desarrolle a la perfecci\u00f3n, con un sonido impecable en todo momento.<\/p>\n<p>Un evento EventOn Speakers es m\u00e1s que una simple reuni\u00f3n; es una experiencia sonora. Cada Schedule EventOn se planifica meticulosamente para maximizar tu disfrute del audio. Con los altavoces EventOn y Schedule, tu evento se convierte en un espect\u00e1culo de brillantez sonora, garantizando que cada palabra, nota y ritmo se escuche con una claridad cristalina.<\/p>\n<p>Haz que tus eventos suenen tan bien como se ven con los altavoces EventOn. Ya sea una reuni\u00f3n, un concierto o una conferencia, EventOn Schedule garantiza una fluidez fluida, mientras que nuestros altavoces dan vida a cada momento. Experimenta la diferencia con los altavoces y Schedule EventOn: donde un sonido excepcional se une a una planificaci\u00f3n perfecta.<\/p>\n<ul>\n<li>Salida de audio de alta calidad<\/li>\n<li>Funci\u00f3n de programaci\u00f3n integrada<\/li>\n<li>Interfaz intuitiva<\/li>\n<li>Dise\u00f1o compacto y port\u00e1til<\/li>\n<li>Conectividad Bluetooth para transmisi\u00f3n inal\u00e1mbrica de audio<\/li>\n<li>Construcci\u00f3n robusta y duradera<\/li>\n<li>Funcionamiento de bajo consumo<\/li>\n<li>Compatible con varios dispositivos<\/li>\n<li>Configuraci\u00f3n avanzada del ecualizador para un sonido optimizado<\/li>\n<li>Incluye garant\u00eda y soporte al cliente<\/li>\n<\/ul>\n","protected":false},"excerpt":{"rendered":"<p>Gestiona tu agenda sin problemas con EventOn Schedule, una funci\u00f3n dise\u00f1ada para una organizaci\u00f3n impecable. Experimenta la combinaci\u00f3n perfecta de ponentes excepcionales y una programaci\u00f3n meticulosa con EventOn. \u00danete hoy mismo a la revoluci\u00f3n de los ponentes y la programaci\u00f3n de EventOn.<\/p>\n","protected":false},"featured_media":169148,"comment_status":"open","ping_status":"open","template":"","meta":[],"product_brand":[2444],"product_cat":[1214,1206,1211],"product_tag":[1292],"class_list":{"0":"post-156601","1":"product","2":"type-product","3":"status-publish","4":"has-post-thumbnail","6":"product_brand-eventon","7":"product_cat-personalizacion","8":"product_cat-plugins","9":"product_cat-wordpress-plugins","10":"product_tag-eventon","11":"member-discount","12":"discount-restricted","14":"first","15":"instock","16":"sale","17":"downloadable","18":"virtual","19":"sold-individually","20":"purchasable","21":"product-type-simple"},"_links":{"self":[{"href":"https:\/\/gpl-love.com\/es\/wp-json\/wp\/v2\/product\/156601","targetHints":{"allow":["GET"]}}],"collection":[{"href":"https:\/\/gpl-love.com\/es\/wp-json\/wp\/v2\/product"}],"about":[{"href":"https:\/\/gpl-love.com\/es\/wp-json\/wp\/v2\/types\/product"}],"replies":[{"embeddable":true,"href":"https:\/\/gpl-love.com\/es\/wp-json\/wp\/v2\/comments?post=156601"}],"wp:featuredmedia":[{"embeddable":true,"href":"https:\/\/gpl-love.com\/es\/wp-json\/wp\/v2\/media\/169148"}],"wp:attachment":[{"href":"https:\/\/gpl-love.com\/es\/wp-json\/wp\/v2\/media?parent=156601"}],"wp:term":[{"taxonomy":"product_brand","embeddable":true,"href":"https:\/\/gpl-love.com\/es\/wp-json\/wp\/v2\/product_brand?post=156601"},{"taxonomy":"product_cat","embeddable":true,"href":"https:\/\/gpl-love.com\/es\/wp-json\/wp\/v2\/product_cat?post=156601"},{"taxonomy":"product_tag","embeddable":true,"href":"https:\/\/gpl-love.com\/es\/wp-json\/wp\/v2\/product_tag?post=156601"}],"curies":[{"name":"wp","href":"https:\/\/api.w.org\/{rel}","templated":true}]}}