{"id":156599,"date":"2025-03-02T00:00:00","date_gmt":"2025-03-02T05:00:00","guid":{"rendered":"https:\/\/gpl-love.com\/es\/producto\/eventon-reminders\/"},"modified":"2026-03-09T08:45:17","modified_gmt":"2026-03-09T13:45:17","slug":"eventon-reminders","status":"publish","type":"product","link":"https:\/\/gpl-love.com\/es\/producto\/eventon-reminders\/","title":{"rendered":"EventOn Reminders 0.12"},"content":{"rendered":"<h3>EventOn Reminders Caracteristicas<\/h3>\n<p>Experimente una revoluci\u00f3n en la gesti\u00f3n de su agenda con EventOn Reminders. Nuestra plataforma est\u00e1 dise\u00f1ada para optimizar sus tareas con la optimizaci\u00f3n inteligente de EventOn Reminders. Hemos creado una interfaz intuitiva y f\u00e1cil de usar que se integra a la perfecci\u00f3n con su entorno digital, facilitando el seguimiento de eventos importantes.<\/p>\n<p>Nuestras estrategias de SEO para EventOn nos sit\u00faan a la vanguardia de la visibilidad online. Hemos integrado la optimizaci\u00f3n de contenido de EventOn de vanguardia para garantizar una experiencia de usuario fluida y atractiva. Entendemos la importancia del SEO para EventOn Reminders; no se trata solo de ser visto, sino de ser visto por la audiencia adecuada en el momento oportuno.<\/p>\n<p>Impulse el SEO de EventOn Reminders con nuestra plataforma, dise\u00f1ada para que usted se destaque. Dominamos la optimizaci\u00f3n de palabras clave de EventOn Reminders, lo que garantiza que nuestra herramienta aparezca justo cuando la necesita. Mejore el posicionamiento en buscadores de EventOn Reminders con nuestras soluciones innovadoras dise\u00f1adas para optimizar su productividad.<\/p>\n<p>Elija EventOn Reminders para una forma m\u00e1s inteligente y optimizada de gestionar sus&#8230;<\/p>\n<ul>\n<li>F\u00e1cil de configurar recordatorios para diversos eventos<\/li>\n<li>Se sincroniza con m\u00faltiples calendarios<\/li>\n<li>Compatible con la mayor\u00eda de los sistemas operativos<\/li>\n<li>Interfaz intuitiva<\/li>\n<li>Permite recordatorios recurrentes<\/li>\n<li>Alertas de recordatorio personalizables<\/li>\n<li>Comparte recordatorios<\/li>\n<li>Opci\u00f3n para categorizar recordatorios<\/li>\n<li>Ofrece opciones de notificaci\u00f3n como sonido, ventana emergente o correo electr\u00f3nico<\/li>\n<li>Funcionalidad sin conexi\u00f3n disponible<\/li>\n<\/ul>\n","protected":false},"excerpt":{"rendered":"<p>Experimente el poder de la optimizaci\u00f3n de EventOn Reminders, dise\u00f1ada espec\u00edficamente para optimizar palabras clave. Perm\u00edtanos ofrecerle una ruta hacia un SEO de primera clase para EventOn, garantizando que EventOn Reminders no solo tenga un mejor posicionamiento, sino que tambi\u00e9n llegue al p\u00fablico adecuado. Actualice ahora a EventOn Reminders y vea c\u00f3mo el posicionamiento SEO de su evento mejora significativamente.<\/p>\n","protected":false},"featured_media":169147,"comment_status":"open","ping_status":"open","template":"","meta":[],"product_brand":[2444],"product_cat":[1214,1206,1211],"product_tag":[1292],"class_list":{"0":"post-156599","1":"product","2":"type-product","3":"status-publish","4":"has-post-thumbnail","6":"product_brand-eventon","7":"product_cat-personalizacion","8":"product_cat-plugins","9":"product_cat-wordpress-plugins","10":"product_tag-eventon","11":"member-discount","12":"discount-restricted","14":"first","15":"instock","16":"sale","17":"downloadable","18":"virtual","19":"sold-individually","20":"purchasable","21":"product-type-simple"},"_links":{"self":[{"href":"https:\/\/gpl-love.com\/es\/wp-json\/wp\/v2\/product\/156599","targetHints":{"allow":["GET"]}}],"collection":[{"href":"https:\/\/gpl-love.com\/es\/wp-json\/wp\/v2\/product"}],"about":[{"href":"https:\/\/gpl-love.com\/es\/wp-json\/wp\/v2\/types\/product"}],"replies":[{"embeddable":true,"href":"https:\/\/gpl-love.com\/es\/wp-json\/wp\/v2\/comments?post=156599"}],"wp:featuredmedia":[{"embeddable":true,"href":"https:\/\/gpl-love.com\/es\/wp-json\/wp\/v2\/media\/169147"}],"wp:attachment":[{"href":"https:\/\/gpl-love.com\/es\/wp-json\/wp\/v2\/media?parent=156599"}],"wp:term":[{"taxonomy":"product_brand","embeddable":true,"href":"https:\/\/gpl-love.com\/es\/wp-json\/wp\/v2\/product_brand?post=156599"},{"taxonomy":"product_cat","embeddable":true,"href":"https:\/\/gpl-love.com\/es\/wp-json\/wp\/v2\/product_cat?post=156599"},{"taxonomy":"product_tag","embeddable":true,"href":"https:\/\/gpl-love.com\/es\/wp-json\/wp\/v2\/product_tag?post=156599"}],"curies":[{"name":"wp","href":"https:\/\/api.w.org\/{rel}","templated":true}]}}