{"id":156597,"date":"2026-01-06T00:00:00","date_gmt":"2026-01-06T05:00:00","guid":{"rendered":"https:\/\/gpl-love.com\/es\/producto\/eventon-pdfer\/"},"modified":"2026-03-09T08:45:16","modified_gmt":"2026-03-09T13:45:16","slug":"eventon-pdfer","status":"publish","type":"product","link":"https:\/\/gpl-love.com\/es\/producto\/eventon-pdfer\/","title":{"rendered":"EventOn PDFer 1.0.2"},"content":{"rendered":"<h3>EventOn PDFer Caracteristicas<\/h3>\n<p>Experimente el poder de optimizaci\u00f3n de EventOn PDFer, una herramienta revolucionaria dise\u00f1ada para optimizar sus flujos de trabajo. EventOn PDFer no es solo un producto, sino una soluci\u00f3n que ofrece una gran variedad de funciones que transformar\u00e1n su experiencia de gesti\u00f3n y compartici\u00f3n de documentos. Con las funciones de EventOn PDFer, optimizar sus archivos PDF es pan comido.<\/p>\n<p>La funci\u00f3n SEO de EventOn PDFer garantiza que sus documentos sean f\u00e1cilmente localizables, mejorando su visibilidad en l\u00ednea. Adem\u00e1s, la herramienta de optimizaci\u00f3n para motores de b\u00fasqueda de EventOn PDFer garantiza que sus archivos PDF tengan una mejor posici\u00f3n en los resultados de b\u00fasqueda. La soluci\u00f3n est\u00e1 dise\u00f1ada para mejorar la visibilidad de EventOn PDFer, haciendo que su contenido sea accesible y atractivo para su p\u00fablico.<\/p>\n<p>La funci\u00f3n de palabras clave de cola larga de EventOn PDFer ofrece una ventaja \u00fanica: le permite utilizar t\u00e9rminos de b\u00fasqueda espec\u00edficos relacionados con su contenido. Esto garantiza que sus documentos lleguen al p\u00fablico adecuado en todo momento. Con EventOn PDFer, tiene el poder de optimizar, atraer y mejorar su proceso de gesti\u00f3n documental. Experimente la diferencia hoy mismo.<\/p>\n<ul>\n<li>Interfaz f\u00e1cil de usar para crear archivos PDF<\/li>\n<li>Compatible con m\u00faltiples formatos de archivo<\/li>\n<li>Integrado con servicios de almacenamiento en la nube<\/li>\n<li>Admite conversi\u00f3n de archivos por lotes<\/li>\n<li>Edita textos, im\u00e1genes y p\u00e1ginas PDF<\/li>\n<li>Cifrado seguro para archivos PDF<\/li>\n<li>Funciones de optimizaci\u00f3n de archivos PDF<\/li>\n<li>Capacidad para a\u00f1adir firma digital y marca de agua<\/li>\n<li>Soporte multiling\u00fce<\/li>\n<li>Atenci\u00f3n al cliente eficiente y actualizaciones<\/li>\n<\/ul>\n","protected":false},"excerpt":{"rendered":"<p>Es una herramienta innovadora dise\u00f1ada para optimizar y mejorar la visibilidad en buscadores. Gracias a sus funciones \u00fanicas, optimizar EventOn PDFer es muy sencillo y mejora considerablemente su visibilidad. La herramienta SEO de EventOn PDFer utiliza palabras clave de cola larga y t\u00e9rminos de b\u00fasqueda espec\u00edficos, lo que garantiza que su contenido llegue al p\u00fablico adecuado. Experimente el poder de la optimizaci\u00f3n de EventOn PDFer y desbloquee el potencial de su contenido con nuestras funciones de vanguardia. Impulse su estrategia SEO con EventOn PDFer hoy mismo.<\/p>\n","protected":false},"featured_media":169146,"comment_status":"open","ping_status":"open","template":"","meta":[],"product_brand":[2444],"product_cat":[1214,1206,1211],"product_tag":[1292],"class_list":{"0":"post-156597","1":"product","2":"type-product","3":"status-publish","4":"has-post-thumbnail","6":"product_brand-eventon","7":"product_cat-personalizacion","8":"product_cat-plugins","9":"product_cat-wordpress-plugins","10":"product_tag-eventon","11":"member-discount","12":"discount-restricted","14":"first","15":"instock","16":"sale","17":"downloadable","18":"virtual","19":"sold-individually","20":"purchasable","21":"product-type-simple"},"_links":{"self":[{"href":"https:\/\/gpl-love.com\/es\/wp-json\/wp\/v2\/product\/156597","targetHints":{"allow":["GET"]}}],"collection":[{"href":"https:\/\/gpl-love.com\/es\/wp-json\/wp\/v2\/product"}],"about":[{"href":"https:\/\/gpl-love.com\/es\/wp-json\/wp\/v2\/types\/product"}],"replies":[{"embeddable":true,"href":"https:\/\/gpl-love.com\/es\/wp-json\/wp\/v2\/comments?post=156597"}],"wp:featuredmedia":[{"embeddable":true,"href":"https:\/\/gpl-love.com\/es\/wp-json\/wp\/v2\/media\/169146"}],"wp:attachment":[{"href":"https:\/\/gpl-love.com\/es\/wp-json\/wp\/v2\/media?parent=156597"}],"wp:term":[{"taxonomy":"product_brand","embeddable":true,"href":"https:\/\/gpl-love.com\/es\/wp-json\/wp\/v2\/product_brand?post=156597"},{"taxonomy":"product_cat","embeddable":true,"href":"https:\/\/gpl-love.com\/es\/wp-json\/wp\/v2\/product_cat?post=156597"},{"taxonomy":"product_tag","embeddable":true,"href":"https:\/\/gpl-love.com\/es\/wp-json\/wp\/v2\/product_tag?post=156597"}],"curies":[{"name":"wp","href":"https:\/\/api.w.org\/{rel}","templated":true}]}}