{"id":156595,"date":"2025-06-30T00:00:00","date_gmt":"2025-06-30T05:00:00","guid":{"rendered":"https:\/\/gpl-love.com\/es\/producto\/eventon-include-anything\/"},"modified":"2026-03-09T08:45:13","modified_gmt":"2026-03-09T13:45:13","slug":"eventon-include-anything","status":"publish","type":"product","link":"https:\/\/gpl-love.com\/es\/producto\/eventon-include-anything\/","title":{"rendered":"EventOn Include Anything 0.8"},"content":{"rendered":"<h3>EventOn Include Anything Caracteristicas<\/h3>\n<p>Impulsa la gesti\u00f3n de tus eventos con EventOn Include Anything, una herramienta din\u00e1mica dise\u00f1ada para optimizar el proceso de planificaci\u00f3n. EventOn Include Anything no es una herramienta cualquiera, es una herramienta revolucionaria en cuanto a organizaci\u00f3n de eventos y SEO. Sum\u00e9rgete en el mundo de EventOn SEO y experimenta un cambio radical en tu visibilidad online.<\/p>\n<p>Esta herramienta est\u00e1 dise\u00f1ada para EventOn Optimization, lo que permite una integraci\u00f3n perfecta con tu sitio web y mejora su rendimiento. Con SEO para EventOn, no solo est\u00e1s planificando un evento, sino optimizando tu presencia online.<\/p>\n<p>Include Anything SEO forma parte de esta herramienta y garantiza que cada detalle de tu evento reciba la atenci\u00f3n que merece. Entiende que cada evento es \u00fanico y debe tratarse como tal. Optimize Include Anything es el mantra utilizado para desarrollar esta herramienta: se trata de hacer que tu evento brille online.<\/p>\n<p>Include Anything Optimization es una funci\u00f3n fant\u00e1stica que garantiza que cada detalle est\u00e9 perfectamente optimizado para obtener los mejores resultados SEO. EventOn Include Anything SEO es la combinaci\u00f3n perfecta de gesti\u00f3n de eventos y<\/p>\n<ul>\n<li>Herramienta vers\u00e1til para la planificaci\u00f3n de eventos<\/li>\n<li>Incluye una gu\u00eda de planificaci\u00f3n completa<\/li>\n<li>Personalizable seg\u00fan el tipo de evento<\/li>\n<li>Interfaz f\u00e1cil de usar para una configuraci\u00f3n r\u00e1pida<\/li>\n<li>M\u00faltiples opciones de temas para una est\u00e9tica personalizada<\/li>\n<li>Calendario integrado para programaci\u00f3n y recordatorios<\/li>\n<li>Permite a\u00f1adir un n\u00famero ilimitado de invitados o asistentes<\/li>\n<li>Opci\u00f3n para incluir actividades o sesiones personalizadas<\/li>\n<li>Ofrece actualizaciones y notificaciones en tiempo real<\/li>\n<li>Compatible con diversas plataformas digitales para un f\u00e1cil acceso<\/li>\n<\/ul>\n","protected":false},"excerpt":{"rendered":"<p>Con la Optimizaci\u00f3n de EventOn para Incluir Cualquier Cosa, disfrutar\u00e1 de una flexibilidad y eficiencia inigualables. Optimice la Optimizaci\u00f3n de EventOn para Incluir Cualquier Cosa y convierta sus eventos en experiencias inolvidables.<\/p>\n","protected":false},"featured_media":169144,"comment_status":"open","ping_status":"open","template":"","meta":[],"product_brand":[2444],"product_cat":[1214,1206,1211],"product_tag":[1292],"class_list":{"0":"post-156595","1":"product","2":"type-product","3":"status-publish","4":"has-post-thumbnail","6":"product_brand-eventon","7":"product_cat-personalizacion","8":"product_cat-plugins","9":"product_cat-wordpress-plugins","10":"product_tag-eventon","11":"member-discount","12":"discount-restricted","14":"first","15":"instock","16":"sale","17":"downloadable","18":"virtual","19":"sold-individually","20":"purchasable","21":"product-type-simple"},"_links":{"self":[{"href":"https:\/\/gpl-love.com\/es\/wp-json\/wp\/v2\/product\/156595","targetHints":{"allow":["GET"]}}],"collection":[{"href":"https:\/\/gpl-love.com\/es\/wp-json\/wp\/v2\/product"}],"about":[{"href":"https:\/\/gpl-love.com\/es\/wp-json\/wp\/v2\/types\/product"}],"replies":[{"embeddable":true,"href":"https:\/\/gpl-love.com\/es\/wp-json\/wp\/v2\/comments?post=156595"}],"wp:featuredmedia":[{"embeddable":true,"href":"https:\/\/gpl-love.com\/es\/wp-json\/wp\/v2\/media\/169144"}],"wp:attachment":[{"href":"https:\/\/gpl-love.com\/es\/wp-json\/wp\/v2\/media?parent=156595"}],"wp:term":[{"taxonomy":"product_brand","embeddable":true,"href":"https:\/\/gpl-love.com\/es\/wp-json\/wp\/v2\/product_brand?post=156595"},{"taxonomy":"product_cat","embeddable":true,"href":"https:\/\/gpl-love.com\/es\/wp-json\/wp\/v2\/product_cat?post=156595"},{"taxonomy":"product_tag","embeddable":true,"href":"https:\/\/gpl-love.com\/es\/wp-json\/wp\/v2\/product_tag?post=156595"}],"curies":[{"name":"wp","href":"https:\/\/api.w.org\/{rel}","templated":true}]}}