{"id":156593,"date":"2025-10-28T00:00:00","date_gmt":"2025-10-28T05:00:00","guid":{"rendered":"https:\/\/gpl-love.com\/es\/producto\/eventon-ics-importer\/"},"modified":"2026-03-09T08:45:12","modified_gmt":"2026-03-09T13:45:12","slug":"eventon-ics-importer","status":"publish","type":"product","link":"https:\/\/gpl-love.com\/es\/producto\/eventon-ics-importer\/","title":{"rendered":"EventOn ICS importer 2.0.6"},"content":{"rendered":"<h3>EventOn ICS importer Caracteristicas<\/h3>\n<p>Presentamos el Importador de ICS de EventOn, la soluci\u00f3n definitiva para gestionar eventos f\u00e1cilmente. Esta potente herramienta te permite importar ICS con EventOn sin problemas, optimizando as\u00ed la gesti\u00f3n de tus eventos.<\/p>\n<p>El Importador de EventOn est\u00e1 especialmente dise\u00f1ado para ayudarte a importar eventos ICS, para que puedas centrarte en crear experiencias memorables en lugar de ocuparte de tecnicismos. Con \u00e9l, puedes convertir f\u00e1cilmente tus archivos ICS en eventos de EventOn, facilitando al m\u00e1ximo que tu p\u00fablico siga tu agenda.<\/p>\n<p>Utiliza la funci\u00f3n ICS de EventOn y ahorra incontables horas de trabajo manual. Esta herramienta no solo simplifica tu flujo de trabajo, sino que tambi\u00e9n mejora tu posicionamiento SEO, garantizando que tus eventos sean encontrados por el p\u00fablico adecuado.<\/p>\n<p>El Importador de ICS de EventOn es perfecto para profesionales que valoran la eficiencia y la productividad. Es una herramienta revolucionaria que te permite controlar la gesti\u00f3n de tus eventos.<\/p>\n<p>Importa archivos ICS a EventOn con solo unos clics con EventOn ICS.<\/p>\n<ul>\n<li>Permite la importaci\u00f3n masiva de eventos desde archivos .ics<\/li>\n<li>Simplifica el proceso de llenado de su calendario de eventos<\/li>\n<li>Compatible con las principales aplicaciones de calendario que generan archivos .ics<\/li>\n<li>Interfaz intuitiva que facilita y agiliza el proceso de importaci\u00f3n<\/li>\n<li>Permite la importaci\u00f3n selectiva de eventos seg\u00fan categor\u00edas<\/li>\n<li>Admite la importaci\u00f3n de eventos recurrentes<\/li>\n<li>Opci\u00f3n para actualizar autom\u00e1ticamente los eventos existentes<\/li>\n<li>Mapeo de campos personalizado para alinearse con su estructura actual de eventos<\/li>\n<li>Proporciona informes de errores en caso de importaciones fallidas<\/li>\n<li>Compatible con la mayor\u00eda de los plugins y software de gesti\u00f3n de eventos.<\/li>\n<\/ul>\n","protected":false},"excerpt":{"rendered":"<p>Usa EventOn ICS para gestionar, integrar y optimizar tus eventos. Con ICS EventOn Importer, importar archivos ICS es facil\u00edsimo. Disfruta de la comodidad de EventOn Import ICS Files y optimiza la planificaci\u00f3n de tus eventos.<\/p>\n","protected":false},"featured_media":169143,"comment_status":"open","ping_status":"open","template":"","meta":[],"product_brand":[2444],"product_cat":[1214,1206,1211],"product_tag":[1292],"class_list":{"0":"post-156593","1":"product","2":"type-product","3":"status-publish","4":"has-post-thumbnail","6":"product_brand-eventon","7":"product_cat-personalizacion","8":"product_cat-plugins","9":"product_cat-wordpress-plugins","10":"product_tag-eventon","11":"member-discount","12":"discount-restricted","14":"first","15":"instock","16":"sale","17":"downloadable","18":"virtual","19":"sold-individually","20":"purchasable","21":"product-type-simple"},"_links":{"self":[{"href":"https:\/\/gpl-love.com\/es\/wp-json\/wp\/v2\/product\/156593","targetHints":{"allow":["GET"]}}],"collection":[{"href":"https:\/\/gpl-love.com\/es\/wp-json\/wp\/v2\/product"}],"about":[{"href":"https:\/\/gpl-love.com\/es\/wp-json\/wp\/v2\/types\/product"}],"replies":[{"embeddable":true,"href":"https:\/\/gpl-love.com\/es\/wp-json\/wp\/v2\/comments?post=156593"}],"wp:featuredmedia":[{"embeddable":true,"href":"https:\/\/gpl-love.com\/es\/wp-json\/wp\/v2\/media\/169143"}],"wp:attachment":[{"href":"https:\/\/gpl-love.com\/es\/wp-json\/wp\/v2\/media?parent=156593"}],"wp:term":[{"taxonomy":"product_brand","embeddable":true,"href":"https:\/\/gpl-love.com\/es\/wp-json\/wp\/v2\/product_brand?post=156593"},{"taxonomy":"product_cat","embeddable":true,"href":"https:\/\/gpl-love.com\/es\/wp-json\/wp\/v2\/product_cat?post=156593"},{"taxonomy":"product_tag","embeddable":true,"href":"https:\/\/gpl-love.com\/es\/wp-json\/wp\/v2\/product_tag?post=156593"}],"curies":[{"name":"wp","href":"https:\/\/api.w.org\/{rel}","templated":true}]}}