{"id":156518,"date":"2025-12-15T00:00:00","date_gmt":"2025-12-15T05:00:00","guid":{"rendered":"https:\/\/gpl-love.com\/es\/producto\/bricks-brickscore\/"},"modified":"2026-03-28T17:16:50","modified_gmt":"2026-03-28T22:16:50","slug":"bricks-brickscore","status":"publish","type":"product","link":"https:\/\/gpl-love.com\/es\/producto\/bricks-brickscore\/","title":{"rendered":"Next Bricks Brickscore 2.2.9"},"content":{"rendered":"<h3>Next Bricks Brickscore Caracteristicas<\/h3>\n","protected":false},"excerpt":{"rendered":"<p>Brickscore presenta un conjunto selecto de componentes dise\u00f1ados espec\u00edficamente para enriquecer la experiencia de creaci\u00f3n con Bricks Builder. Con m\u00e1s de 40 componentes que se integran a la perfecci\u00f3n con las bibliotecas JavaScript m\u00e1s conocidas, Brickscore ofrece funcionalidades exclusivas creadas para su ecosistema. Cada elemento est\u00e1 meticulosamente dise\u00f1ado, cumpliendo con los m\u00e1s altos est\u00e1ndares de accesibilidad, SEO y dise\u00f1o fluido para garantizar un rendimiento \u00f3ptimo en todos los dispositivos. Adem\u00e1s, Brickscore ofrece m\u00f3dulos web de primer nivel, f\u00e1cilmente adaptables, que permiten a los desarrolladores crear r\u00e1pidamente sitios web premium con facilidad.<\/p>\n","protected":false},"featured_media":169136,"comment_status":"open","ping_status":"open","template":"","meta":[],"product_brand":[2678],"product_cat":[1214,1206,1211],"product_tag":[2315],"class_list":{"0":"post-156518","1":"product","2":"type-product","3":"status-publish","4":"has-post-thumbnail","6":"product_brand-brickscore","7":"product_cat-personalizacion","8":"product_cat-plugins","9":"product_cat-wordpress-plugins","10":"product_tag-brickscore","11":"member-discount","12":"discount-restricted","14":"first","15":"instock","16":"sale","17":"downloadable","18":"virtual","19":"sold-individually","20":"purchasable","21":"product-type-simple"},"_links":{"self":[{"href":"https:\/\/gpl-love.com\/es\/wp-json\/wp\/v2\/product\/156518","targetHints":{"allow":["GET"]}}],"collection":[{"href":"https:\/\/gpl-love.com\/es\/wp-json\/wp\/v2\/product"}],"about":[{"href":"https:\/\/gpl-love.com\/es\/wp-json\/wp\/v2\/types\/product"}],"replies":[{"embeddable":true,"href":"https:\/\/gpl-love.com\/es\/wp-json\/wp\/v2\/comments?post=156518"}],"wp:featuredmedia":[{"embeddable":true,"href":"https:\/\/gpl-love.com\/es\/wp-json\/wp\/v2\/media\/169136"}],"wp:attachment":[{"href":"https:\/\/gpl-love.com\/es\/wp-json\/wp\/v2\/media?parent=156518"}],"wp:term":[{"taxonomy":"product_brand","embeddable":true,"href":"https:\/\/gpl-love.com\/es\/wp-json\/wp\/v2\/product_brand?post=156518"},{"taxonomy":"product_cat","embeddable":true,"href":"https:\/\/gpl-love.com\/es\/wp-json\/wp\/v2\/product_cat?post=156518"},{"taxonomy":"product_tag","embeddable":true,"href":"https:\/\/gpl-love.com\/es\/wp-json\/wp\/v2\/product_tag?post=156518"}],"curies":[{"name":"wp","href":"https:\/\/api.w.org\/{rel}","templated":true}]}}