{"id":156378,"date":"2025-10-29T00:00:00","date_gmt":"2025-10-29T05:00:00","guid":{"rendered":"https:\/\/gpl-love.com\/es\/?post_type=product&#038;p=156378"},"modified":"2026-03-09T08:45:00","modified_gmt":"2026-03-09T13:45:00","slug":"fooevents-calendar-1-7-1","status":"publish","type":"product","link":"https:\/\/gpl-love.com\/es\/producto\/fooevents-calendar-1-7-1\/","title":{"rendered":"FooEvents Calendar 1.7.12"},"content":{"rendered":"<h3>FooEvents Calendar Caracteristicas<\/h3>\n","protected":false},"excerpt":{"rendered":"<p>Potencia tus eventos de WordPress con el elegante Calendario de FooEvents. Mu\u00e9stralos f\u00e1cilmente mediante widgets sencillos o c\u00f3digos cortos concisos, transformando cualquier entrada, p\u00e1gina o tipo de contenido personalizado de WordPress en un evento atractivo con un dise\u00f1o de calendario estilizado. Este m\u00e9todo exclusivo hace que el Calendario de FooEvents sea sumamente adaptable e incre\u00edblemente f\u00e1cil de usar. Aprovecha la funcionalidad sin igual de nuestro plugin gratuito de Calendario de FooEvents para revolucionar la forma en que gestionas y muestras los eventos en tu sitio web de WordPress.<\/p>\n","protected":false},"featured_media":169134,"comment_status":"open","ping_status":"open","template":"","meta":[],"product_brand":[2458],"product_cat":[1214,1206,1211],"product_tag":[2203],"class_list":{"0":"post-156378","1":"product","2":"type-product","3":"status-publish","4":"has-post-thumbnail","6":"product_brand-fooevents","7":"product_cat-personalizacion","8":"product_cat-plugins","9":"product_cat-wordpress-plugins","10":"product_tag-fooevents","11":"member-discount","12":"discount-restricted","14":"first","15":"instock","16":"sale","17":"downloadable","18":"virtual","19":"sold-individually","20":"purchasable","21":"product-type-simple"},"_links":{"self":[{"href":"https:\/\/gpl-love.com\/es\/wp-json\/wp\/v2\/product\/156378","targetHints":{"allow":["GET"]}}],"collection":[{"href":"https:\/\/gpl-love.com\/es\/wp-json\/wp\/v2\/product"}],"about":[{"href":"https:\/\/gpl-love.com\/es\/wp-json\/wp\/v2\/types\/product"}],"replies":[{"embeddable":true,"href":"https:\/\/gpl-love.com\/es\/wp-json\/wp\/v2\/comments?post=156378"}],"wp:featuredmedia":[{"embeddable":true,"href":"https:\/\/gpl-love.com\/es\/wp-json\/wp\/v2\/media\/169134"}],"wp:attachment":[{"href":"https:\/\/gpl-love.com\/es\/wp-json\/wp\/v2\/media?parent=156378"}],"wp:term":[{"taxonomy":"product_brand","embeddable":true,"href":"https:\/\/gpl-love.com\/es\/wp-json\/wp\/v2\/product_brand?post=156378"},{"taxonomy":"product_cat","embeddable":true,"href":"https:\/\/gpl-love.com\/es\/wp-json\/wp\/v2\/product_cat?post=156378"},{"taxonomy":"product_tag","embeddable":true,"href":"https:\/\/gpl-love.com\/es\/wp-json\/wp\/v2\/product_tag?post=156378"}],"curies":[{"name":"wp","href":"https:\/\/api.w.org\/{rel}","templated":true}]}}