{"id":156374,"date":"2026-02-26T00:00:00","date_gmt":"2026-02-26T05:00:00","guid":{"rendered":"https:\/\/gpl-love.com\/es\/producto\/newsletter-forminator\/"},"modified":"2026-03-09T08:44:57","modified_gmt":"2026-03-09T13:44:57","slug":"newsletter-forminator","status":"publish","type":"product","link":"https:\/\/gpl-love.com\/es\/producto\/newsletter-forminator\/","title":{"rendered":"Newsletter Forminator 1.2.2"},"content":{"rendered":"<h3>Newsletter Forminator Caracteristicas<\/h3>\n<p>Optimiza tus estrategias de email marketing con el complemento Newsletter Forminator. Se integra a la perfecci\u00f3n con Forminator, permiti\u00e9ndote recopilar direcciones de correo electr\u00f3nico y nutrir leads de forma eficaz. Con opciones de personalizaci\u00f3n avanzadas, una gesti\u00f3n sencilla de suscriptores y sincronizaci\u00f3n directa con el plugin Newsletter, es una herramienta esencial para facilitar una comunicaci\u00f3n personalizada y de alta calidad. Elige la opci\u00f3n inteligente para tu sitio web de WordPress y observa c\u00f3mo mejora significativamente la interacci\u00f3n con tus suscriptores.<\/p>\n<ul>\n<li>Integraci\u00f3n con el plugin Forminator<\/li>\n<li>Captura directa de direcciones de correo electr\u00f3nico mediante formularios de Forminator<\/li>\n<li>Sincronizaci\u00f3n de direcciones de correo electr\u00f3nico con el plugin de bolet\u00edn informativo<\/li>\n<li>Posibilidad de a\u00f1adir usuarios a listas de correo electr\u00f3nico espec\u00edficas<\/li>\n<li>Personalizaci\u00f3n de mensajes de suscripci\u00f3n y correos electr\u00f3nicos de confirmaci\u00f3n<\/li>\n<li>Gesti\u00f3n sencilla de suscriptores al bolet\u00edn informativo desde el panel de WordPress<\/li>\n<\/ul>\n","protected":false},"excerpt":{"rendered":"<p>Mejora la interacci\u00f3n con tus suscriptores con el intuitivo complemento Forminator para el plugin de boletines. Conocido por sus numerosas funciones (incluso en su versi\u00f3n gratuita) y su dise\u00f1o sencillo, Forminator permite integrar r\u00e1pidamente formularios de contacto en el proceso de suscripci\u00f3n a tu bolet\u00edn, optimizando la funcionalidad y la experiencia interactiva de tu sitio web WordPress.<\/p>\n","protected":false},"featured_media":169132,"comment_status":"open","ping_status":"open","template":"","meta":[],"product_brand":[2506],"product_cat":[1214,1206,1211],"product_tag":[2211],"class_list":{"0":"post-156374","1":"product","2":"type-product","3":"status-publish","4":"has-post-thumbnail","6":"product_brand-newsletter","7":"product_cat-personalizacion","8":"product_cat-plugins","9":"product_cat-wordpress-plugins","10":"product_tag-newsletter","11":"member-discount","12":"discount-restricted","14":"first","15":"instock","16":"sale","17":"downloadable","18":"virtual","19":"sold-individually","20":"purchasable","21":"product-type-simple"},"_links":{"self":[{"href":"https:\/\/gpl-love.com\/es\/wp-json\/wp\/v2\/product\/156374","targetHints":{"allow":["GET"]}}],"collection":[{"href":"https:\/\/gpl-love.com\/es\/wp-json\/wp\/v2\/product"}],"about":[{"href":"https:\/\/gpl-love.com\/es\/wp-json\/wp\/v2\/types\/product"}],"replies":[{"embeddable":true,"href":"https:\/\/gpl-love.com\/es\/wp-json\/wp\/v2\/comments?post=156374"}],"wp:featuredmedia":[{"embeddable":true,"href":"https:\/\/gpl-love.com\/es\/wp-json\/wp\/v2\/media\/169132"}],"wp:attachment":[{"href":"https:\/\/gpl-love.com\/es\/wp-json\/wp\/v2\/media?parent=156374"}],"wp:term":[{"taxonomy":"product_brand","embeddable":true,"href":"https:\/\/gpl-love.com\/es\/wp-json\/wp\/v2\/product_brand?post=156374"},{"taxonomy":"product_cat","embeddable":true,"href":"https:\/\/gpl-love.com\/es\/wp-json\/wp\/v2\/product_cat?post=156374"},{"taxonomy":"product_tag","embeddable":true,"href":"https:\/\/gpl-love.com\/es\/wp-json\/wp\/v2\/product_tag?post=156374"}],"curies":[{"name":"wp","href":"https:\/\/api.w.org\/{rel}","templated":true}]}}