{"id":156307,"date":"2026-04-18T00:00:00","date_gmt":"2026-04-18T05:00:00","guid":{"rendered":"https:\/\/gpl-love.com\/es\/producto\/wpc-frequently-bought-together-for-woocommerce\/"},"modified":"2026-04-18T17:17:14","modified_gmt":"2026-04-18T22:17:14","slug":"wpc-frequently-bought-together-for-woocommerce","status":"publish","type":"product","link":"https:\/\/gpl-love.com\/es\/producto\/wpc-frequently-bought-together-for-woocommerce\/","title":{"rendered":"WPC Frequently Bought Together para WooCommerce 7.8.1"},"content":{"rendered":"<h3>WPC Frequently Bought Together para WooCommerce Caracteristicas<\/h3>\n<p>Desbloquea todo el potencial de tu tienda WooCommerce con el plugin WPC Frequently Bought Together. Este potente plugin para agrupar productos en WooCommerce est\u00e1 dise\u00f1ado para aumentar las ventas sin esfuerzo, recomendando productos que se complementan entre s\u00ed. Imagina impulsar las ventas de WooCommerce con paquetes de productos que animen a los clientes a a\u00f1adir m\u00e1s art\u00edculos a sus carritos, aumentando as\u00ed el valor medio de los pedidos.<\/p>\n<p>Configurar la funci\u00f3n Frequently Bought Together de WooCommerce es muy sencillo, lo que permite una r\u00e1pida optimizaci\u00f3n de la tienda. El plugin WPC es uno de los mejores plugins de WooCommerce para recomendaciones de productos, ya que proporciona estrategias efectivas de venta cruzada que mejoran la experiencia de compra. Al ofrecer sugerencias de productos personalizadas, es m\u00e1s probable que los clientes encuentren valor en comprar art\u00edculos complementarios.<\/p>\n<p>Este plugin no solo optimiza las tiendas WooCommerce, sino que tambi\u00e9n fomenta una experiencia de compra fluida, animando a los clientes a explorar y comprar m\u00e1s. Ya sea sugiriendo accesorios relacionados o productos complementarios, el plugin WPC garantiza que cada sugerencia sea natural y relevante. Experimenta un aumento transformador en las ventas y la satisfacci\u00f3n del cliente con el plugin WPC Frequently Bought Together para WooCommerce.<\/p>\n<ul>\n<li>Se integra perfectamente con WooCommerce para potenciar las estrategias de venta cruzada.<\/li>\n<li><\/li>\n<li>Sugiere autom\u00e1ticamente productos complementarios para aumentar el valor medio de los pedidos.<\/li>\n<li><\/li>\n<li>Opciones de visualizaci\u00f3n personalizables para adaptarse a la imagen de marca y el dise\u00f1o de la tienda.<\/li>\n<li><\/li>\n<li>Interfaz de usuario intuitiva para una configuraci\u00f3n y gesti\u00f3n sencillas.<\/li>\n<li><\/li>\n<li>Permite la selecci\u00f3n manual de productos relacionados para obtener recomendaciones personalizadas.<\/li>\n<li><\/li>\n<li>An\u00e1lisis avanzados para monitorizar el rendimiento y optimizar las sugerencias.<\/li>\n<li><\/li>\n<li>Dise\u00f1o adaptable a m\u00f3viles que garantiza una experiencia de compra fluida en cualquier dispositivo.<\/li>\n<li><\/li>\n<li>Compatible con una amplia gama de temas y plugins de WooCommerce.<\/li>\n<li><\/li>\n<li>Ligero y optimizado para tiempos de carga r\u00e1pidos.<\/li>\n<li><\/li>\n<li>Actualizaciones y soporte regulares para garantizar la compatibilidad con las \u00faltimas versiones de WooCommerce.<\/li>\n<\/ul>\n","protected":false},"excerpt":{"rendered":"<p>Desata todo el potencial de tu tienda WooCommerce con el plugin WPC Frequently Bought Together. Perfecto para quienes buscan aumentar sus ventas, este plugin de WooCommerce para crear paquetes de productos se integra a la perfecci\u00f3n con tu configuraci\u00f3n actual. Crea sin esfuerzo atractivos paquetes de productos y observa c\u00f3mo se disparan tus ventas. Al utilizar estrategias efectivas de venta cruzada de WooCommerce con el plugin WPC, los propietarios de tiendas pueden aumentar significativamente el valor promedio de sus pedidos. Mejora tu tienda WooCommerce con esta funci\u00f3n de \u00abComprados juntos frecuentemente\u00bb, reconocida como uno de los mejores plugins de WooCommerce para recomendaciones de productos. Optimiza tu tienda hoy mismo y lleva tu negocio de comercio electr\u00f3nico al siguiente nivel con el plugin WPC.<\/p>\n","protected":false},"featured_media":169131,"comment_status":"open","ping_status":"open","template":"","meta":[],"product_brand":[2676],"product_cat":[1207,1248,1206],"product_tag":[2313],"class_list":{"0":"post-156307","1":"product","2":"type-product","3":"status-publish","4":"has-post-thumbnail","6":"product_brand-wpclever","7":"product_cat-comercio-electronico-plugins","8":"product_cat-personalizacion-comercio-electronico-plugins","9":"product_cat-plugins","10":"product_tag-wpclever","11":"member-discount","12":"discount-restricted","14":"first","15":"instock","16":"sale","17":"downloadable","18":"virtual","19":"sold-individually","20":"purchasable","21":"product-type-simple"},"_links":{"self":[{"href":"https:\/\/gpl-love.com\/es\/wp-json\/wp\/v2\/product\/156307","targetHints":{"allow":["GET"]}}],"collection":[{"href":"https:\/\/gpl-love.com\/es\/wp-json\/wp\/v2\/product"}],"about":[{"href":"https:\/\/gpl-love.com\/es\/wp-json\/wp\/v2\/types\/product"}],"replies":[{"embeddable":true,"href":"https:\/\/gpl-love.com\/es\/wp-json\/wp\/v2\/comments?post=156307"}],"wp:featuredmedia":[{"embeddable":true,"href":"https:\/\/gpl-love.com\/es\/wp-json\/wp\/v2\/media\/169131"}],"wp:attachment":[{"href":"https:\/\/gpl-love.com\/es\/wp-json\/wp\/v2\/media?parent=156307"}],"wp:term":[{"taxonomy":"product_brand","embeddable":true,"href":"https:\/\/gpl-love.com\/es\/wp-json\/wp\/v2\/product_brand?post=156307"},{"taxonomy":"product_cat","embeddable":true,"href":"https:\/\/gpl-love.com\/es\/wp-json\/wp\/v2\/product_cat?post=156307"},{"taxonomy":"product_tag","embeddable":true,"href":"https:\/\/gpl-love.com\/es\/wp-json\/wp\/v2\/product_tag?post=156307"}],"curies":[{"name":"wp","href":"https:\/\/api.w.org\/{rel}","templated":true}]}}