{"id":156305,"date":"2026-03-18T00:00:00","date_gmt":"2026-03-18T05:00:00","guid":{"rendered":"https:\/\/gpl-love.com\/es\/producto\/wpc-added-to-cart-notification-for-woocommerce\/"},"modified":"2026-03-18T23:16:54","modified_gmt":"2026-03-19T04:16:54","slug":"wpc-added-to-cart-notification-for-woocommerce","status":"publish","type":"product","link":"https:\/\/gpl-love.com\/es\/producto\/wpc-added-to-cart-notification-for-woocommerce\/","title":{"rendered":"WPC Added To Cart Notification para WooCommerce 3.1.9"},"content":{"rendered":"<h3>WPC Added To Cart Notification para WooCommerce Caracteristicas<\/h3>\n<p>Descubre el poder transformador de WPC Added To Cart Notification para WooCommerce, un plugin que mejora la experiencia de compra e impulsa la interacci\u00f3n con el cliente. Tanto si buscas una gu\u00eda de configuraci\u00f3n completa como si tienes curiosidad por saber c\u00f3mo usar el plugin WPC Added To Cart Notification, esta herramienta se integra a la perfecci\u00f3n con cualquier tienda WooCommerce. Los consejos de personalizaci\u00f3n y las mejores pr\u00e1cticas para WPC Added To Cart Notification WooCommerce garantizan que las notificaciones se alineen perfectamente con la est\u00e9tica y la marca de tu tienda.<\/p>\n<p>\u00bfEst\u00e1s pensando en comprarlo? Un an\u00e1lisis de WPC Added To Cart Notification WooCommerce destaca sus caracter\u00edsticas m\u00e1s importantes, desde alertas personalizables hasta interfaces intuitivas. Instalar el plugin WPC Added To Cart Notification WooCommerce es muy sencillo y ofrece beneficios inmediatos como una mejor comunicaci\u00f3n y una experiencia de usuario optimizada. Para quienes comparan plugins de notificaci\u00f3n de art\u00edculos a\u00f1adidos al carrito para WooCommerce, esta opci\u00f3n destaca por sus s\u00f3lidas funcionalidades y su facilidad de uso.<\/p>\n<p>Mejora tu WooCommerce con WPC Added To Cart Notification optimizando las interacciones con los clientes e impulsando su satisfacci\u00f3n. Los consejos para la resoluci\u00f3n de problemas y la informaci\u00f3n de compatibilidad garantizan un funcionamiento fluido en diversas configuraciones. Ideal para tiendas WooCommerce.<\/p>\n<ul>\n<li>Notifica instant\u00e1neamente a los clientes cuando se a\u00f1aden art\u00edculos a su carrito.<\/li>\n<li><\/li>\n<li>Mejora la experiencia del usuario con informaci\u00f3n en tiempo real.<\/li>\n<li><\/li>\n<li>Mensajes de notificaci\u00f3n personalizables para que coincidan con la imagen de la tienda.<\/li>\n<li><\/li>\n<li>Admite varios estilos de notificaci\u00f3n, incluyendo ventanas emergentes y banners.<\/li>\n<li><\/li>\n<li>F\u00e1cil integraci\u00f3n con tiendas WooCommerce existentes.<\/li>\n<li><\/li>\n<li>Retardo y duraci\u00f3n de visualizaci\u00f3n configurables para las notificaciones.<\/li>\n<li><\/li>\n<li>Dise\u00f1o adaptable a m\u00f3viles para una funcionalidad perfecta en todos los dispositivos.<\/li>\n<li><\/li>\n<li>Opci\u00f3n para incluir im\u00e1genes y detalles del producto en las notificaciones.<\/li>\n<li><\/li>\n<li>Plugin ligero para un impacto m\u00ednimo en el rendimiento del sitio.<\/li>\n<li><\/li>\n<li>Compatible con la mayor\u00eda de temas y plugins de WordPress.<\/li>\n<\/ul>\n","protected":false},"excerpt":{"rendered":"<p>Transforma tu tienda WooCommerce con el plugin WPC Added To Cart Notification, dise\u00f1ado para mejorar la experiencia del cliente e impulsar las ventas. Descubre una gu\u00eda de configuraci\u00f3n completa para instalar f\u00e1cilmente WPC Added To Cart Notification para WooCommerce y explora consejos de personalizaci\u00f3n para adaptar las notificaciones a tu marca. Optimiza la funcionalidad de tu tienda con las mejores pr\u00e1cticas para WPC Added To Cart Notification WooCommerce, garantizando una compatibilidad perfecta entre plataformas. Desde rese\u00f1as \u00fatiles hasta consejos para la resoluci\u00f3n de problemas, aprende a optimizar WooCommerce con WPC Added To Cart Notification. Libera todo el potencial de tu tienda con este plugin, ideal para propietarios de tiendas WooCommerce que buscan una ventaja competitiva.<\/p>\n","protected":false},"featured_media":169130,"comment_status":"open","ping_status":"open","template":"","meta":[],"product_brand":[2676],"product_cat":[1207,1248,1206],"product_tag":[2313],"class_list":{"0":"post-156305","1":"product","2":"type-product","3":"status-publish","4":"has-post-thumbnail","6":"product_brand-wpclever","7":"product_cat-comercio-electronico-plugins","8":"product_cat-personalizacion-comercio-electronico-plugins","9":"product_cat-plugins","10":"product_tag-wpclever","11":"member-discount","12":"discount-restricted","14":"first","15":"instock","16":"sale","17":"downloadable","18":"virtual","19":"sold-individually","20":"purchasable","21":"product-type-simple"},"_links":{"self":[{"href":"https:\/\/gpl-love.com\/es\/wp-json\/wp\/v2\/product\/156305","targetHints":{"allow":["GET"]}}],"collection":[{"href":"https:\/\/gpl-love.com\/es\/wp-json\/wp\/v2\/product"}],"about":[{"href":"https:\/\/gpl-love.com\/es\/wp-json\/wp\/v2\/types\/product"}],"replies":[{"embeddable":true,"href":"https:\/\/gpl-love.com\/es\/wp-json\/wp\/v2\/comments?post=156305"}],"wp:featuredmedia":[{"embeddable":true,"href":"https:\/\/gpl-love.com\/es\/wp-json\/wp\/v2\/media\/169130"}],"wp:attachment":[{"href":"https:\/\/gpl-love.com\/es\/wp-json\/wp\/v2\/media?parent=156305"}],"wp:term":[{"taxonomy":"product_brand","embeddable":true,"href":"https:\/\/gpl-love.com\/es\/wp-json\/wp\/v2\/product_brand?post=156305"},{"taxonomy":"product_cat","embeddable":true,"href":"https:\/\/gpl-love.com\/es\/wp-json\/wp\/v2\/product_cat?post=156305"},{"taxonomy":"product_tag","embeddable":true,"href":"https:\/\/gpl-love.com\/es\/wp-json\/wp\/v2\/product_tag?post=156305"}],"curies":[{"name":"wp","href":"https:\/\/api.w.org\/{rel}","templated":true}]}}