{"id":156301,"date":"2026-05-05T00:00:00","date_gmt":"2026-05-05T05:00:00","guid":{"rendered":"https:\/\/gpl-love.com\/es\/producto\/wpc-estimated-delivery-date-for-woocommerce\/"},"modified":"2026-05-05T11:16:57","modified_gmt":"2026-05-05T16:16:57","slug":"wpc-estimated-delivery-date-for-woocommerce","status":"publish","type":"product","link":"https:\/\/gpl-love.com\/es\/producto\/wpc-estimated-delivery-date-for-woocommerce\/","title":{"rendered":"WPC Estimated Delivery Date para WooCommerce 2.6.5"},"content":{"rendered":"<h3>WPC Estimated Delivery Date para WooCommerce Caracteristicas<\/h3>\n<p>\u00bfQuieres mejorar la experiencia de usuario de tu tienda online? El plugin WPC Estimated Delivery Date para WooCommerce es la soluci\u00f3n perfecta para mantener a tus clientes informados y satisfechos. Esta potente herramienta de estimaci\u00f3n de plazos de entrega para WooCommerce permite una integraci\u00f3n perfecta, proporcionando un cronograma de entrega claro y preciso directamente en la p\u00e1gina de pago.<\/p>\n<p>Configurar la funci\u00f3n de fecha de entrega estimada en WooCommerce es muy sencillo gracias a la completa gu\u00eda de configuraci\u00f3n. Aprende a a\u00f1adir fechas de entrega estimadas en WooCommerce sin esfuerzo y config\u00faralas seg\u00fan las necesidades de tu negocio. Personaliza a\u00fan m\u00e1s la experiencia con las opciones de personalizaci\u00f3n de la fecha de entrega estimada de WooCommerce, asegur\u00e1ndote de que el widget se integre perfectamente con el dise\u00f1o de tu tienda.<\/p>\n<p>Este plugin mejora la experiencia del cliente al ofrecer una predicci\u00f3n precisa del tiempo de entrega estimado en WooCommerce, reduciendo la incertidumbre y aumentando la confianza. Muestra f\u00e1cilmente las fechas de entrega en el carrito de WooCommerce con el mejor plugin de fecha de entrega estimada para WooCommerce, mejorando la transparencia y la satisfacci\u00f3n del cliente.<\/p>\n<p>Para quienes buscan establecer una fecha de entrega estimada en la p\u00e1gina de pago de WooCommerce, este plugin es imprescindible.<\/p>\n<ul>\n<li>Proporciona estimaciones precisas de fechas de entrega para pedidos de WooCommerce.<\/li>\n<li><\/li>\n<li>Mejora la satisfacci\u00f3n del cliente con plazos de env\u00edo claros.<\/li>\n<li><\/li>\n<li>Se integra perfectamente con tiendas WooCommerce existentes.<\/li>\n<li><\/li>\n<li>Configuraci\u00f3n personalizable para estimaciones de entrega a medida.<\/li>\n<li><\/li>\n<li>Admite m\u00faltiples m\u00e9todos de env\u00edo y zonas.<\/li>\n<li><\/li>\n<li>Actualiza autom\u00e1ticamente las fechas de entrega con los cambios en el pedido.<\/li>\n<li><\/li>\n<li>Interfaz intuitiva para una f\u00e1cil configuraci\u00f3n.<\/li>\n<li><\/li>\n<li>Reduce las consultas de los clientes sobre la entrega del pedido.<\/li>\n<li><\/li>\n<li>Ayuda a gestionar las expectativas de los clientes con informaci\u00f3n fiable.<\/li>\n<li><\/li>\n<li>Compatible con los plugins de env\u00edo m\u00e1s populares de WooCommerce.<\/li>\n<\/ul>\n","protected":false},"excerpt":{"rendered":"<p>Descubre el plugin WPC Estimated Delivery Date para WooCommerce, la herramienta definitiva para mejorar la satisfacci\u00f3n del cliente con informaci\u00f3n precisa sobre las entregas. Esta herramienta l\u00edder en su categor\u00eda para la estimaci\u00f3n de fechas de entrega en WooCommerce permite a las empresas configurar f\u00e1cilmente las fechas de entrega estimadas para sus productos. Con una gu\u00eda de configuraci\u00f3n intuitiva, aprende a a\u00f1adir fechas de entrega estimadas a WooCommerce sin complicaciones. Este plugin ofrece una personalizaci\u00f3n fluida de las fechas de entrega estimadas en WooCommerce, desde el carrito hasta la p\u00e1gina de pago, e integra un widget intuitivo. Mejora la experiencia de compra mostrando las fechas de entrega en cada etapa y aumenta la fiabilidad y el potencial de ventas de tu tienda.<\/p>\n","protected":false},"featured_media":169128,"comment_status":"open","ping_status":"open","template":"","meta":[],"product_brand":[2676],"product_cat":[1207,1248,1206],"product_tag":[2313],"class_list":{"0":"post-156301","1":"product","2":"type-product","3":"status-publish","4":"has-post-thumbnail","6":"product_brand-wpclever","7":"product_cat-comercio-electronico-plugins","8":"product_cat-personalizacion-comercio-electronico-plugins","9":"product_cat-plugins","10":"product_tag-wpclever","11":"member-discount","12":"discount-restricted","14":"first","15":"instock","16":"sale","17":"downloadable","18":"virtual","19":"sold-individually","20":"purchasable","21":"product-type-simple"},"_links":{"self":[{"href":"https:\/\/gpl-love.com\/es\/wp-json\/wp\/v2\/product\/156301","targetHints":{"allow":["GET"]}}],"collection":[{"href":"https:\/\/gpl-love.com\/es\/wp-json\/wp\/v2\/product"}],"about":[{"href":"https:\/\/gpl-love.com\/es\/wp-json\/wp\/v2\/types\/product"}],"replies":[{"embeddable":true,"href":"https:\/\/gpl-love.com\/es\/wp-json\/wp\/v2\/comments?post=156301"}],"wp:featuredmedia":[{"embeddable":true,"href":"https:\/\/gpl-love.com\/es\/wp-json\/wp\/v2\/media\/169128"}],"wp:attachment":[{"href":"https:\/\/gpl-love.com\/es\/wp-json\/wp\/v2\/media?parent=156301"}],"wp:term":[{"taxonomy":"product_brand","embeddable":true,"href":"https:\/\/gpl-love.com\/es\/wp-json\/wp\/v2\/product_brand?post=156301"},{"taxonomy":"product_cat","embeddable":true,"href":"https:\/\/gpl-love.com\/es\/wp-json\/wp\/v2\/product_cat?post=156301"},{"taxonomy":"product_tag","embeddable":true,"href":"https:\/\/gpl-love.com\/es\/wp-json\/wp\/v2\/product_tag?post=156301"}],"curies":[{"name":"wp","href":"https:\/\/api.w.org\/{rel}","templated":true}]}}