{"id":156293,"date":"2025-12-25T00:00:00","date_gmt":"2025-12-25T05:00:00","guid":{"rendered":"https:\/\/gpl-love.com\/es\/producto\/wpc-smart-notifications-for-woocommerce\/"},"modified":"2026-03-09T08:44:45","modified_gmt":"2026-03-09T13:44:45","slug":"wpc-smart-notifications-for-woocommerce","status":"publish","type":"product","link":"https:\/\/gpl-love.com\/es\/producto\/wpc-smart-notifications-for-woocommerce\/","title":{"rendered":"WPC Smart Notifications para WooCommerce 2.4.7"},"content":{"rendered":"<h3>WPC Smart Notifications para WooCommerce Caracteristicas<\/h3>\n<p>Descubre el poder transformador de WPC Smart Notifications para WooCommerce, un plugin revolucionario dise\u00f1ado para optimizar tiendas online sin esfuerzo. Configurar WPC Smart Notifications para WooCommerce es muy sencillo gracias a la completa gu\u00eda de instalaci\u00f3n, que garantiza una integraci\u00f3n fluida. El plugin ofrece una experiencia de configuraci\u00f3n intuitiva, con tutoriales disponibles para guiarte en la personalizaci\u00f3n de las notificaciones seg\u00fan las necesidades espec\u00edficas de tu negocio.<\/p>\n<p>Aprende a usar WPC Smart Notifications para WooCommerce de forma eficaz explorando las mejores pr\u00e1cticas que mejoran la interacci\u00f3n con el cliente e impulsan las ventas. Consulta las opiniones y rese\u00f1as de los usuarios para comprender los beneficios reales de esta potente herramienta. La gu\u00eda de integraci\u00f3n proporciona pasos claros para incorporar el plugin sin problemas a cualquier configuraci\u00f3n de WooCommerce, convirti\u00e9ndolo en un componente esencial para mejorar las ventas y la interacci\u00f3n con el cliente.<\/p>\n<p>El plugin WPC Smart Notifications para WooCommerce cuenta con controles intuitivos que permiten una f\u00e1cil personalizaci\u00f3n, asegurando que las notificaciones se alineen con la est\u00e9tica y el estilo de comunicaci\u00f3n de tu marca. Dispones de consejos para la resoluci\u00f3n de problemas que te permitir\u00e1n solucionar cualquier posible inconveniente r\u00e1pidamente y mantener un servicio ininterrumpido. Mejora la experiencia de comercio electr\u00f3nico e impulsa las ventas optimizando WooCommerce con WPC Smart Notifications.<\/p>\n<ul>\n<li>Integraci\u00f3n perfecta con la plataforma WooCommerce<\/li>\n<li><\/li>\n<li>Notificaciones en tiempo real sobre actualizaciones y cambios de estado de los pedidos<\/li>\n<li><\/li>\n<li>Configuraci\u00f3n de alertas personalizable para notificaciones personalizadas<\/li>\n<li><\/li>\n<li>Mejora la interacci\u00f3n con el cliente mediante mensajes dirigidos<\/li>\n<li><\/li>\n<li>Reduce el abandono del carrito con alertas oportunas<\/li>\n<li><\/li>\n<li>Configuraci\u00f3n sencilla con una interfaz de usuario intuitiva<\/li>\n<li><\/li>\n<li>Compatible con m\u00faltiples canales de notificaci\u00f3n, como correo electr\u00f3nico y SMS<\/li>\n<li><\/li>\n<li>Aumenta la satisfacci\u00f3n del cliente con una comunicaci\u00f3n r\u00e1pida<\/li>\n<li><\/li>\n<li>Compatible con dispositivos m\u00f3viles y de escritorio<\/li>\n<li><\/li>\n<li>Impulsa las ventas manteniendo a los clientes informados y comprometidos<\/li>\n<\/ul>\n","protected":false},"excerpt":{"rendered":"<p>Desata todo el potencial de tu tienda WooCommerce con WPC Smart Notifications para WooCommerce. Config\u00faralo e int\u00e9gralo f\u00e1cilmente con la gu\u00eda de integraci\u00f3n de WPC Smart Notifications para WooCommerce y aumenta la interacci\u00f3n con tus clientes y tus ventas. Descubre c\u00f3mo usar WPC Smart Notifications para WooCommerce de forma eficaz con tutoriales completos y las mejores pr\u00e1cticas. Mejora el rendimiento de tu tienda personalizando funciones y optimizando WooCommerce con WPC Smart Notifications. Benef\u00edciate de las opiniones detalladas de los usuarios y las rese\u00f1as del plugin, y descubre sus potentes capacidades. Tanto para la configuraci\u00f3n como para la resoluci\u00f3n de problemas, el plugin WPC Smart Notifications para WooCommerce ofrece ventajas y flexibilidad incomparables, convirti\u00e9ndose en una herramienta esencial para los vendedores online.<\/p>\n","protected":false},"featured_media":169124,"comment_status":"open","ping_status":"open","template":"","meta":[],"product_brand":[2676],"product_cat":[1207,1248,1206],"product_tag":[2313],"class_list":{"0":"post-156293","1":"product","2":"type-product","3":"status-publish","4":"has-post-thumbnail","6":"product_brand-wpclever","7":"product_cat-comercio-electronico-plugins","8":"product_cat-personalizacion-comercio-electronico-plugins","9":"product_cat-plugins","10":"product_tag-wpclever","11":"member-discount","12":"discount-restricted","14":"first","15":"instock","16":"sale","17":"downloadable","18":"virtual","19":"sold-individually","20":"purchasable","21":"product-type-simple"},"_links":{"self":[{"href":"https:\/\/gpl-love.com\/es\/wp-json\/wp\/v2\/product\/156293","targetHints":{"allow":["GET"]}}],"collection":[{"href":"https:\/\/gpl-love.com\/es\/wp-json\/wp\/v2\/product"}],"about":[{"href":"https:\/\/gpl-love.com\/es\/wp-json\/wp\/v2\/types\/product"}],"replies":[{"embeddable":true,"href":"https:\/\/gpl-love.com\/es\/wp-json\/wp\/v2\/comments?post=156293"}],"wp:featuredmedia":[{"embeddable":true,"href":"https:\/\/gpl-love.com\/es\/wp-json\/wp\/v2\/media\/169124"}],"wp:attachment":[{"href":"https:\/\/gpl-love.com\/es\/wp-json\/wp\/v2\/media?parent=156293"}],"wp:term":[{"taxonomy":"product_brand","embeddable":true,"href":"https:\/\/gpl-love.com\/es\/wp-json\/wp\/v2\/product_brand?post=156293"},{"taxonomy":"product_cat","embeddable":true,"href":"https:\/\/gpl-love.com\/es\/wp-json\/wp\/v2\/product_cat?post=156293"},{"taxonomy":"product_tag","embeddable":true,"href":"https:\/\/gpl-love.com\/es\/wp-json\/wp\/v2\/product_tag?post=156293"}],"curies":[{"name":"wp","href":"https:\/\/api.w.org\/{rel}","templated":true}]}}