{"id":156291,"date":"2026-03-16T00:00:00","date_gmt":"2026-03-16T05:00:00","guid":{"rendered":"https:\/\/gpl-love.com\/es\/producto\/wpc-price-by-user-role-for-woocommerce\/"},"modified":"2026-03-16T11:16:34","modified_gmt":"2026-03-16T16:16:34","slug":"wpc-price-by-user-role-for-woocommerce","status":"publish","type":"product","link":"https:\/\/gpl-love.com\/es\/producto\/wpc-price-by-user-role-for-woocommerce\/","title":{"rendered":"WPC Price por User Role para WooCommerce 2.3.2"},"content":{"rendered":"<h3>WPC Price por User Role para WooCommerce Caracteristicas<\/h3>\n<p>Desata todo el potencial de tu tienda WooCommerce con el plugin WPC Price by User Role. Esta potente herramienta permite establecer precios din\u00e1micos adaptados a roles de usuario espec\u00edficos, facilitando m\u00e1s que nunca la implementaci\u00f3n de estrategias de precios personalizadas. Descubre c\u00f3mo configurar el plugin WPC Price by User Role con un tutorial sencillo y consulta una completa gu\u00eda de WooCommerce que explica las mejores pr\u00e1cticas para la fijaci\u00f3n de precios basada en roles de usuario.<\/p>\n<p>Configurar WPC Price by User Role es muy sencillo, lo que garantiza una integraci\u00f3n perfecta con cualquier configuraci\u00f3n de WooCommerce. Benef\u00edciate de precios personalizados para diferentes roles de usuario, lo que permite realizar ajustes flexibles que se adaptan a las diversas necesidades de tus clientes. Tanto si buscas ajustar los precios de WooCommerce seg\u00fan el rol de usuario como si simplemente quieres explorar la personalizaci\u00f3n de precios, este plugin ofrece una soluci\u00f3n robusta.<\/p>\n<p>Las instrucciones de instalaci\u00f3n son sencillas y te gu\u00edan paso a paso en el proceso de a\u00f1adir este valioso plugin de WooCommerce para la fijaci\u00f3n de precios por rol de usuario. Obt\u00e9n informaci\u00f3n valiosa sobre estrategias de precios efectivas para roles de usuario en WooCommerce y utiliza consejos de integraci\u00f3n para maximizar la eficiencia de tu tienda online. Experimenta las numerosas funciones y ventajas.<\/p>\n<ul>\n<li>Estrategias de precios personalizadas seg\u00fan el rol del usuario<\/li>\n<li>Integraci\u00f3n perfecta con WooCommerce<\/li>\n<li>Ajustes de precios din\u00e1micos para grupos de usuarios espec\u00edficos<\/li>\n<li>Compatible con modelos de precios mayoristas, minoristas y de membres\u00eda<\/li>\n<li>Configuraci\u00f3n sencilla con una interfaz de usuario intuitiva<\/li>\n<li>Aumenta las ventas segmentando a los clientes<\/li>\n<li>Asignaci\u00f3n de roles flexible para experiencias personalizadas<\/li>\n<li>Mejora la interacci\u00f3n del usuario con precios personalizados<\/li>\n<li>Compatible con diversas extensiones de WooCommerce<\/li>\n<li>Aumenta las tasas de conversi\u00f3n con estrategias de precios segmentadas<\/li>\n<\/ul>\n","protected":false},"excerpt":{"rendered":"<p>Libera todo el potencial de tu tienda WooCommerce con el plugin WPC Price by User Role. Esta potente herramienta permite una gesti\u00f3n de precios din\u00e1mica y fluida seg\u00fan el rol del usuario, lo que posibilita estrategias de precios personalizadas para diferentes grupos de clientes. Aprende a configurar el plugin WPC Price by User Role con una completa gu\u00eda de WooCommerce y descubre las mejores pr\u00e1cticas para un ajuste de precios eficaz. Descubre las ventajas de WPC Price by User Role, desde una mayor personalizaci\u00f3n de precios hasta una estrategia de precios basada en el rol del usuario. Configura f\u00e1cilmente los ajustes de WPC Price by User Role y optimiza tu estrategia de precios de WooCommerce con este plugin esencial. Disfruta de una instalaci\u00f3n e integraci\u00f3n fluidas de WPC Price by User Role, lo que impulsar\u00e1 una mayor interacci\u00f3n con tus clientes y, por consiguiente, tus ventas.<\/p>\n","protected":false},"featured_media":169123,"comment_status":"open","ping_status":"open","template":"","meta":[],"product_brand":[2676],"product_cat":[1207,1248,1206],"product_tag":[2313],"class_list":{"0":"post-156291","1":"product","2":"type-product","3":"status-publish","4":"has-post-thumbnail","6":"product_brand-wpclever","7":"product_cat-comercio-electronico-plugins","8":"product_cat-personalizacion-comercio-electronico-plugins","9":"product_cat-plugins","10":"product_tag-wpclever","11":"member-discount","12":"discount-restricted","14":"first","15":"instock","16":"sale","17":"downloadable","18":"virtual","19":"sold-individually","20":"purchasable","21":"product-type-simple"},"_links":{"self":[{"href":"https:\/\/gpl-love.com\/es\/wp-json\/wp\/v2\/product\/156291","targetHints":{"allow":["GET"]}}],"collection":[{"href":"https:\/\/gpl-love.com\/es\/wp-json\/wp\/v2\/product"}],"about":[{"href":"https:\/\/gpl-love.com\/es\/wp-json\/wp\/v2\/types\/product"}],"replies":[{"embeddable":true,"href":"https:\/\/gpl-love.com\/es\/wp-json\/wp\/v2\/comments?post=156291"}],"wp:featuredmedia":[{"embeddable":true,"href":"https:\/\/gpl-love.com\/es\/wp-json\/wp\/v2\/media\/169123"}],"wp:attachment":[{"href":"https:\/\/gpl-love.com\/es\/wp-json\/wp\/v2\/media?parent=156291"}],"wp:term":[{"taxonomy":"product_brand","embeddable":true,"href":"https:\/\/gpl-love.com\/es\/wp-json\/wp\/v2\/product_brand?post=156291"},{"taxonomy":"product_cat","embeddable":true,"href":"https:\/\/gpl-love.com\/es\/wp-json\/wp\/v2\/product_cat?post=156291"},{"taxonomy":"product_tag","embeddable":true,"href":"https:\/\/gpl-love.com\/es\/wp-json\/wp\/v2\/product_tag?post=156291"}],"curies":[{"name":"wp","href":"https:\/\/api.w.org\/{rel}","templated":true}]}}