{"id":156285,"date":"2026-03-16T00:00:00","date_gmt":"2026-03-16T05:00:00","guid":{"rendered":"https:\/\/gpl-love.com\/es\/producto\/wpc-variations-table-for-woocommerce\/"},"modified":"2026-03-16T11:16:33","modified_gmt":"2026-03-16T16:16:33","slug":"wpc-variations-table-for-woocommerce","status":"publish","type":"product","link":"https:\/\/gpl-love.com\/es\/producto\/wpc-variations-table-for-woocommerce\/","title":{"rendered":"WPC Variations Table para WooCommerce 3.8.3"},"content":{"rendered":"<h3>WPC Variations Table para WooCommerce Caracteristicas<\/h3>\n<p>Descubre la facilidad y eficiencia de gestionar las variaciones de productos con el plugin WPC Variations Table para WooCommerce. Este potente plugin transforma la forma en que se muestran los detalles de los productos, ofreciendo un enfoque optimizado para gestionar y presentar las variaciones. Gracias a una gu\u00eda de configuraci\u00f3n intuitiva, aprender a usar WPC Variations Table para WooCommerce es muy sencillo. Reconocido como el mejor plugin de tablas para variaciones en WooCommerce, proporciona una soluci\u00f3n asequible tanto para peque\u00f1as empresas como para grandes corporaciones.<\/p>\n<p>Mejora la visualizaci\u00f3n de las variaciones de productos en WooCommerce personalizando la tabla para adaptarla a tus necesidades espec\u00edficas. El plugin permite una integraci\u00f3n perfecta de las opciones de precios, convirti\u00e9ndose en una herramienta esencial para la gesti\u00f3n de variaciones en WooCommerce. Los usuarios pueden descargar f\u00e1cilmente el plugin WPC Variations Table y seguir el completo tutorial para empezar.<\/p>\n<p>Optimiza la funcionalidad de la tabla de variaciones de productos de WooCommerce con esta vers\u00e1til herramienta y disfruta de las numerosas caracter\u00edsticas y ventajas de WPC Variations Table. Seg\u00fan las opiniones de los usuarios, este plugin destaca por su fiabilidad y facilidad de uso.<\/p>\n<ul>\n<li>Se integra perfectamente con WooCommerce para una gesti\u00f3n de productos optimizada.<\/li>\n<li><\/li>\n<li>Muestra las variaciones de productos en una tabla organizada.<\/li>\n<li><\/li>\n<li>Mejora la experiencia del usuario con detalles de variaci\u00f3n claros y accesibles.<\/li>\n<li><\/li>\n<li>Admite variaciones ilimitadas y atributos personalizados.<\/li>\n<li><\/li>\n<li>Ofrece la funci\u00f3n de a\u00f1adir al carrito directamente desde la tabla.<\/li>\n<li><\/li>\n<li>Permite ordenar y filtrar f\u00e1cilmente las variaciones de productos.<\/li>\n<li><\/li>\n<li>Dise\u00f1o de tabla personalizable para adaptarse al dise\u00f1o de la tienda.<\/li>\n<li><\/li>\n<li>Dise\u00f1o optimizado para m\u00f3viles para una visualizaci\u00f3n \u00f3ptima en todos los dispositivos.<\/li>\n<li><\/li>\n<li>Ligero y optimizado para tiempos de carga r\u00e1pidos.<\/li>\n<li><\/li>\n<li>Compatible con la mayor\u00eda de temas y plugins de WordPress.<\/li>\n<\/ul>\n","protected":false},"excerpt":{"rendered":"<p>Presentamos WPC Variations Table para WooCommerce: una revolucionaria herramienta de gesti\u00f3n de variaciones de WooCommerce dise\u00f1ada para optimizar la visualizaci\u00f3n de las variaciones de productos sin esfuerzo. Este plugin destaca como el mejor plugin de tablas de variaciones para WooCommerce, permitiendo a los usuarios personalizar las tablas de variaciones de productos con facilidad. Descubre c\u00f3mo usar WPC Variations Table para WooCommerce a trav\u00e9s de una gu\u00eda de configuraci\u00f3n intuitiva y un completo tutorial sobre tablas de variaciones de productos de WooCommerce. Esta soluci\u00f3n asequible optimiza las tablas de variaciones de productos de WooCommerce e incluye opciones de precios para adaptarse a diversas necesidades comerciales. Explora las caracter\u00edsticas y ventajas de WPC Variations Table a trav\u00e9s de las rese\u00f1as positivas de los usuarios y descarga el plugin hoy mismo para transformar tu tienda WooCommerce.<\/p>\n","protected":false},"featured_media":169120,"comment_status":"open","ping_status":"open","template":"","meta":[],"product_brand":[2676],"product_cat":[1207,1248,1206],"product_tag":[2313],"class_list":{"0":"post-156285","1":"product","2":"type-product","3":"status-publish","4":"has-post-thumbnail","6":"product_brand-wpclever","7":"product_cat-comercio-electronico-plugins","8":"product_cat-personalizacion-comercio-electronico-plugins","9":"product_cat-plugins","10":"product_tag-wpclever","11":"member-discount","12":"discount-restricted","14":"first","15":"instock","16":"sale","17":"downloadable","18":"virtual","19":"sold-individually","20":"purchasable","21":"product-type-simple"},"_links":{"self":[{"href":"https:\/\/gpl-love.com\/es\/wp-json\/wp\/v2\/product\/156285","targetHints":{"allow":["GET"]}}],"collection":[{"href":"https:\/\/gpl-love.com\/es\/wp-json\/wp\/v2\/product"}],"about":[{"href":"https:\/\/gpl-love.com\/es\/wp-json\/wp\/v2\/types\/product"}],"replies":[{"embeddable":true,"href":"https:\/\/gpl-love.com\/es\/wp-json\/wp\/v2\/comments?post=156285"}],"wp:featuredmedia":[{"embeddable":true,"href":"https:\/\/gpl-love.com\/es\/wp-json\/wp\/v2\/media\/169120"}],"wp:attachment":[{"href":"https:\/\/gpl-love.com\/es\/wp-json\/wp\/v2\/media?parent=156285"}],"wp:term":[{"taxonomy":"product_brand","embeddable":true,"href":"https:\/\/gpl-love.com\/es\/wp-json\/wp\/v2\/product_brand?post=156285"},{"taxonomy":"product_cat","embeddable":true,"href":"https:\/\/gpl-love.com\/es\/wp-json\/wp\/v2\/product_cat?post=156285"},{"taxonomy":"product_tag","embeddable":true,"href":"https:\/\/gpl-love.com\/es\/wp-json\/wp\/v2\/product_tag?post=156285"}],"curies":[{"name":"wp","href":"https:\/\/api.w.org\/{rel}","templated":true}]}}