{"id":156279,"date":"2026-03-18T00:00:00","date_gmt":"2026-03-18T05:00:00","guid":{"rendered":"https:\/\/gpl-love.com\/es\/producto\/wpc-badge-management-for-woocommerce\/"},"modified":"2026-03-18T23:16:52","modified_gmt":"2026-03-19T04:16:52","slug":"wpc-badge-management-for-woocommerce","status":"publish","type":"product","link":"https:\/\/gpl-love.com\/es\/producto\/wpc-badge-management-for-woocommerce\/","title":{"rendered":"WPC Badge Management para WooCommerce 3.1.6"},"content":{"rendered":"<h3>WPC Badge Management para WooCommerce Caracteristicas<\/h3>\n<p>Transforma la gesti\u00f3n de insignias en tu tienda online con el vers\u00e1til plugin WPC Badge Management para WooCommerce. Esta herramienta simplifica la administraci\u00f3n de insignias en WooCommerce, facilitando su adici\u00f3n a los productos. Reconocido como el mejor plugin de gesti\u00f3n de insignias para WooCommerce, ofrece amplias opciones para personalizar las insignias de productos, asegurando que cada una se alinee perfectamente con la est\u00e9tica de la marca.<\/p>\n<p>El plugin de visualizaci\u00f3n de insignias de WooCommerce proporciona una experiencia de gesti\u00f3n fluida, mostrando las insignias de forma destacada en los listados de productos. Gracias a sus intuitivas funciones, incluso un principiante puede configurarlo sin esfuerzo. Para quienes necesiten ayuda, disponemos de un completo tutorial y una gu\u00eda de configuraci\u00f3n, que facilitan la integraci\u00f3n.<\/p>\n<p>Descubre las numerosas ventajas de la gesti\u00f3n de insignias de WooCommerce para tiendas online, desde una mayor visibilidad de los productos hasta un mayor engagement con el cliente. Numerosas rese\u00f1as destacan la eficiencia y facilidad de uso del plugin. Optimiza las insignias en WooCommerce hoy mismo y experimenta una transformaci\u00f3n en la presentaci\u00f3n de tus productos.<\/p>\n<ul>\n<li>Integraci\u00f3n perfecta con WooCommerce para la gesti\u00f3n de insignias.<\/li>\n<li><\/li>\n<li>Interfaz intuitiva para crear y gestionar insignias f\u00e1cilmente.<\/li>\n<li><\/li>\n<li>Dise\u00f1os de insignias personalizables que se adaptan a la imagen de marca de la tienda.<\/li>\n<li><\/li>\n<li>Asignaci\u00f3n autom\u00e1tica de insignias seg\u00fan criterios o reglas del producto.<\/li>\n<li><\/li>\n<li>Aumenta la visibilidad de tus productos con insignias llamativas.<\/li>\n<li><\/li>\n<li>Compatible con todos los temas y plantillas de WooCommerce.<\/li>\n<li><\/li>\n<li>Admite varios tipos de insignias, como las de ofertas, novedades y productos destacados.<\/li>\n<li><\/li>\n<li>Actualizaciones en tiempo real para reflejar los cambios al instante en las p\u00e1ginas de productos.<\/li>\n<li><\/li>\n<li>No se requieren conocimientos de programaci\u00f3n para la configuraci\u00f3n.<\/li>\n<li><\/li>\n<li>Dise\u00f1o adaptable a dispositivos m\u00f3viles para una visualizaci\u00f3n \u00f3ptima en cualquier dispositivo.<\/li>\n<\/ul>\n","protected":false},"excerpt":{"rendered":"<p>Libera todo el potencial de tu tienda WooCommerce con el plugin WPC Badge Management para WooCommerce. Esta potente herramienta de gesti\u00f3n de insignias para WooCommerce ofrece una forma intuitiva de administrar las insignias, permitiendo a las empresas a\u00f1adirlas f\u00e1cilmente a sus productos y mejorar su atractivo visual. Como el mejor plugin de gesti\u00f3n de insignias para WooCommerce, permite personalizar las insignias de los productos, garantizando una personalizaci\u00f3n fluida. Con una interfaz intuitiva, este plugin de visualizaci\u00f3n de insignias para WooCommerce simplifica la gesti\u00f3n de insignias, ofreciendo una gu\u00eda de configuraci\u00f3n completa y un tutorial para tiendas online. Descubre las ventajas de optimizar las insignias en WooCommerce y mejora la imagen de marca de tu tienda con facilidad.<\/p>\n","protected":false},"featured_media":169117,"comment_status":"open","ping_status":"open","template":"","meta":[],"product_brand":[2676],"product_cat":[1207,1248,1206],"product_tag":[2313],"class_list":{"0":"post-156279","1":"product","2":"type-product","3":"status-publish","4":"has-post-thumbnail","6":"product_brand-wpclever","7":"product_cat-comercio-electronico-plugins","8":"product_cat-personalizacion-comercio-electronico-plugins","9":"product_cat-plugins","10":"product_tag-wpclever","11":"member-discount","12":"discount-restricted","14":"first","15":"instock","16":"sale","17":"downloadable","18":"virtual","19":"sold-individually","20":"purchasable","21":"product-type-simple"},"_links":{"self":[{"href":"https:\/\/gpl-love.com\/es\/wp-json\/wp\/v2\/product\/156279","targetHints":{"allow":["GET"]}}],"collection":[{"href":"https:\/\/gpl-love.com\/es\/wp-json\/wp\/v2\/product"}],"about":[{"href":"https:\/\/gpl-love.com\/es\/wp-json\/wp\/v2\/types\/product"}],"replies":[{"embeddable":true,"href":"https:\/\/gpl-love.com\/es\/wp-json\/wp\/v2\/comments?post=156279"}],"wp:featuredmedia":[{"embeddable":true,"href":"https:\/\/gpl-love.com\/es\/wp-json\/wp\/v2\/media\/169117"}],"wp:attachment":[{"href":"https:\/\/gpl-love.com\/es\/wp-json\/wp\/v2\/media?parent=156279"}],"wp:term":[{"taxonomy":"product_brand","embeddable":true,"href":"https:\/\/gpl-love.com\/es\/wp-json\/wp\/v2\/product_brand?post=156279"},{"taxonomy":"product_cat","embeddable":true,"href":"https:\/\/gpl-love.com\/es\/wp-json\/wp\/v2\/product_cat?post=156279"},{"taxonomy":"product_tag","embeddable":true,"href":"https:\/\/gpl-love.com\/es\/wp-json\/wp\/v2\/product_tag?post=156279"}],"curies":[{"name":"wp","href":"https:\/\/api.w.org\/{rel}","templated":true}]}}