{"id":156277,"date":"2026-04-16T00:00:00","date_gmt":"2026-04-16T05:00:00","guid":{"rendered":"https:\/\/gpl-love.com\/es\/producto\/wpc-smart-quick-view-for-woocommerce\/"},"modified":"2026-04-16T17:17:27","modified_gmt":"2026-04-16T22:17:27","slug":"wpc-smart-quick-view-for-woocommerce","status":"publish","type":"product","link":"https:\/\/gpl-love.com\/es\/producto\/wpc-smart-quick-view-for-woocommerce\/","title":{"rendered":"WPC Smart Quick View para WooCommerce 4.3.1"},"content":{"rendered":"<h3>WPC Smart Quick View para WooCommerce Caracteristicas<\/h3>\n<p>Presentamos el plugin WPC Smart Quick View para WooCommerce, la soluci\u00f3n definitiva para mejorar la experiencia de compra en tu tienda. Reconocido como el mejor plugin de vista r\u00e1pida para WooCommerce, esta herramienta te permite a\u00f1adir f\u00e1cilmente una funci\u00f3n de vista r\u00e1pida a las p\u00e1ginas de productos, ofreciendo a tus clientes una forma atractiva de explorar productos sin salir de la p\u00e1gina. \u00bfQuieres saber c\u00f3mo usar WPC Smart Quick View? La instalaci\u00f3n es muy sencilla, lo que hace que configurar la vista r\u00e1pida de productos en WooCommerce sea pan comido.<\/p>\n<p>Esta extensi\u00f3n de vista r\u00e1pida inteligente no solo aumenta la interacci\u00f3n del usuario, sino que tambi\u00e9n agiliza la navegaci\u00f3n, impulsando as\u00ed las ventas. Imagina el potencial para mejorar la experiencia de compra en WooCommerce con la vista r\u00e1pida, donde los clientes pueden ver al instante los detalles, im\u00e1genes y precios de los productos. Las opciones de personalizaci\u00f3n permiten darle un toque personal, diferenciando tu tienda.<\/p>\n<p>Consulta las gu\u00edas comparativas de plugins de vista r\u00e1pida para WooCommerce y descubre por qu\u00e9 esta herramienta destaca. Instalar WPC Smart Quick View en WooCommerce es un proceso sencillo que a\u00f1ade valor y funcionalidad a cualquier tienda. Descubre las ventajas de usar WPC Smart Quick View para WooCommerce.<\/p>\n<ul>\n<li>Integraci\u00f3n perfecta con WooCommerce para una experiencia de usuario mejorada.<\/li>\n<li><\/li>\n<li>Vistas previas de productos instant\u00e1neas sin recargar la p\u00e1gina.<\/li>\n<li><\/li>\n<li>Dise\u00f1os de vista r\u00e1pida personalizables que se adaptan al dise\u00f1o de la tienda.<\/li>\n<li><\/li>\n<li>Dise\u00f1o optimizado para m\u00f3viles que garantiza la compatibilidad con todos los dispositivos.<\/li>\n<li><\/li>\n<li>Aumenta las conversiones simplificando el proceso de compra.<\/li>\n<li><\/li>\n<li>Admite productos variables con visualizaci\u00f3n detallada de atributos.<\/li>\n<li><\/li>\n<li>Configuraci\u00f3n sencilla sin necesidad de conocimientos de programaci\u00f3n.<\/li>\n<li><\/li>\n<li>Ligero y optimizado para tiempos de carga r\u00e1pidos.<\/li>\n<li><\/li>\n<li>Compatible con la mayor\u00eda de temas y plugins de WordPress.<\/li>\n<li><\/li>\n<li>Actualizaciones peri\u00f3dicas para mejorar el rendimiento y la seguridad.<\/li>\n<\/ul>\n","protected":false},"excerpt":{"rendered":"<p>Descubre los beneficios transformadores de WPC Smart Quick View para WooCommerce, el mejor plugin de vista r\u00e1pida para optimizar tu tienda WooCommerce. Esta extensi\u00f3n intuitiva te permite a\u00f1adir f\u00e1cilmente una vista r\u00e1pida a las p\u00e1ginas de productos de WooCommerce, brindando una experiencia de compra fluida. Aprende a usar WPC Smart Quick View para simplificar la configuraci\u00f3n de la vista r\u00e1pida de tus productos WooCommerce y personalizar tu tienda con facilidad. Al mejorar la experiencia de compra en WooCommerce, esta extensi\u00f3n de vista r\u00e1pida inteligente aumenta la interacci\u00f3n del usuario. Explora las ventajas de la personalizaci\u00f3n de la vista r\u00e1pida de WooCommerce y compara este plugin con otras opciones de vista r\u00e1pida para WooCommerce. Inst\u00e1lalo hoy mismo y disfruta de una experiencia de compra m\u00e1s interactiva.<\/p>\n","protected":false},"featured_media":169116,"comment_status":"open","ping_status":"open","template":"","meta":[],"product_brand":[2676],"product_cat":[1207,1248,1206],"product_tag":[2313],"class_list":{"0":"post-156277","1":"product","2":"type-product","3":"status-publish","4":"has-post-thumbnail","6":"product_brand-wpclever","7":"product_cat-comercio-electronico-plugins","8":"product_cat-personalizacion-comercio-electronico-plugins","9":"product_cat-plugins","10":"product_tag-wpclever","11":"member-discount","12":"discount-restricted","14":"first","15":"instock","16":"sale","17":"downloadable","18":"virtual","19":"sold-individually","20":"purchasable","21":"product-type-simple"},"_links":{"self":[{"href":"https:\/\/gpl-love.com\/es\/wp-json\/wp\/v2\/product\/156277","targetHints":{"allow":["GET"]}}],"collection":[{"href":"https:\/\/gpl-love.com\/es\/wp-json\/wp\/v2\/product"}],"about":[{"href":"https:\/\/gpl-love.com\/es\/wp-json\/wp\/v2\/types\/product"}],"replies":[{"embeddable":true,"href":"https:\/\/gpl-love.com\/es\/wp-json\/wp\/v2\/comments?post=156277"}],"wp:featuredmedia":[{"embeddable":true,"href":"https:\/\/gpl-love.com\/es\/wp-json\/wp\/v2\/media\/169116"}],"wp:attachment":[{"href":"https:\/\/gpl-love.com\/es\/wp-json\/wp\/v2\/media?parent=156277"}],"wp:term":[{"taxonomy":"product_brand","embeddable":true,"href":"https:\/\/gpl-love.com\/es\/wp-json\/wp\/v2\/product_brand?post=156277"},{"taxonomy":"product_cat","embeddable":true,"href":"https:\/\/gpl-love.com\/es\/wp-json\/wp\/v2\/product_cat?post=156277"},{"taxonomy":"product_tag","embeddable":true,"href":"https:\/\/gpl-love.com\/es\/wp-json\/wp\/v2\/product_tag?post=156277"}],"curies":[{"name":"wp","href":"https:\/\/api.w.org\/{rel}","templated":true}]}}