{"id":156269,"date":"2026-03-20T00:00:00","date_gmt":"2026-03-20T05:00:00","guid":{"rendered":"https:\/\/gpl-love.com\/es\/producto\/wpc-product-bundles-for-woocommerce\/"},"modified":"2026-04-03T17:16:25","modified_gmt":"2026-04-03T22:16:25","slug":"wpc-product-bundles-for-woocommerce","status":"publish","type":"product","link":"https:\/\/gpl-love.com\/es\/producto\/wpc-product-bundles-for-woocommerce\/","title":{"rendered":"WPC Product Bundles para WooCommerce 8.5.0"},"content":{"rendered":"<h3>WPC Product Bundles para WooCommerce Caracteristicas<\/h3>\n<p>Descubre la herramienta definitiva para potenciar tu tienda online con WPC Product Bundles para WooCommerce. Este potente plugin simplifica la creaci\u00f3n de atractivos paquetes de productos, impulsando las ventas sin esfuerzo. Si eres nuevo en esta herramienta, dispones de un completo tutorial de WPC Product Bundles para WooCommerce que abarca desde la configuraci\u00f3n hasta la optimizaci\u00f3n. Aprende a usar WPC Product Bundles para WooCommerce con una gu\u00eda de configuraci\u00f3n detallada y descubre las mejores pr\u00e1cticas para sacar el m\u00e1ximo partido a tus paquetes.<\/p>\n<p>\u00bfTe interesa el precio? WPC Product Bundles para WooCommerce ofrece opciones competitivas, a menudo con c\u00f3digos de descuento exclusivos. Compara WPC Product Bundles para WooCommerce con otros plugins para descubrir sus ventajas y caracter\u00edsticas \u00fanicas, como la configuraci\u00f3n avanzada para la personalizaci\u00f3n y la integraci\u00f3n perfecta.<\/p>\n<p>Las rese\u00f1as de los usuarios destacan la facilidad de uso y la eficacia del plugin WPC Product Bundles para WooCommerce. Si buscas m\u00e1s informaci\u00f3n, una prueba gratuita te permite experimentarlo de primera mano. El soporte especializado garantiza que cualquier duda se resuelva r\u00e1pidamente, simplificando la optimizaci\u00f3n de WPC Product Bundles.<\/p>\n<ul>\n<li>Integraci\u00f3n perfecta con WooCommerce para una eficiente agrupaci\u00f3n de productos<\/li>\n<li><\/li>\n<li>Opciones flexibles para la creaci\u00f3n de paquetes que se adaptan a diversas estrategias de venta<\/li>\n<li><\/li>\n<li>Modelos de precios din\u00e1micos basados \u200b\u200ben los componentes del paquete y los descuentos<\/li>\n<li><\/li>\n<li>Interfaz intuitiva para una f\u00e1cil configuraci\u00f3n y gesti\u00f3n de paquetes<\/li>\n<li><\/li>\n<li>Compatible con productos virtuales, f\u00edsicos y descargables en paquetes<\/li>\n<li><\/li>\n<li>Dise\u00f1os de paquetes personalizables para mejorar la experiencia de compra<\/li>\n<li><\/li>\n<li>Gesti\u00f3n de inventario que sincroniza el stock de los paquetes con el stock de cada producto<\/li>\n<li><\/li>\n<li>Compatibilidad con una amplia gama de temas y plugins de WooCommerce<\/li>\n<li><\/li>\n<li>An\u00e1lisis avanzados para monitorizar el rendimiento de los paquetes y las tendencias de ventas<\/li>\n<li><\/li>\n<li>Dise\u00f1o adaptable a dispositivos m\u00f3viles para una visualizaci\u00f3n \u00f3ptima en todos los dispositivos<\/li>\n<\/ul>\n","protected":false},"excerpt":{"rendered":"<p>Descubre el potencial sin igual de WPC Product Bundles para WooCommerce, una potente herramienta dise\u00f1ada para potenciar tu estrategia de comercio electr\u00f3nico. Este vers\u00e1til plugin ofrece un tutorial intuitivo sobre c\u00f3mo usar WPC Product Bundles para WooCommerce, con una completa gu\u00eda de configuraci\u00f3n y recomendaciones. Explora precios competitivos y rese\u00f1as \u00fatiles que te mostrar\u00e1n c\u00f3mo crear paquetes de productos con WPC para WooCommerce de forma eficaz. Con funciones como c\u00f3digos de descuento, ajustes avanzados y un soporte impecable, este plugin destaca entre los dem\u00e1s. Disfruta de una prueba gratuita para experimentar sus beneficios de primera mano y optimizar WPC Product Bundles para WooCommerce para lograr el m\u00e1ximo impacto en tu tienda online.<\/p>\n","protected":false},"featured_media":169112,"comment_status":"open","ping_status":"open","template":"","meta":[],"product_brand":[2676],"product_cat":[1207,1248,1206],"product_tag":[2313],"class_list":{"0":"post-156269","1":"product","2":"type-product","3":"status-publish","4":"has-post-thumbnail","6":"product_brand-wpclever","7":"product_cat-comercio-electronico-plugins","8":"product_cat-personalizacion-comercio-electronico-plugins","9":"product_cat-plugins","10":"product_tag-wpclever","11":"member-discount","12":"discount-restricted","14":"first","15":"instock","16":"sale","17":"downloadable","18":"virtual","19":"sold-individually","20":"purchasable","21":"product-type-simple"},"_links":{"self":[{"href":"https:\/\/gpl-love.com\/es\/wp-json\/wp\/v2\/product\/156269","targetHints":{"allow":["GET"]}}],"collection":[{"href":"https:\/\/gpl-love.com\/es\/wp-json\/wp\/v2\/product"}],"about":[{"href":"https:\/\/gpl-love.com\/es\/wp-json\/wp\/v2\/types\/product"}],"replies":[{"embeddable":true,"href":"https:\/\/gpl-love.com\/es\/wp-json\/wp\/v2\/comments?post=156269"}],"wp:featuredmedia":[{"embeddable":true,"href":"https:\/\/gpl-love.com\/es\/wp-json\/wp\/v2\/media\/169112"}],"wp:attachment":[{"href":"https:\/\/gpl-love.com\/es\/wp-json\/wp\/v2\/media?parent=156269"}],"wp:term":[{"taxonomy":"product_brand","embeddable":true,"href":"https:\/\/gpl-love.com\/es\/wp-json\/wp\/v2\/product_brand?post=156269"},{"taxonomy":"product_cat","embeddable":true,"href":"https:\/\/gpl-love.com\/es\/wp-json\/wp\/v2\/product_cat?post=156269"},{"taxonomy":"product_tag","embeddable":true,"href":"https:\/\/gpl-love.com\/es\/wp-json\/wp\/v2\/product_tag?post=156269"}],"curies":[{"name":"wp","href":"https:\/\/api.w.org\/{rel}","templated":true}]}}