{"id":156265,"date":"2026-03-16T00:00:00","date_gmt":"2026-03-16T05:00:00","guid":{"rendered":"https:\/\/gpl-love.com\/es\/producto\/wpc-product-table-for-woocommerce\/"},"modified":"2026-03-16T11:16:30","modified_gmt":"2026-03-16T16:16:30","slug":"wpc-product-table-for-woocommerce","status":"publish","type":"product","link":"https:\/\/gpl-love.com\/es\/producto\/wpc-product-table-for-woocommerce\/","title":{"rendered":"WPC Product Table para WooCommerce 3.1.5"},"content":{"rendered":"<h3>WPC Product Table para WooCommerce Caracteristicas<\/h3>\n<p>Descubre la soluci\u00f3n definitiva para exhibir tus productos con WPC Product Table para WooCommerce, considerado el mejor plugin de tablas de productos para WooCommerce. Esta avanzada tabla de productos para WooCommerce mejora la experiencia de compra al presentar los productos de forma clara y organizada. \u00bfQuieres saber c\u00f3mo usar WPC Product Table en WooCommerce? Consulta la intuitiva gu\u00eda de configuraci\u00f3n para una integraci\u00f3n perfecta.<\/p>\n<p>El plugin WPC Product Table ofrece s\u00f3lidas opciones de personalizaci\u00f3n, permitiendo crear visualizaciones a medida que se adaptan a la est\u00e9tica de cualquier tienda. Gracias a su f\u00e1cil personalizaci\u00f3n, crear una atractiva selecci\u00f3n de productos nunca ha sido tan sencillo. Descubre las ventajas de usar WPC Product Table para WooCommerce, como el aumento de las conversiones y una navegaci\u00f3n m\u00e1s sencilla.<\/p>\n<p>\u00bfNecesitas ayuda con la instalaci\u00f3n? El tutorial de instalaci\u00f3n de WPC Product Table proporciona instrucciones paso a paso para una configuraci\u00f3n sin complicaciones. Si te interesa comparar opciones, consulta las rese\u00f1as y la comparativa de plugins de tablas de productos para WooCommerce. Ten en cuenta los precios y las opciones de soporte para tomar una decisi\u00f3n informada.<\/p>\n<ul>\n<li>Integraci\u00f3n perfecta con WooCommerce para una gesti\u00f3n de productos optimizada.<\/li>\n<li><\/li>\n<li>Tablas de productos personalizables para adaptarse a las necesidades \u00fanicas de cada tienda.<\/li>\n<li><\/li>\n<li>Opciones de b\u00fasqueda y filtrado r\u00e1pidas para descubrir productos con mayor facilidad.<\/li>\n<li><\/li>\n<li>Dise\u00f1o adaptable para una visualizaci\u00f3n \u00f3ptima en todos los dispositivos.<\/li>\n<li><\/li>\n<li>Configuraci\u00f3n sencilla sin necesidad de programaci\u00f3n para una experiencia de usuario intuitiva.<\/li>\n<li><\/li>\n<li>Compatible con atributos y variaciones de productos avanzados.<\/li>\n<li><\/li>\n<li>Funci\u00f3n de a\u00f1adir productos al carrito en lote para agilizar el proceso de compra.<\/li>\n<li><\/li>\n<li>Compatible con temas y plugins populares para un uso vers\u00e1til.<\/li>\n<li><\/li>\n<li>Cach\u00e9 integrada para tiempos de carga m\u00e1s r\u00e1pidos y un mejor rendimiento.<\/li>\n<li><\/li>\n<li>Documentaci\u00f3n detallada y soporte para la resoluci\u00f3n de problemas y asistencia t\u00e9cnica.<\/li>\n<\/ul>\n","protected":false},"excerpt":{"rendered":"<p>Descubre el poder transformador de WPC Product Table para WooCommerce, el mejor plugin de tablas de productos para WooCommerce disponible actualmente. Dise\u00f1ado para optimizar la experiencia del usuario, este avanzado plugin ofrece una personalizaci\u00f3n fluida y una integraci\u00f3n sencilla. Si te preguntas c\u00f3mo usar WPC Product Table en WooCommerce, consulta la completa gu\u00eda de configuraci\u00f3n para una instalaci\u00f3n f\u00e1cil. El plugin WPC Product Table destaca por su dise\u00f1o intuitivo y su s\u00f3lida funcionalidad, convirti\u00e9ndolo en una opci\u00f3n ideal para cualquier usuario. Descubre las ventajas de usar WPC Product Table para WooCommerce y aumenta tus ventas. Compara con confianza otros plugins de tablas de productos para WooCommerce, sabiendo que esta opci\u00f3n ofrece precios competitivos y un soporte excepcional.<\/p>\n","protected":false},"featured_media":169110,"comment_status":"open","ping_status":"open","template":"","meta":[],"product_brand":[2676],"product_cat":[1207,1248,1206],"product_tag":[2313],"class_list":{"0":"post-156265","1":"product","2":"type-product","3":"status-publish","4":"has-post-thumbnail","6":"product_brand-wpclever","7":"product_cat-comercio-electronico-plugins","8":"product_cat-personalizacion-comercio-electronico-plugins","9":"product_cat-plugins","10":"product_tag-wpclever","11":"member-discount","12":"discount-restricted","14":"first","15":"instock","16":"sale","17":"downloadable","18":"virtual","19":"sold-individually","20":"purchasable","21":"product-type-simple"},"_links":{"self":[{"href":"https:\/\/gpl-love.com\/es\/wp-json\/wp\/v2\/product\/156265","targetHints":{"allow":["GET"]}}],"collection":[{"href":"https:\/\/gpl-love.com\/es\/wp-json\/wp\/v2\/product"}],"about":[{"href":"https:\/\/gpl-love.com\/es\/wp-json\/wp\/v2\/types\/product"}],"replies":[{"embeddable":true,"href":"https:\/\/gpl-love.com\/es\/wp-json\/wp\/v2\/comments?post=156265"}],"wp:featuredmedia":[{"embeddable":true,"href":"https:\/\/gpl-love.com\/es\/wp-json\/wp\/v2\/media\/169110"}],"wp:attachment":[{"href":"https:\/\/gpl-love.com\/es\/wp-json\/wp\/v2\/media?parent=156265"}],"wp:term":[{"taxonomy":"product_brand","embeddable":true,"href":"https:\/\/gpl-love.com\/es\/wp-json\/wp\/v2\/product_brand?post=156265"},{"taxonomy":"product_cat","embeddable":true,"href":"https:\/\/gpl-love.com\/es\/wp-json\/wp\/v2\/product_cat?post=156265"},{"taxonomy":"product_tag","embeddable":true,"href":"https:\/\/gpl-love.com\/es\/wp-json\/wp\/v2\/product_tag?post=156265"}],"curies":[{"name":"wp","href":"https:\/\/api.w.org\/{rel}","templated":true}]}}