{"id":156263,"date":"2026-04-10T00:00:00","date_gmt":"2026-04-10T05:00:00","guid":{"rendered":"https:\/\/gpl-love.com\/es\/producto\/wpc-smart-compare-for-woocommerce\/"},"modified":"2026-04-10T11:34:06","modified_gmt":"2026-04-10T16:34:06","slug":"wpc-smart-compare-for-woocommerce","status":"publish","type":"product","link":"https:\/\/gpl-love.com\/es\/producto\/wpc-smart-compare-for-woocommerce\/","title":{"rendered":"WPC Smart Compare para WooCommerce 6.5.6"},"content":{"rendered":"<h3>WPC Smart Compare para WooCommerce Caracteristicas<\/h3>\n<p>Descubre la soluci\u00f3n definitiva para comparar productos con el plugin WPC Smart Compare para WooCommerce. Reconocido como la mejor herramienta de comparaci\u00f3n de productos para WooCommerce, transforma la forma en que se eval\u00faan los productos en las tiendas online. Disfruta de una funci\u00f3n de comparaci\u00f3n de productos fluida que simplifica la decisi\u00f3n de compra para tus clientes.<\/p>\n<p>\u00bfQuieres saber c\u00f3mo usar WPC Smart Compare? Su gu\u00eda de configuraci\u00f3n intuitiva y sus sencillos pasos de instalaci\u00f3n garantizan una experiencia sin complicaciones. Simplemente descarga WPC Smart Compare para WooCommerce y sigue las instrucciones para empezar. Mejora tu experiencia WooCommerce con WPC Smart Compare y permite a tus clientes comparar productos f\u00e1cilmente.<\/p>\n<p>\u00bfTe preguntas qu\u00e9 diferencia a WPC Smart Compare de otros plugins para WooCommerce? Sus excepcionales caracter\u00edsticas y ventajas lo convierten en una de las mejores opciones entre las herramientas de comparaci\u00f3n inteligente para WooCommerce. Los usuarios destacan su eficacia, como se puede ver en las excelentes rese\u00f1as del plugin WPC Smart Compare.<\/p>\n<p>Para quienes buscan optimizar WooCommerce, el plugin WPC Smart Compare ofrece una opci\u00f3n de descarga gratuita, haci\u00e9ndolo accesible para todos. Este plugin de WooCommerce para comparar productos es una herramienta imprescindible.<\/p>\n<ul>\n<li>Integraci\u00f3n perfecta con WooCommerce para una comparaci\u00f3n de productos mejorada.<\/li>\n<li><\/li>\n<li>Interfaz intuitiva para seleccionar y comparar f\u00e1cilmente los atributos de los productos.<\/li>\n<li><\/li>\n<li>Tablas de comparaci\u00f3n personalizables para adaptarse a las necesidades \u00fanicas de cada tienda.<\/li>\n<li><\/li>\n<li>Actualizaciones en tiempo real para una comparaci\u00f3n precisa de los datos de los productos.<\/li>\n<li><\/li>\n<li>Dise\u00f1o optimizado para m\u00f3viles para una navegaci\u00f3n \u00f3ptima en cualquier dispositivo.<\/li>\n<li><\/li>\n<li>Admite un n\u00famero ilimitado de productos y atributos para realizar comparaciones exhaustivas.<\/li>\n<li><\/li>\n<li>Ligero y optimizado para tiempos de carga r\u00e1pidos.<\/li>\n<li><\/li>\n<li>Configuraci\u00f3n sencilla sin necesidad de conocimientos de programaci\u00f3n.<\/li>\n<li><\/li>\n<li>Compatible con la mayor\u00eda de temas y plugins de WordPress.<\/li>\n<li><\/li>\n<li>Actualizaciones peri\u00f3dicas y soporte t\u00e9cnico especializado para un rendimiento fiable.<\/li>\n<\/ul>\n","protected":false},"excerpt":{"rendered":"<p>Mejora tu tienda online con el plugin WPC Smart Compare para WooCommerce, la mejor herramienta de comparaci\u00f3n de productos para WooCommerce. Esta innovadora herramienta de comparaci\u00f3n inteligente simplifica la toma de decisiones, permitiendo a tus clientes comparar productos sin esfuerzo. Descubre las ventajas de WPC Smart Compare, incluyendo su sencilla gu\u00eda de configuraci\u00f3n y sus funciones intuitivas. Tanto si comparas productos directamente como si exploras WPC Smart Compare frente a otros plugins de WooCommerce, este plugin destaca por su interfaz f\u00e1cil de usar y su s\u00f3lida funcionalidad. Optimiza tu tienda WooCommerce e impulsa tus ventas con WPC Smart Compare. Descarga WPC Smart Compare para WooCommerce hoy mismo y disfruta de una experiencia de comparaci\u00f3n de productos sin complicaciones.<\/p>\n","protected":false},"featured_media":169109,"comment_status":"open","ping_status":"open","template":"","meta":[],"product_brand":[2676],"product_cat":[1207,1248,1206],"product_tag":[2313],"class_list":{"0":"post-156263","1":"product","2":"type-product","3":"status-publish","4":"has-post-thumbnail","6":"product_brand-wpclever","7":"product_cat-comercio-electronico-plugins","8":"product_cat-personalizacion-comercio-electronico-plugins","9":"product_cat-plugins","10":"product_tag-wpclever","11":"member-discount","12":"discount-restricted","14":"first","15":"instock","16":"sale","17":"downloadable","18":"virtual","19":"sold-individually","20":"purchasable","21":"product-type-simple"},"_links":{"self":[{"href":"https:\/\/gpl-love.com\/es\/wp-json\/wp\/v2\/product\/156263","targetHints":{"allow":["GET"]}}],"collection":[{"href":"https:\/\/gpl-love.com\/es\/wp-json\/wp\/v2\/product"}],"about":[{"href":"https:\/\/gpl-love.com\/es\/wp-json\/wp\/v2\/types\/product"}],"replies":[{"embeddable":true,"href":"https:\/\/gpl-love.com\/es\/wp-json\/wp\/v2\/comments?post=156263"}],"wp:featuredmedia":[{"embeddable":true,"href":"https:\/\/gpl-love.com\/es\/wp-json\/wp\/v2\/media\/169109"}],"wp:attachment":[{"href":"https:\/\/gpl-love.com\/es\/wp-json\/wp\/v2\/media?parent=156263"}],"wp:term":[{"taxonomy":"product_brand","embeddable":true,"href":"https:\/\/gpl-love.com\/es\/wp-json\/wp\/v2\/product_brand?post=156263"},{"taxonomy":"product_cat","embeddable":true,"href":"https:\/\/gpl-love.com\/es\/wp-json\/wp\/v2\/product_cat?post=156263"},{"taxonomy":"product_tag","embeddable":true,"href":"https:\/\/gpl-love.com\/es\/wp-json\/wp\/v2\/product_tag?post=156263"}],"curies":[{"name":"wp","href":"https:\/\/api.w.org\/{rel}","templated":true}]}}