{"id":156261,"date":"2026-03-16T00:00:00","date_gmt":"2026-03-16T05:00:00","guid":{"rendered":"https:\/\/gpl-love.com\/es\/producto\/wpc-product-timer-for-woocommerce\/"},"modified":"2026-03-16T11:16:29","modified_gmt":"2026-03-16T16:16:29","slug":"wpc-product-timer-for-woocommerce","status":"publish","type":"product","link":"https:\/\/gpl-love.com\/es\/producto\/wpc-product-timer-for-woocommerce\/","title":{"rendered":"WPC Product Timer para WooCommerce 5.3.2"},"content":{"rendered":"<h3>WPC Product Timer para WooCommerce Caracteristicas<\/h3>\n<p>Descubre c\u00f3mo potenciar tu tienda WooCommerce con WPC Product Timer para WooCommerce. Este potente plugin funciona como un temporizador de cuenta atr\u00e1s para WooCommerce, integr\u00e1ndose a la perfecci\u00f3n en tu tienda online para crear una sensaci\u00f3n de urgencia e impulsar las conversiones. Su configuraci\u00f3n es muy sencilla gracias a la completa gu\u00eda de instalaci\u00f3n, que garantiza un proceso fluido.<\/p>\n<p>Aprende a usar WPC Product Timer para WooCommerce de forma eficaz siguiendo las mejores pr\u00e1cticas. Optimiza tu tienda con temporizadores de producto que destacan ofertas por tiempo limitado y ventas flash, haci\u00e9ndolas irresistibles para los clientes. Este temporizador de producto para WooCommerce es perfecto para promociones navide\u00f1as, aumentando las ventas con cuentas atr\u00e1s estrat\u00e9gicas que aprovechan la psicolog\u00eda de la urgencia.<\/p>\n<p>Explora las ventajas de usar WPC Product Timer para WooCommerce a trav\u00e9s de tutoriales detallados y rese\u00f1as. Comp\u00e1ralo con otros plugins de temporizador de producto para WooCommerce y encuentra el que mejor se adapte a tus necesidades. Tanto si buscas un plugin de temporizador de ventas para WooCommerce como si necesitas configurar un temporizador de urgencia de producto, este plugin cubre todas las necesidades para mejorar el rendimiento de tu tienda.<\/p>\n<p>Crea ventas por tiempo limitado, aumenta las conversiones y<\/p>\n<ul>\n<li>Automatiza la programaci\u00f3n de la disponibilidad de productos en WooCommerce<\/li>\n<li><\/li>\n<li>Admite promociones por tiempo limitado y ventas flash<\/li>\n<li><\/li>\n<li>Interfaz intuitiva para configurar las horas de inicio y fin<\/li>\n<li><\/li>\n<li>Compatible con productos variables y simples<\/li>\n<li><\/li>\n<li>Mejora la gesti\u00f3n de la tienda con una programaci\u00f3n precisa de los productos<\/li>\n<li><\/li>\n<li>Aumenta las ventas gracias a una visibilidad estrat\u00e9gica de los productos<\/li>\n<li><\/li>\n<li>Reduce el trabajo manual con la programaci\u00f3n automatizada<\/li>\n<li><\/li>\n<li>Se integra perfectamente con la configuraci\u00f3n existente de WooCommerce<\/li>\n<li><\/li>\n<li>Ajustes personalizables para necesidades de programaci\u00f3n espec\u00edficas<\/li>\n<li>Ayuda a optimizar la rotaci\u00f3n de inventario y la interacci\u00f3n con el cliente<\/li>\n<\/ul>\n","protected":false},"excerpt":{"rendered":"<p>Desata todo el potencial de tu tienda online con WPC Product Timer para WooCommerce, una herramienta esencial para impulsar las conversiones y generar urgencia. Descubre c\u00f3mo usar WPC Product Timer para WooCommerce de forma efectiva con nuestra completa gu\u00eda de configuraci\u00f3n y mejores pr\u00e1cticas. Este plugin de temporizador de cuenta regresiva para WooCommerce aumenta las ventas gracias a un proceso de descarga e instalaci\u00f3n sencillo. Aprovecha las ventajas de usar WPC Product Timer para WooCommerce y optimiza tu tienda con temporizadores de producto din\u00e1micos. Perfecto para promociones, ventas flash y ofertas especiales, este plugin de ofertas por tiempo limitado para WooCommerce incrementa las ventas creando urgencia. Explora el temporizador de producto para ventas flash de WooCommerce y disfruta de mayores conversiones. Con el plugin de temporizador de descuentos para WooCommerce, las empresas pueden planificar estrat\u00e9gicamente ventas por tiempo limitado, creando urgencia y maximizando los ingresos.<\/p>\n","protected":false},"featured_media":169108,"comment_status":"open","ping_status":"open","template":"","meta":[],"product_brand":[2676],"product_cat":[1207,1248,1206],"product_tag":[2313],"class_list":{"0":"post-156261","1":"product","2":"type-product","3":"status-publish","4":"has-post-thumbnail","6":"product_brand-wpclever","7":"product_cat-comercio-electronico-plugins","8":"product_cat-personalizacion-comercio-electronico-plugins","9":"product_cat-plugins","10":"product_tag-wpclever","11":"member-discount","12":"discount-restricted","14":"first","15":"instock","16":"sale","17":"downloadable","18":"virtual","19":"sold-individually","20":"purchasable","21":"product-type-simple"},"_links":{"self":[{"href":"https:\/\/gpl-love.com\/es\/wp-json\/wp\/v2\/product\/156261","targetHints":{"allow":["GET"]}}],"collection":[{"href":"https:\/\/gpl-love.com\/es\/wp-json\/wp\/v2\/product"}],"about":[{"href":"https:\/\/gpl-love.com\/es\/wp-json\/wp\/v2\/types\/product"}],"replies":[{"embeddable":true,"href":"https:\/\/gpl-love.com\/es\/wp-json\/wp\/v2\/comments?post=156261"}],"wp:featuredmedia":[{"embeddable":true,"href":"https:\/\/gpl-love.com\/es\/wp-json\/wp\/v2\/media\/169108"}],"wp:attachment":[{"href":"https:\/\/gpl-love.com\/es\/wp-json\/wp\/v2\/media?parent=156261"}],"wp:term":[{"taxonomy":"product_brand","embeddable":true,"href":"https:\/\/gpl-love.com\/es\/wp-json\/wp\/v2\/product_brand?post=156261"},{"taxonomy":"product_cat","embeddable":true,"href":"https:\/\/gpl-love.com\/es\/wp-json\/wp\/v2\/product_cat?post=156261"},{"taxonomy":"product_tag","embeddable":true,"href":"https:\/\/gpl-love.com\/es\/wp-json\/wp\/v2\/product_tag?post=156261"}],"curies":[{"name":"wp","href":"https:\/\/api.w.org\/{rel}","templated":true}]}}