{"id":156259,"date":"2026-03-16T00:00:00","date_gmt":"2026-03-16T05:00:00","guid":{"rendered":"https:\/\/gpl-love.com\/es\/producto\/wpc-product-tabs-for-woocommerce\/"},"modified":"2026-03-16T11:16:29","modified_gmt":"2026-03-16T16:16:29","slug":"wpc-product-tabs-for-woocommerce","status":"publish","type":"product","link":"https:\/\/gpl-love.com\/es\/producto\/wpc-product-tabs-for-woocommerce\/","title":{"rendered":"WPC Product Tabs para WooCommerce 4.2.7"},"content":{"rendered":"<h3>WPC Product Tabs para WooCommerce Caracteristicas<\/h3>\n<p>Desbloquea todo el potencial de tu tienda WooCommerce con el vers\u00e1til plugin WPC Product Tabs para WooCommerce. Esta herramienta esencial permite personalizar las pesta\u00f1as de productos sin problemas, mejorando la experiencia de compra e impulsando la interacci\u00f3n. Para quienes se inician en esta potente herramienta, disponemos de una completa gu\u00eda de configuraci\u00f3n de WPC Product Tabs para WooCommerce, con instrucciones paso a paso para garantizar una integraci\u00f3n eficaz.<\/p>\n<p>Descubre el mejor tutorial de WPC Product Tabs para WooCommerce, que explica en detalle c\u00f3mo usarlo de forma efectiva. La instalaci\u00f3n es muy sencilla gracias a las claras instrucciones, y los usuarios pueden personalizar f\u00e1cilmente sus pesta\u00f1as con consejos sobre c\u00f3mo hacerlo con WPC para WooCommerce.<\/p>\n<p>Explora todas las funciones y ventajas de WPC Product Tabs para WooCommerce, dise\u00f1adas para optimizar las pesta\u00f1as de productos de WooCommerce con el plugin WPC. Las actualizaciones peri\u00f3dicas del plugin WPC Product Tabs para WooCommerce garantizan una compatibilidad y un rendimiento constantes. Si tienes alg\u00fan problema, la soluci\u00f3n de problemas de WPC Product Tabs en WooCommerce es muy sencilla, y contamos con soporte para el plugin en WooCommerce.<\/p>\n<ul>\n<li>Organiza los detalles de los productos en pesta\u00f1as para una navegaci\u00f3n sencilla.<\/li>\n<li><\/li>\n<li>Mejora la experiencia del usuario con un dise\u00f1o de p\u00e1gina de producto limpio y estructurado.<\/li>\n<li><\/li>\n<li>Personaliza los t\u00edtulos y el contenido de las pesta\u00f1as para adaptarlos a las necesidades espec\u00edficas de cada producto.<\/li>\n<li><\/li>\n<li>Admite diversos tipos de contenido, como texto, im\u00e1genes y v\u00eddeos incrustados.<\/li>\n<li><\/li>\n<li>Compatible con la mayor\u00eda de los temas y plugins de WooCommerce para una integraci\u00f3n vers\u00e1til.<\/li>\n<li><\/li>\n<li>Ofrece la funci\u00f3n de arrastrar y soltar para una gesti\u00f3n de pesta\u00f1as sin esfuerzo.<\/li>\n<li><\/li>\n<li>Configuraci\u00f3n de pesta\u00f1as global y por producto opcional para una personalizaci\u00f3n flexible.<\/li>\n<li><\/li>\n<li>Aumenta la interacci\u00f3n al mejorar la accesibilidad de la informaci\u00f3n del producto.<\/li>\n<li><\/li>\n<li>Ligero y optimizado para un rendimiento r\u00e1pido en tiendas WooCommerce.<\/li>\n<li><\/li>\n<li>Las actualizaciones y el soporte regulares garantizan la compatibilidad con las \u00faltimas versiones de WooCommerce.<\/li>\n<\/ul>\n","protected":false},"excerpt":{"rendered":"<p>Descubre la soluci\u00f3n definitiva para potenciar tu tienda WooCommerce con WPC Product Tabs para WooCommerce. Este potente plugin permite una integraci\u00f3n perfecta y ofrece una gu\u00eda de configuraci\u00f3n intuitiva para optimizar tus pesta\u00f1as de productos sin esfuerzo. Sum\u00e9rgete en el mejor tutorial de WPC Product Tabs para WooCommerce y aprende a usar esta herramienta eficazmente. Personaliza las pesta\u00f1as de productos f\u00e1cilmente gracias a las completas instrucciones de instalaci\u00f3n y la configuraci\u00f3n paso a paso. Explora las caracter\u00edsticas y ventajas que hacen de este plugin una herramienta indispensable y garantiza la compatibilidad con tu tienda WooCommerce. Mantente al d\u00eda con las \u00faltimas actualizaciones y soporte del plugin. Transforma tu experiencia de comercio electr\u00f3nico con WPC Product Tabs hoy mismo.<\/p>\n","protected":false},"featured_media":169107,"comment_status":"open","ping_status":"open","template":"","meta":[],"product_brand":[2676],"product_cat":[1207,1248,1206],"product_tag":[2313],"class_list":{"0":"post-156259","1":"product","2":"type-product","3":"status-publish","4":"has-post-thumbnail","6":"product_brand-wpclever","7":"product_cat-comercio-electronico-plugins","8":"product_cat-personalizacion-comercio-electronico-plugins","9":"product_cat-plugins","10":"product_tag-wpclever","11":"member-discount","12":"discount-restricted","14":"first","15":"instock","16":"sale","17":"downloadable","18":"virtual","19":"sold-individually","20":"purchasable","21":"product-type-simple"},"_links":{"self":[{"href":"https:\/\/gpl-love.com\/es\/wp-json\/wp\/v2\/product\/156259","targetHints":{"allow":["GET"]}}],"collection":[{"href":"https:\/\/gpl-love.com\/es\/wp-json\/wp\/v2\/product"}],"about":[{"href":"https:\/\/gpl-love.com\/es\/wp-json\/wp\/v2\/types\/product"}],"replies":[{"embeddable":true,"href":"https:\/\/gpl-love.com\/es\/wp-json\/wp\/v2\/comments?post=156259"}],"wp:featuredmedia":[{"embeddable":true,"href":"https:\/\/gpl-love.com\/es\/wp-json\/wp\/v2\/media\/169107"}],"wp:attachment":[{"href":"https:\/\/gpl-love.com\/es\/wp-json\/wp\/v2\/media?parent=156259"}],"wp:term":[{"taxonomy":"product_brand","embeddable":true,"href":"https:\/\/gpl-love.com\/es\/wp-json\/wp\/v2\/product_brand?post=156259"},{"taxonomy":"product_cat","embeddable":true,"href":"https:\/\/gpl-love.com\/es\/wp-json\/wp\/v2\/product_cat?post=156259"},{"taxonomy":"product_tag","embeddable":true,"href":"https:\/\/gpl-love.com\/es\/wp-json\/wp\/v2\/product_tag?post=156259"}],"curies":[{"name":"wp","href":"https:\/\/api.w.org\/{rel}","templated":true}]}}