{"id":156245,"date":"2025-10-14T00:00:00","date_gmt":"2025-10-14T05:00:00","guid":{"rendered":"https:\/\/gpl-love.com\/es\/producto\/woocommerce-tax-exempt\/"},"modified":"2026-03-09T08:44:09","modified_gmt":"2026-03-09T13:44:09","slug":"woocommerce-tax-exempt","status":"publish","type":"product","link":"https:\/\/gpl-love.com\/es\/producto\/woocommerce-tax-exempt\/","title":{"rendered":"WooCommerce Tax Exempt 1.9.2"},"content":{"rendered":"<h3>WooCommerce Tax Exempt Caracteristicas<\/h3>\n<p>Gestionar las complejidades del impuesto sobre las ventas en una tienda online puede resultar abrumador. Para quienes usan WooCommerce, existe una soluci\u00f3n robusta: el plugin de exenci\u00f3n de impuestos de WooCommerce. Esta herramienta es revolucionaria para las empresas que necesitan una forma sencilla de gestionar las exenciones fiscales. Con la configuraci\u00f3n de exenci\u00f3n de impuestos de WooCommerce, configurar las exenciones es mucho m\u00e1s f\u00e1cil. Aprenda a configurar la exenci\u00f3n de impuestos en WooCommerce con facilidad y garantice una atenci\u00f3n eficiente a los clientes exentos de impuestos.<\/p>\n<p>La funci\u00f3n de exenci\u00f3n de impuestos de WooCommerce para empresas ofrece un enfoque integral, integrando un formulario de exenci\u00f3n de impuestos sencillo para una interacci\u00f3n fluida con el cliente. Gestione los certificados de exenci\u00f3n de impuestos sin esfuerzo con la gesti\u00f3n de certificados de exenci\u00f3n de impuestos de WooCommerce. Esta es, sin duda, la mejor soluci\u00f3n de exenci\u00f3n de impuestos para tiendas online que buscan optimizar sus procesos.<\/p>\n<p>Para quienes buscan orientaci\u00f3n, hay disponible un tutorial o gu\u00eda detallada sobre la exenci\u00f3n de impuestos de WooCommerce, con instrucciones paso a paso y las mejores pr\u00e1cticas. Tanto si es nuevo en esto como si busca un sistema m\u00e1s eficiente, la gu\u00eda de exenci\u00f3n de impuestos de WooCommerce para tiendas online le proporciona informaci\u00f3n valios\u00edsima.<\/p>\n<ul>\n<li>Permite un procesamiento fluido de exenciones fiscales para clientes elegibles.<\/li>\n<li><\/li>\n<li>Configuraci\u00f3n personalizable para gestionar el estado de exenci\u00f3n fiscal por usuario.<\/li>\n<li><\/li>\n<li>Validaci\u00f3n autom\u00e1tica de los certificados de exenci\u00f3n fiscal durante el proceso de pago.<\/li>\n<li><\/li>\n<li>Interfaz intuitiva para propietarios de tiendas y clientes.<\/li>\n<li><\/li>\n<li>Admite actualizaciones masivas para gestionar m\u00faltiples usuarios exentos de impuestos.<\/li>\n<li><\/li>\n<li>Compatible con diversos temas y plugins de WooCommerce.<\/li>\n<li><\/li>\n<li>Actualizaciones en tiempo real para garantizar el cumplimiento de la normativa fiscal.<\/li>\n<li><\/li>\n<li>Informes detallados y registros de auditor\u00eda para un control sencillo.<\/li>\n<li><\/li>\n<li>Se integra perfectamente con la configuraci\u00f3n fiscal existente de WooCommerce.<\/li>\n<li><\/li>\n<li>Mejora la experiencia del cliente simplificando el proceso de pago.<\/li>\n<\/ul>\n","protected":false},"excerpt":{"rendered":"<p>Optimiza la gesti\u00f3n de impuestos de tu tienda online con el plugin WooCommerce Tax Exempt. Dise\u00f1ado para empresas que necesitan una configuraci\u00f3n eficiente de exenciones fiscales en WooCommerce, esta herramienta simplifica el proceso. Ofrece a tus clientes exentos de impuestos una experiencia de compra \u00e1gil y sencilla, mientras que tu negocio se beneficia de la robusta funci\u00f3n de exenci\u00f3n de impuestos de WooCommerce. Integra f\u00e1cilmente el formulario de exenci\u00f3n de impuestos y gestiona los certificados sin esfuerzo. Reconocido como la mejor soluci\u00f3n para exenciones fiscales en WooCommerce, ofrece un completo tutorial y gu\u00eda, garantizando el buen funcionamiento de tu tienda online. Mejora el cumplimiento normativo y la satisfacci\u00f3n de tus clientes hoy mismo.<\/p>\n","protected":false},"featured_media":169100,"comment_status":"open","ping_status":"open","template":"","meta":[],"product_brand":[2344],"product_cat":[1207,1248,1206],"product_tag":[1423],"class_list":{"0":"post-156245","1":"product","2":"type-product","3":"status-publish","4":"has-post-thumbnail","6":"product_brand-woocommerce","7":"product_cat-comercio-electronico-plugins","8":"product_cat-personalizacion-comercio-electronico-plugins","9":"product_cat-plugins","10":"product_tag-woocommerce","11":"member-discount","12":"discount-restricted","14":"first","15":"instock","16":"sale","17":"downloadable","18":"virtual","19":"sold-individually","20":"purchasable","21":"product-type-simple"},"_links":{"self":[{"href":"https:\/\/gpl-love.com\/es\/wp-json\/wp\/v2\/product\/156245","targetHints":{"allow":["GET"]}}],"collection":[{"href":"https:\/\/gpl-love.com\/es\/wp-json\/wp\/v2\/product"}],"about":[{"href":"https:\/\/gpl-love.com\/es\/wp-json\/wp\/v2\/types\/product"}],"replies":[{"embeddable":true,"href":"https:\/\/gpl-love.com\/es\/wp-json\/wp\/v2\/comments?post=156245"}],"wp:featuredmedia":[{"embeddable":true,"href":"https:\/\/gpl-love.com\/es\/wp-json\/wp\/v2\/media\/169100"}],"wp:attachment":[{"href":"https:\/\/gpl-love.com\/es\/wp-json\/wp\/v2\/media?parent=156245"}],"wp:term":[{"taxonomy":"product_brand","embeddable":true,"href":"https:\/\/gpl-love.com\/es\/wp-json\/wp\/v2\/product_brand?post=156245"},{"taxonomy":"product_cat","embeddable":true,"href":"https:\/\/gpl-love.com\/es\/wp-json\/wp\/v2\/product_cat?post=156245"},{"taxonomy":"product_tag","embeddable":true,"href":"https:\/\/gpl-love.com\/es\/wp-json\/wp\/v2\/product_tag?post=156245"}],"curies":[{"name":"wp","href":"https:\/\/api.w.org\/{rel}","templated":true}]}}