{"id":156243,"date":"2026-02-06T00:00:00","date_gmt":"2026-02-06T05:00:00","guid":{"rendered":"https:\/\/gpl-love.com\/es\/producto\/code-snippets-pro\/"},"modified":"2026-03-09T08:44:08","modified_gmt":"2026-03-09T13:44:08","slug":"code-snippets-pro","status":"publish","type":"product","link":"https:\/\/gpl-love.com\/es\/producto\/code-snippets-pro\/","title":{"rendered":"Code Snippets Pro 3.9.5"},"content":{"rendered":"<h3>Code Snippets Pro Caracteristicas<\/h3>\n<p>Descubre la herramienta definitiva para desarrolladores de WordPress: Code Snippets Pro. Este potente plugin simplifica la adici\u00f3n de c\u00f3digo personalizado a sitios web sin necesidad de editar los archivos del tema, convirti\u00e9ndose en una herramienta imprescindible para los desarrolladores. Sum\u00e9rgete en los tutoriales de Code Snippets Pro para aprender a usarlo eficazmente y aprovechar todo su potencial.<\/p>\n<p>\u00bfQuieres saber m\u00e1s sobre su posici\u00f3n en el mercado? Un an\u00e1lisis completo del plugin Code Snippets Pro muestra c\u00f3mo supera a la competencia con su interfaz intuitiva y sus s\u00f3lidas funciones. Desde principiantes hasta usuarios avanzados, las mejores funciones de Code Snippets Pro se adaptan a todos los niveles de habilidad.<\/p>\n<p>\u00bfEst\u00e1s pensando en la integraci\u00f3n? Explora los consejos de integraci\u00f3n de Code Snippets Pro para incorporar esta herramienta sin problemas a tus flujos de trabajo existentes. La gu\u00eda de instalaci\u00f3n y la gu\u00eda del usuario de Code Snippets Pro garantizan una configuraci\u00f3n sencilla, y el soporte y la ayuda est\u00e1n disponibles para cualquier consulta.<\/p>\n<p>Para los desarrolladores que buscan funciones avanzadas y eficiencia, Code Snippets Pro ofrece opciones de personalizaci\u00f3n inigualables. Compara Code Snippets Pro con sus competidores para ver por qu\u00e9 este plugin es el mejor.<\/p>\n<ul>\n<li>Amplia biblioteca de fragmentos de c\u00f3digo predefinidos para un desarrollo m\u00e1s r\u00e1pido.<\/li>\n<li><\/li>\n<li>Interfaz intuitiva para una navegaci\u00f3n sencilla y un acceso r\u00e1pido.<\/li>\n<li><\/li>\n<li>Categor\u00edas de fragmentos personalizables para una organizaci\u00f3n a medida.<\/li>\n<li><\/li>\n<li>Compatible con m\u00faltiples lenguajes de programaci\u00f3n para un uso vers\u00e1til.<\/li>\n<li><\/li>\n<li>Integraci\u00f3n perfecta con los editores de c\u00f3digo e IDE m\u00e1s populares.<\/li>\n<li><\/li>\n<li>Almacenamiento en la nube para acceder desde cualquier dispositivo y plataforma.<\/li>\n<li><\/li>\n<li>Funcionalidad de b\u00fasqueda avanzada para encontrar fragmentos r\u00e1pidamente.<\/li>\n<li><\/li>\n<li>Funciones de colaboraci\u00f3n para compartir fragmentos con el equipo.<\/li>\n<li><\/li>\n<li>Actualizaciones peri\u00f3dicas con nuevos fragmentos y mejoras.<\/li>\n<li><\/li>\n<li>Entorno seguro que garantiza la privacidad y la protecci\u00f3n del c\u00f3digo.<\/li>\n<\/ul>\n","protected":false},"excerpt":{"rendered":"<p>Descubre el potencial transformador de Code Snippets Pro, una herramienta imprescindible para desarrolladores y entusiastas de WordPress. Este completo plugin lleva la programaci\u00f3n al siguiente nivel con su interfaz intuitiva y sus completos tutoriales sobre c\u00f3mo usar Code Snippets Pro de forma eficaz. Consulta las rese\u00f1as de Code Snippets Pro y descubre sus mejores caracter\u00edsticas, que lo diferencian de la competencia. Tanto si eres principiante como si tienes experiencia, la gu\u00eda de usuario y la gu\u00eda de instalaci\u00f3n de Code Snippets Pro simplifican la integraci\u00f3n, mientras que su precio garantiza una excelente relaci\u00f3n calidad-precio. Optimiza tu flujo de trabajo con funciones avanzadas, consejos de integraci\u00f3n de expertos y un soporte y recursos de ayuda excepcionales. \u00a1Maximiza tu eficiencia con Code Snippets Pro hoy mismo!<\/p>\n","protected":false},"featured_media":169099,"comment_status":"open","ping_status":"open","template":"","meta":[],"product_brand":[2675],"product_cat":[1212,1206,1211],"product_tag":[2312],"class_list":{"0":"post-156243","1":"product","2":"type-product","3":"status-publish","4":"has-post-thumbnail","6":"product_brand-code-snippets","7":"product_cat-administracion-wordpress-plugins","8":"product_cat-plugins","9":"product_cat-wordpress-plugins","10":"product_tag-code-snippets","11":"member-discount","12":"discount-restricted","14":"first","15":"instock","16":"sale","17":"downloadable","18":"virtual","19":"sold-individually","20":"purchasable","21":"product-type-simple"},"_links":{"self":[{"href":"https:\/\/gpl-love.com\/es\/wp-json\/wp\/v2\/product\/156243","targetHints":{"allow":["GET"]}}],"collection":[{"href":"https:\/\/gpl-love.com\/es\/wp-json\/wp\/v2\/product"}],"about":[{"href":"https:\/\/gpl-love.com\/es\/wp-json\/wp\/v2\/types\/product"}],"replies":[{"embeddable":true,"href":"https:\/\/gpl-love.com\/es\/wp-json\/wp\/v2\/comments?post=156243"}],"wp:featuredmedia":[{"embeddable":true,"href":"https:\/\/gpl-love.com\/es\/wp-json\/wp\/v2\/media\/169099"}],"wp:attachment":[{"href":"https:\/\/gpl-love.com\/es\/wp-json\/wp\/v2\/media?parent=156243"}],"wp:term":[{"taxonomy":"product_brand","embeddable":true,"href":"https:\/\/gpl-love.com\/es\/wp-json\/wp\/v2\/product_brand?post=156243"},{"taxonomy":"product_cat","embeddable":true,"href":"https:\/\/gpl-love.com\/es\/wp-json\/wp\/v2\/product_cat?post=156243"},{"taxonomy":"product_tag","embeddable":true,"href":"https:\/\/gpl-love.com\/es\/wp-json\/wp\/v2\/product_tag?post=156243"}],"curies":[{"name":"wp","href":"https:\/\/api.w.org\/{rel}","templated":true}]}}