{"id":156234,"date":"2024-01-12T00:00:00","date_gmt":"2024-01-12T05:00:00","guid":{"rendered":"https:\/\/gpl-love.com\/es\/producto\/divi-business-pro\/"},"modified":"2026-03-13T17:36:46","modified_gmt":"2026-03-13T22:36:46","slug":"divi-business-pro","status":"publish","type":"product","link":"https:\/\/gpl-love.com\/es\/producto\/divi-business-pro\/","title":{"rendered":"Divi Business Pro 1.0.15"},"content":{"rendered":"<h3>Divi Business Pro Caracteristicas<\/h3>\n<p>Descubre la soluci\u00f3n definitiva para el dise\u00f1o web profesional con los temas Divi Business Pro para WordPress. Perfectos para peque\u00f1as empresas que buscan consolidar su presencia online, estos temas ofrecen opciones de personalizaci\u00f3n inigualables. Con las mejores plantillas de Divi Business Pro a tu alcance, crear un sitio web impresionante y f\u00e1cil de usar nunca ha sido tan sencillo.<\/p>\n<p>\u00bfTienes curiosidad por los precios de Divi Business Pro? Existen opciones flexibles que se adaptan a cualquier presupuesto, garantizando el acceso a funciones de dise\u00f1o de primer nivel sin gastar una fortuna. \u00bfEres nuevo en la creaci\u00f3n de sitios web? El tutorial y la gu\u00eda de configuraci\u00f3n de Divi Business Pro proporcionan instrucciones paso a paso sobre c\u00f3mo usar Divi Business Pro de forma eficaz, haci\u00e9ndolo accesible incluso para principiantes.<\/p>\n<p>Al comparar Divi Business Pro con la competencia, sus caracter\u00edsticas destacadas, su soporte confiable y sus actualizaciones constantes lo convierten en la opci\u00f3n preferida. Los usuarios suelen resaltar la facilidad de uso y la versatilidad en las rese\u00f1as de Divi Business Pro. Cuando est\u00e9s listo para empezar, una descarga r\u00e1pida de Divi Business Pro te permitir\u00e1 crear un sitio web excepcional.<\/p>\n<p>Para quienes buscan una herramienta potente, adaptable y<\/p>\n<ul>\n<li>Potente creador de sitios web con funci\u00f3n de arrastrar y soltar<\/li>\n<li><\/li>\n<li>Elementos de dise\u00f1o personalizables para una est\u00e9tica de marca a medida<\/li>\n<li><\/li>\n<li>Dise\u00f1os adaptables optimizados para dispositivos m\u00f3viles y de escritorio<\/li>\n<li><\/li>\n<li>Herramientas SEO integradas para mejorar la visibilidad en buscadores<\/li>\n<li><\/li>\n<li>Opciones de temas vers\u00e1tiles adecuadas para diversos tipos de negocios<\/li>\n<li><\/li>\n<li>Funciones de seguridad integradas para proteger los datos confidenciales<\/li>\n<li><\/li>\n<li>Amplia biblioteca de plantillas predise\u00f1adas para una configuraci\u00f3n r\u00e1pida<\/li>\n<li><\/li>\n<li>Integraci\u00f3n perfecta con los plugins de terceros m\u00e1s populares<\/li>\n<li><\/li>\n<li>Actualizaciones peri\u00f3dicas que garantizan la compatibilidad con los \u00faltimos est\u00e1ndares web<\/li>\n<li><\/li>\n<li>Soporte integral y recursos de la comunidad para la resoluci\u00f3n de problemas y el aprendizaje<\/li>\n<\/ul>\n","protected":false},"excerpt":{"rendered":"<p>Descubre el poder transformador de los temas Divi Business Pro para WordPress, dise\u00f1ados para optimizar el dise\u00f1o de tu sitio web sin esfuerzo. Tanto si buscas adquirir Divi Business Pro por su precio competitivo como si necesitas un tutorial completo, este tema ofrece funciones y opciones de personalizaci\u00f3n inigualables, perfectas para peque\u00f1as empresas. Explora las mejores plantillas de Divi Business Pro y aprende a usarlo eficazmente con nuestras gu\u00edas de configuraci\u00f3n intuitivas. Disfruta de las ventajas del soporte y las actualizaciones continuas de Divi Business Pro, que garantizan que tu sitio web est\u00e9 siempre a la vanguardia. Compara Divi Business Pro con la competencia y desc\u00e1rgalo hoy mismo para descubrir todo su potencial.<\/p>\n","protected":false},"featured_media":169091,"comment_status":"open","ping_status":"open","template":"","meta":[],"product_brand":[2538],"product_cat":[1307,1237,1238],"product_tag":[2273],"class_list":{"0":"post-156234","1":"product","2":"type-product","3":"status-publish","4":"has-post-thumbnail","6":"product_brand-wp-zone","7":"product_cat-negocio-wordpress-temas","8":"product_cat-temas","9":"product_cat-wordpress-temas","10":"product_tag-wp-zone","11":"member-discount","12":"discount-restricted","14":"first","15":"instock","16":"sale","17":"downloadable","18":"virtual","19":"sold-individually","20":"purchasable","21":"product-type-simple"},"_links":{"self":[{"href":"https:\/\/gpl-love.com\/es\/wp-json\/wp\/v2\/product\/156234","targetHints":{"allow":["GET"]}}],"collection":[{"href":"https:\/\/gpl-love.com\/es\/wp-json\/wp\/v2\/product"}],"about":[{"href":"https:\/\/gpl-love.com\/es\/wp-json\/wp\/v2\/types\/product"}],"replies":[{"embeddable":true,"href":"https:\/\/gpl-love.com\/es\/wp-json\/wp\/v2\/comments?post=156234"}],"wp:featuredmedia":[{"embeddable":true,"href":"https:\/\/gpl-love.com\/es\/wp-json\/wp\/v2\/media\/169091"}],"wp:attachment":[{"href":"https:\/\/gpl-love.com\/es\/wp-json\/wp\/v2\/media?parent=156234"}],"wp:term":[{"taxonomy":"product_brand","embeddable":true,"href":"https:\/\/gpl-love.com\/es\/wp-json\/wp\/v2\/product_brand?post=156234"},{"taxonomy":"product_cat","embeddable":true,"href":"https:\/\/gpl-love.com\/es\/wp-json\/wp\/v2\/product_cat?post=156234"},{"taxonomy":"product_tag","embeddable":true,"href":"https:\/\/gpl-love.com\/es\/wp-json\/wp\/v2\/product_tag?post=156234"}],"curies":[{"name":"wp","href":"https:\/\/api.w.org\/{rel}","templated":true}]}}