{"id":154335,"date":"2024-01-12T00:00:00","date_gmt":"2024-01-12T05:00:00","guid":{"rendered":"https:\/\/gpl-love.com\/es\/producto\/divi-courses\/"},"modified":"2026-03-13T17:36:45","modified_gmt":"2026-03-13T22:36:45","slug":"divi-courses","status":"publish","type":"product","link":"https:\/\/gpl-love.com\/es\/producto\/divi-courses\/","title":{"rendered":"Divi Courses 1.0.6"},"content":{"rendered":"<h3>Divi Courses Caracteristicas<\/h3>\n<p>Mejora tus habilidades de dise\u00f1o web con nuestros Cursos Divi. Estos cursos completos ofrecen tutoriales detallados sobre c\u00f3mo usar eficazmente el tema Divi, un tema popular de WordPress ampliamente utilizado por su flexibilidad y capacidades de dise\u00f1o. Tanto si eres principiante como dise\u00f1ador web experimentado, nuestros Cursos Divi te proporcionar\u00e1n las herramientas y los conocimientos necesarios para crear sitios web visualmente impactantes y altamente funcionales. Los m\u00f3dulos del curso abarcan una amplia gama de temas, como la configuraci\u00f3n del tema Divi, el uso del constructor Divi, la creaci\u00f3n de dise\u00f1os, m\u00f3dulos y m\u00e1s. Aprende a tu propio ritmo y lleva tus habilidades de dise\u00f1o web al siguiente nivel con nuestros Cursos Divi.<\/p>\n<ul>\n<li>Plataforma de aprendizaje integral que ofrece una amplia selecci\u00f3n de cursos sobre el uso de Divi, un popular creador de temas para WordPress.<\/li>\n<li>Los cursos abarcan desde el nivel principiante hasta el avanzado, adapt\u00e1ndose a todos los niveles de habilidad en dise\u00f1o y desarrollo web.<\/li>\n<li>Ofrece tutoriales pr\u00e1cticos, gu\u00edas paso a paso y ejercicios pr\u00e1cticos para ayudar a los usuarios a dominar el creador Divi.<\/li>\n<li>Abarca temas esenciales como la creaci\u00f3n de dise\u00f1os personalizados, el dise\u00f1o de p\u00e1ginas atractivas y la optimizaci\u00f3n del rendimiento del sitio web con Divi.<\/li>\n<li>Ofrece un aprendizaje flexible, permitiendo a los usuarios aprender a su propio ritmo y revisar los materiales del curso en cualquier momento.<\/li>\n<li>Incluye m\u00faltiples cuestionarios y evaluaciones para evaluar los conocimientos y la comprensi\u00f3n del material del curso.<\/li>\n<li>Proporciona acceso 24\/7 a los materiales y recursos del curso, lo que permite un aprendizaje c\u00f3modo y a su propio ritmo.<\/li>\n<li>Ofrece un foro comunitario dedicado y soporte experto para todos los participantes del curso.<\/li>\n<li>Al finalizar cada curso, los usuarios reciben un certificado de finalizaci\u00f3n para demostrar sus nuevas habilidades con Divi.<\/li>\n<li>Actualiza peri\u00f3dicamente el contenido del curso para mantenerse al d\u00eda con las \u00faltimas funciones y actualizaciones de Divi. Tambi\u00e9n ofrece valiosos consejos y trucos para mejorar la experiencia general del usuario con Divi.<\/li>\n<li>Ideal para desarrolladores web, profesionales del marketing digital o cualquier persona interesada en mejorar sus habilidades de dise\u00f1o web con Divi.<\/li>\n<\/ul>\n","protected":false},"excerpt":{"rendered":"<p>Nuestros cursos Divi son incre\u00edblemente valiosos e informativos y est\u00e1n repletos de horas de contenido atractivo. Elaborados por expertos muy respetados en sus campos, estos cursos tienen como objetivo mejorar sus habilidades como dise\u00f1ador, desarrollador y emprendedor.<\/p>\n<p>La membres\u00eda viene con reducciones exclusivas en todos nuestros cursos actuales y futuros. El monto del descuento var\u00eda seg\u00fan el tipo de plan de membres\u00eda elegido. \u00a1Los miembros que se comprometan con membres\u00edas de varios a\u00f1os pueden obtener ahorros significativos!<\/p>\n","protected":false},"featured_media":169089,"comment_status":"open","ping_status":"open","template":"","meta":[],"product_brand":[2538],"product_cat":[1267,1237,1238],"product_tag":[2273],"class_list":{"0":"post-154335","1":"product","2":"type-product","3":"status-publish","4":"has-post-thumbnail","6":"product_brand-wp-zone","7":"product_cat-creativo","8":"product_cat-temas","9":"product_cat-wordpress-temas","10":"product_tag-wp-zone","11":"member-discount","12":"discount-restricted","14":"first","15":"instock","16":"sale","17":"downloadable","18":"virtual","19":"sold-individually","20":"purchasable","21":"product-type-simple"},"_links":{"self":[{"href":"https:\/\/gpl-love.com\/es\/wp-json\/wp\/v2\/product\/154335","targetHints":{"allow":["GET"]}}],"collection":[{"href":"https:\/\/gpl-love.com\/es\/wp-json\/wp\/v2\/product"}],"about":[{"href":"https:\/\/gpl-love.com\/es\/wp-json\/wp\/v2\/types\/product"}],"replies":[{"embeddable":true,"href":"https:\/\/gpl-love.com\/es\/wp-json\/wp\/v2\/comments?post=154335"}],"wp:featuredmedia":[{"embeddable":true,"href":"https:\/\/gpl-love.com\/es\/wp-json\/wp\/v2\/media\/169089"}],"wp:attachment":[{"href":"https:\/\/gpl-love.com\/es\/wp-json\/wp\/v2\/media?parent=154335"}],"wp:term":[{"taxonomy":"product_brand","embeddable":true,"href":"https:\/\/gpl-love.com\/es\/wp-json\/wp\/v2\/product_brand?post=154335"},{"taxonomy":"product_cat","embeddable":true,"href":"https:\/\/gpl-love.com\/es\/wp-json\/wp\/v2\/product_cat?post=154335"},{"taxonomy":"product_tag","embeddable":true,"href":"https:\/\/gpl-love.com\/es\/wp-json\/wp\/v2\/product_tag?post=154335"}],"curies":[{"name":"wp","href":"https:\/\/api.w.org\/{rel}","templated":true}]}}