{"id":154333,"date":"2024-03-13T00:00:00","date_gmt":"2024-03-13T05:00:00","guid":{"rendered":"https:\/\/gpl-love.com\/es\/producto\/divi-ecommerce\/"},"modified":"2026-03-13T17:36:44","modified_gmt":"2026-03-13T22:36:44","slug":"divi-ecommerce","status":"publish","type":"product","link":"https:\/\/gpl-love.com\/es\/producto\/divi-ecommerce\/","title":{"rendered":"Divi Ecommerce 1.3.5"},"content":{"rendered":"<h3>Divi Ecommerce Caracteristicas<\/h3>\n<p>Divi ecommerce est\u00e1 dise\u00f1ado para impulsar las ventas online, lo que lo hace perfecto para cualquier empresa que planee comercializar productos online. Esta excepcional soluci\u00f3n de comercio electr\u00f3nico ofrece fant\u00e1sticas funciones para simplificar los procesos de venta. El paquete incluye dos p\u00e1ginas de inicio distintas con elementos \u00fanicos, como funciones para mostrar productos en tendencia y destacados, una cuenta regresiva para la Oferta del D\u00eda para ofertas por tiempo limitado y un formulario de suscripci\u00f3n por correo electr\u00f3nico f\u00e1cil de ver para ampliar la lista de suscriptores.<\/p>\n<p>Esta tienda, meticulosamente dise\u00f1ada, cuenta con un dise\u00f1o atractivo y una barra lateral personalizada espec\u00edficamente para WooCommerce. Adem\u00e1s, cada p\u00e1gina de producto alberga elementos esenciales como la navegaci\u00f3n con migas de pan, art\u00edculos vinculados con etiquetas y art\u00edculos relacionados con categor\u00edas, as\u00ed como pesta\u00f1as verticales personalizadas que incorporan informaci\u00f3n adicional de forma clara.<\/p>\n<p>Adem\u00e1s de una funci\u00f3n de blog y elegantes p\u00e1ginas \u00abAcerca de\u00bb y \u00abContacto\u00bb, Divi ecommerce ofrece p\u00e1ginas de compra preconfiguradas y con un dise\u00f1o eficiente, como las de carrito, inicio de sesi\u00f3n y pago.<\/p>\n<ul>\n<li>Seleccione entre dos p\u00e1ginas de inicio ricas en funciones para crear una primera impresi\u00f3n duradera<\/li>\n<li>Utilice la barra lateral de WooCommerce dise\u00f1ada a medida para ayudar a que los productos se destaquen<\/li>\n<li>Aproveche el poder del marketing de contenidos para aumentar la visibilidad en la b\u00fasqueda<\/li>\n<li>Cree una tienda en l\u00ednea a gran velocidad sin tocar una l\u00ednea de c\u00f3digo<\/li>\n<\/ul>\n","protected":false},"excerpt":{"rendered":"<p>El tema de comercio electr\u00f3nico Divi, repleto de multitud de funciones centradas en las ventas, es una opci\u00f3n ideal para las empresas que buscan ventas en l\u00ednea y generaci\u00f3n de ingresos. Perfectamente alineado e integrado con WooCommerce, el comercio electr\u00f3nico Divi ha simplificado todo el proceso de compra de los clientes, lo que requiere que las empresas simplemente agreguen su contenido \u00fanico y fotograf\u00edas de productos para iniciar sus ventas en l\u00ednea. Con un dise\u00f1o atractivo repleto de facetas atractivas y orientadas a las ventas, este tema integral de WooCommerce ayuda a las empresas a crear un entorno de compras en l\u00ednea cautivador que garantice visitas repetidas de los clientes.<\/p>\n","protected":false},"featured_media":169088,"comment_status":"open","ping_status":"open","template":"","meta":[],"product_brand":[2538],"product_cat":[1263,1264,1237],"product_tag":[2273],"class_list":{"0":"post-154333","1":"product","2":"type-product","3":"status-publish","4":"has-post-thumbnail","6":"product_brand-wp-zone","7":"product_cat-comercio-electronico-temas","8":"product_cat-negocio","9":"product_cat-temas","10":"product_tag-wp-zone","11":"member-discount","12":"discount-restricted","14":"first","15":"instock","16":"sale","17":"downloadable","18":"virtual","19":"sold-individually","20":"purchasable","21":"product-type-simple"},"_links":{"self":[{"href":"https:\/\/gpl-love.com\/es\/wp-json\/wp\/v2\/product\/154333","targetHints":{"allow":["GET"]}}],"collection":[{"href":"https:\/\/gpl-love.com\/es\/wp-json\/wp\/v2\/product"}],"about":[{"href":"https:\/\/gpl-love.com\/es\/wp-json\/wp\/v2\/types\/product"}],"replies":[{"embeddable":true,"href":"https:\/\/gpl-love.com\/es\/wp-json\/wp\/v2\/comments?post=154333"}],"wp:featuredmedia":[{"embeddable":true,"href":"https:\/\/gpl-love.com\/es\/wp-json\/wp\/v2\/media\/169088"}],"wp:attachment":[{"href":"https:\/\/gpl-love.com\/es\/wp-json\/wp\/v2\/media?parent=154333"}],"wp:term":[{"taxonomy":"product_brand","embeddable":true,"href":"https:\/\/gpl-love.com\/es\/wp-json\/wp\/v2\/product_brand?post=154333"},{"taxonomy":"product_cat","embeddable":true,"href":"https:\/\/gpl-love.com\/es\/wp-json\/wp\/v2\/product_cat?post=154333"},{"taxonomy":"product_tag","embeddable":true,"href":"https:\/\/gpl-love.com\/es\/wp-json\/wp\/v2\/product_tag?post=154333"}],"curies":[{"name":"wp","href":"https:\/\/api.w.org\/{rel}","templated":true}]}}