{"id":154331,"date":"2024-01-12T00:00:00","date_gmt":"2024-01-12T05:00:00","guid":{"rendered":"https:\/\/gpl-love.com\/es\/producto\/divi-ecommerce-pro\/"},"modified":"2026-03-13T17:36:43","modified_gmt":"2026-03-13T22:36:43","slug":"divi-ecommerce-pro","status":"publish","type":"product","link":"https:\/\/gpl-love.com\/es\/producto\/divi-ecommerce-pro\/","title":{"rendered":"Divi Ecommerce Pro 1.0.10"},"content":{"rendered":"<h3>Divi Ecommerce Pro Caracteristicas<\/h3>\n<p>Divi Ecommerce Pro es un creador de tiendas online profesional y de alta calidad, dise\u00f1ado espec\u00edficamente para sitios web de WordPress. Esta potente herramienta te permite crear y gestionar f\u00e1cilmente una tienda online directamente desde tu sitio de WordPress. Ofrece una amplia gama de funciones personalizables, como p\u00e1ginas de producto, carritos de compra, cajas y mucho m\u00e1s. Adem\u00e1s, Divi Ecommerce Pro se integra a la perfecci\u00f3n con las pasarelas de pago m\u00e1s populares, facilitando y asegurando las transacciones tanto para ti como para tus clientes. Es f\u00e1cil de usar, vers\u00e1til y est\u00e1 dise\u00f1ado pensando en la optimizaci\u00f3n SEO, lo que garantiza que tu tienda online tenga un buen posicionamiento en los resultados de b\u00fasqueda. Ya sea que vendas productos f\u00edsicos, descargas digitales o incluso servicios, Divi Ecommerce Pro facilita enormemente la creaci\u00f3n de una tienda online.<\/p>\n<ul>\n<li>M\u00e1s de 20 dise\u00f1os de p\u00e1ginas totalmente personalizables<\/li>\n<li>Incluye 3 plantillas de p\u00e1gina de producto<\/li>\n<li>Creado para aprovechar al m\u00e1ximo Divi Page Builder<\/li>\n<li>Tabla de precios de estilo profesional para la venta de servicios.<\/li>\n<li>Controles deslizantes, botones de llamado a la acci\u00f3n, testimonios y preguntas frecuentes<\/li>\n<li>4 dise\u00f1os de ofertas especiales para resaltar productos<\/li>\n<li>Temporizador de cuenta regresiva de venta con estilo<\/li>\n<li>Insignias de venta y otros productos.<\/li>\n<li>Estilo completo y opciones para todas las p\u00e1ginas del blog.<\/li>\n<li>Formulario de suscripci\u00f3n para recibir boletines y aumentar su n\u00famero de seguidores<\/li>\n<li>Bot\u00f3n de carrito fijo en todo su sitio<\/li>\n<li>Opci\u00f3n de carrito deslizable para cada p\u00e1gina<\/li>\n<li>Iconos para compartir en redes sociales y tarjetas de cr\u00e9dito.<\/li>\n<li>Estilos de encabezado y pie de p\u00e1gina para optimizar las ventas<\/li>\n<li>Dise\u00f1e integraciones con complementos de lista de deseos y vista r\u00e1pida<\/li>\n<li>Estilos de cuenta, carrito, producto y p\u00e1gina de tienda de WooCommerce<\/li>\n<li>Dise\u00f1os de ventanas emergentes para aumentar las ventas.<\/li>\n<li>Productos relacionados para promoci\u00f3n cruzada<\/li>\n<li>Integraci\u00f3n de mapas y formularios de contacto.<\/li>\n<li>Dise\u00f1os de p\u00e1ginas 404, Acerca de y Cont\u00e1ctenos<\/li>\n<\/ul>\n","protected":false},"excerpt":{"rendered":"<p>Presentamos Divi Ecommerce Pro: una soluci\u00f3n completa y de nivel profesional dise\u00f1ada para revolucionar la forma de realizar negocios en l\u00ednea. Este poderoso sistema de comercio electr\u00f3nico, completo con una variedad de caracter\u00edsticas y funcionalidades, est\u00e1 meticulosamente dise\u00f1ado para satisfacer las necesidades \u00fanicas de los negocios en l\u00ednea modernos. Dise\u00f1ado para integrarse sin esfuerzo con el tema Divi, establece nuevos puntos de referencia en dise\u00f1o y funcionalidad de comercio electr\u00f3nico, garantizando una experiencia de usuario altamente intuitiva y optimizada.<\/p>\n<p>Divi Ecommerce Pro ofrece un nivel de control y personalizaci\u00f3n sin precedentes, lo que le otorga la posibilidad de crear un escaparate en l\u00ednea distintivo y atractivo que se alinee perfectamente con su marca. Es una herramienta innovadora que no solo permite a los propietarios de negocios crear p\u00e1ginas de productos visualmente impresionantes, sino que tambi\u00e9n permite un seguimiento y an\u00e1lisis s\u00f3lidos del comportamiento del cliente, mejorando su capacidad para interactuar con su p\u00fablico objetivo e impulsar conversiones.<\/p>\n<p>La genialidad de Divi Ecommerce Pro radica en su versatilidad y adaptabilidad. Ya sea que est\u00e9 operando una peque\u00f1a boutique o administrando una gran empresa multinacional, esta soluci\u00f3n est\u00e1 dise\u00f1ada para escalar y evolucionar con su negocio, garantizando que su tienda en l\u00ednea siga siendo competitiva y centrada en el cliente.<\/p>\n<p>Adem\u00e1s, Divi Ecommerce Pro est\u00e1 dise\u00f1ado con gran atenci\u00f3n al detalle y ofrece una interfaz intuitiva que facilita la navegaci\u00f3n incluso para usuarios sin conocimientos t\u00e9cnicos. Por lo tanto, no importa su nivel de experiencia t\u00e9cnica, puede abordar el comercio electr\u00f3nico con confianza, sabiendo que Divi Ecommerce Pro le brindar\u00e1 una experiencia fluida, eficiente y gratificante.<\/p>\n<p>En resumen, Divi Ecommerce Pro es una plataforma de comercio electr\u00f3nico integral que combina una funcionalidad superior con un dise\u00f1o espectacular. Es una herramienta confiable y f\u00e1cil de usar que permite a las empresas desbloquear todo su potencial en l\u00ednea, brindando una experiencia de comercio electr\u00f3nico incomparable tanto para las empresas como para los consumidores. Con Divi Ecommerce Pro a tu disposici\u00f3n, crear y administrar una tienda en l\u00ednea nunca ha sido tan sencillo.<\/p>\n","protected":false},"featured_media":169087,"comment_status":"open","ping_status":"open","template":"","meta":[],"product_brand":[2538],"product_cat":[1263,1264,1237],"product_tag":[2273],"class_list":{"0":"post-154331","1":"product","2":"type-product","3":"status-publish","4":"has-post-thumbnail","6":"product_brand-wp-zone","7":"product_cat-comercio-electronico-temas","8":"product_cat-negocio","9":"product_cat-temas","10":"product_tag-wp-zone","11":"member-discount","12":"discount-restricted","14":"first","15":"instock","16":"sale","17":"downloadable","18":"virtual","19":"sold-individually","20":"purchasable","21":"product-type-simple"},"_links":{"self":[{"href":"https:\/\/gpl-love.com\/es\/wp-json\/wp\/v2\/product\/154331","targetHints":{"allow":["GET"]}}],"collection":[{"href":"https:\/\/gpl-love.com\/es\/wp-json\/wp\/v2\/product"}],"about":[{"href":"https:\/\/gpl-love.com\/es\/wp-json\/wp\/v2\/types\/product"}],"replies":[{"embeddable":true,"href":"https:\/\/gpl-love.com\/es\/wp-json\/wp\/v2\/comments?post=154331"}],"wp:featuredmedia":[{"embeddable":true,"href":"https:\/\/gpl-love.com\/es\/wp-json\/wp\/v2\/media\/169087"}],"wp:attachment":[{"href":"https:\/\/gpl-love.com\/es\/wp-json\/wp\/v2\/media?parent=154331"}],"wp:term":[{"taxonomy":"product_brand","embeddable":true,"href":"https:\/\/gpl-love.com\/es\/wp-json\/wp\/v2\/product_brand?post=154331"},{"taxonomy":"product_cat","embeddable":true,"href":"https:\/\/gpl-love.com\/es\/wp-json\/wp\/v2\/product_cat?post=154331"},{"taxonomy":"product_tag","embeddable":true,"href":"https:\/\/gpl-love.com\/es\/wp-json\/wp\/v2\/product_tag?post=154331"}],"curies":[{"name":"wp","href":"https:\/\/api.w.org\/{rel}","templated":true}]}}