{"id":154329,"date":"2024-01-12T00:00:00","date_gmt":"2024-01-12T05:00:00","guid":{"rendered":"https:\/\/gpl-love.com\/es\/producto\/divi-fitness\/"},"modified":"2026-03-13T17:36:42","modified_gmt":"2026-03-13T22:36:42","slug":"divi-fitness","status":"publish","type":"product","link":"https:\/\/gpl-love.com\/es\/producto\/divi-fitness\/","title":{"rendered":"Divi Fitness 1.1.3"},"content":{"rendered":"<h3>Divi Fitness Caracteristicas<\/h3>\n<p>Divi Fitness es un innovador producto de fitness y bienestar dise\u00f1ado para ayudarte a alcanzar tus objetivos de salud y fitness. Este producto ofrece un conjunto completo de herramientas, recursos y funciones que facilitan el seguimiento de tu progreso, la gesti\u00f3n de tu rutina y la motivaci\u00f3n en tu camino hacia el fitness. Divi Fitness cuenta con tecnolog\u00eda de vanguardia, lo que garantiza una experiencia precisa, eficiente y f\u00e1cil de usar. Es el compa\u00f1ero perfecto para cualquier persona, ya seas principiante que se inicia en el fitness o un atleta experimentado que busca optimizar su entrenamiento. Haz que cada entrenamiento cuente con Divi Fitness.<\/p>\n<ul>\n<li>Dise\u00f1o limpio, emocionante y profesional.<\/li>\n<li>P\u00e1gina de inicio din\u00e1mica que muestra servicios, precios y testimonios<\/li>\n<li>Mapa en un estilo personalizado<\/li>\n<li>Barra lateral izquierda\/derecha y opci\u00f3n de ancho completo para publicaciones<\/li>\n<li>Arrastrar y soltar r\u00e1pidamente Divi Page Builder<\/li>\n<\/ul>\n","protected":false},"excerpt":{"rendered":"<p>El producto Divi Fitness es una ingeniosa innovaci\u00f3n dise\u00f1ada espec\u00edficamente para revolucionar la forma en que realiza su r\u00e9gimen de ejercicios, dot\u00e1ndolo de una capa completamente nueva de entusiasmo y efectividad. Dise\u00f1ado para integrarse perfectamente con su rutina diaria, este producto innovador cuenta con una s\u00f3lida variedad de caracter\u00edsticas que est\u00e1n meticulosamente dise\u00f1adas no solo para mejorar sus entrenamientos sino tambi\u00e9n para monitorear su progreso en tiempo real con precisi\u00f3n milim\u00e9trica. La suite Divi Fitness es una hermosa combinaci\u00f3n de tecnolog\u00eda de punta y una interfaz f\u00e1cil de usar, dise\u00f1ada para ayudarlo a alcanzar sus objetivos de acondicionamiento f\u00edsico con mayor facilidad y eficiencia. Es una soluci\u00f3n integral para entusiastas del fitness de todos los niveles, ya sea que reci\u00e9n est\u00e9 comenzando su viaje de fitness o sea un atleta experimentado que busca el m\u00e1ximo rendimiento. Este producto representa la combinaci\u00f3n perfecta de estilo, funcionalidad y conveniencia, caracterizado por su dise\u00f1o elegante, interfaz f\u00e1cil de usar y atractivo para el bolsillo. Es verdaderamente un compa\u00f1ero de acondicionamiento f\u00edsico que ofrece una combinaci\u00f3n \u00fanica de innovaci\u00f3n y versatilidad, que lo ayuda a mantenerse motivado, concentrado y encaminado. Con Divi Fitness, cada paso, cada ritmo y cada repetici\u00f3n cuenta, lo que hace que su viaje de acondicionamiento f\u00edsico sea m\u00e1s atractivo y gratificante. Es el mejor aliado del fitness que siempre est\u00e1 listo para acompa\u00f1arte en tu viaje hacia una vida m\u00e1s saludable y en forma.<\/p>\n","protected":false},"featured_media":169086,"comment_status":"open","ping_status":"open","template":"","meta":[],"product_brand":[2538],"product_cat":[1267,1237,1238],"product_tag":[2273],"class_list":{"0":"post-154329","1":"product","2":"type-product","3":"status-publish","4":"has-post-thumbnail","6":"product_brand-wp-zone","7":"product_cat-creativo","8":"product_cat-temas","9":"product_cat-wordpress-temas","10":"product_tag-wp-zone","11":"member-discount","12":"discount-restricted","14":"first","15":"instock","16":"sale","17":"downloadable","18":"virtual","19":"sold-individually","20":"purchasable","21":"product-type-simple"},"_links":{"self":[{"href":"https:\/\/gpl-love.com\/es\/wp-json\/wp\/v2\/product\/154329","targetHints":{"allow":["GET"]}}],"collection":[{"href":"https:\/\/gpl-love.com\/es\/wp-json\/wp\/v2\/product"}],"about":[{"href":"https:\/\/gpl-love.com\/es\/wp-json\/wp\/v2\/types\/product"}],"replies":[{"embeddable":true,"href":"https:\/\/gpl-love.com\/es\/wp-json\/wp\/v2\/comments?post=154329"}],"wp:featuredmedia":[{"embeddable":true,"href":"https:\/\/gpl-love.com\/es\/wp-json\/wp\/v2\/media\/169086"}],"wp:attachment":[{"href":"https:\/\/gpl-love.com\/es\/wp-json\/wp\/v2\/media?parent=154329"}],"wp:term":[{"taxonomy":"product_brand","embeddable":true,"href":"https:\/\/gpl-love.com\/es\/wp-json\/wp\/v2\/product_brand?post=154329"},{"taxonomy":"product_cat","embeddable":true,"href":"https:\/\/gpl-love.com\/es\/wp-json\/wp\/v2\/product_cat?post=154329"},{"taxonomy":"product_tag","embeddable":true,"href":"https:\/\/gpl-love.com\/es\/wp-json\/wp\/v2\/product_tag?post=154329"}],"curies":[{"name":"wp","href":"https:\/\/api.w.org\/{rel}","templated":true}]}}