{"id":154327,"date":"2024-01-12T00:00:00","date_gmt":"2024-01-12T05:00:00","guid":{"rendered":"https:\/\/gpl-love.com\/es\/producto\/divi-health-clinic\/"},"modified":"2026-03-13T17:36:41","modified_gmt":"2026-03-13T22:36:41","slug":"divi-health-clinic","status":"publish","type":"product","link":"https:\/\/gpl-love.com\/es\/producto\/divi-health-clinic\/","title":{"rendered":"Divi Health Clinic 1.0.7"},"content":{"rendered":"<h3>Divi Health Clinic Caracteristicas<\/h3>\n<p>El tema hijo ha sido meticulosamente dise\u00f1ado, con cada elemento dise\u00f1ado para transmitir eficazmente su mensaje y atraer a pacientes potenciales. Viene listo para usar con un dise\u00f1o distintivo, maquetaci\u00f3n, espaciado de im\u00e1genes y selecci\u00f3n de fuentes, lo que le permite insertar su contenido f\u00e1cilmente y comenzar a promocionar su cl\u00ednica de inmediato. El contenido de demostraci\u00f3n del tema hijo est\u00e1 a solo unos clics. Le servir\u00e1 de gu\u00eda para mostrarle exactamente d\u00f3nde colocar textos e im\u00e1genes, ahorr\u00e1ndole tiempo y los costos de desarrollo asociados con la creaci\u00f3n inicial de un sitio web.<\/p>\n<ul>\n<li>Agregue una ruta de navegaci\u00f3n para ayudar a sus visitantes a navegar por su sitio<\/li>\n<li>Ofrezca una excelente experiencia de usuario que haga que los visitantes del sitio regresen.<\/li>\n<li>Utilice la p\u00e1gina 404 para proteger enlaces rotos y redirigir el tr\u00e1fico<\/li>\n<li>Comienza a publicar contenido con el blog dise\u00f1ado a medida<\/li>\n<li>Muestre informaci\u00f3n especializada y miembros del equipo.<\/li>\n<li>Personalice la paleta de colores de su sitio para que coincida con su identidad de marca<\/li>\n<li>Utilice el poderoso constructor Divi para ingresar su contenido<\/li>\n<li>Lanza tu sitio web en tan solo unas horas<\/li>\n<\/ul>\n","protected":false},"excerpt":{"rendered":"<p>El tema infantil Divi Health Clinic est\u00e1 dise\u00f1ado espec\u00edficamente para m\u00e9dicos, cl\u00ednicas de salud e instalaciones m\u00e9dicas. Facilita a los profesionales m\u00e9dicos establecer su sitio web sin esfuerzo. Al utilizar este tema infantil est\u00e9ticamente agradable para Divi, puede compartir c\u00f3modamente los detalles y servicios de su cl\u00ednica o consultorio con pacientes potenciales, ahorrando tiempo, energ\u00eda y esfuerzo en la creaci\u00f3n de sitios web.<\/p>\n","protected":false},"featured_media":169085,"comment_status":"open","ping_status":"open","template":"","meta":[],"product_brand":[2538],"product_cat":[1267,1237,1238],"product_tag":[2273],"class_list":{"0":"post-154327","1":"product","2":"type-product","3":"status-publish","4":"has-post-thumbnail","6":"product_brand-wp-zone","7":"product_cat-creativo","8":"product_cat-temas","9":"product_cat-wordpress-temas","10":"product_tag-wp-zone","11":"member-discount","12":"discount-restricted","14":"first","15":"instock","16":"sale","17":"downloadable","18":"virtual","19":"sold-individually","20":"purchasable","21":"product-type-simple"},"_links":{"self":[{"href":"https:\/\/gpl-love.com\/es\/wp-json\/wp\/v2\/product\/154327","targetHints":{"allow":["GET"]}}],"collection":[{"href":"https:\/\/gpl-love.com\/es\/wp-json\/wp\/v2\/product"}],"about":[{"href":"https:\/\/gpl-love.com\/es\/wp-json\/wp\/v2\/types\/product"}],"replies":[{"embeddable":true,"href":"https:\/\/gpl-love.com\/es\/wp-json\/wp\/v2\/comments?post=154327"}],"wp:featuredmedia":[{"embeddable":true,"href":"https:\/\/gpl-love.com\/es\/wp-json\/wp\/v2\/media\/169085"}],"wp:attachment":[{"href":"https:\/\/gpl-love.com\/es\/wp-json\/wp\/v2\/media?parent=154327"}],"wp:term":[{"taxonomy":"product_brand","embeddable":true,"href":"https:\/\/gpl-love.com\/es\/wp-json\/wp\/v2\/product_brand?post=154327"},{"taxonomy":"product_cat","embeddable":true,"href":"https:\/\/gpl-love.com\/es\/wp-json\/wp\/v2\/product_cat?post=154327"},{"taxonomy":"product_tag","embeddable":true,"href":"https:\/\/gpl-love.com\/es\/wp-json\/wp\/v2\/product_tag?post=154327"}],"curies":[{"name":"wp","href":"https:\/\/api.w.org\/{rel}","templated":true}]}}