{"id":154325,"date":"2024-01-12T00:00:00","date_gmt":"2024-01-12T05:00:00","guid":{"rendered":"https:\/\/gpl-love.com\/es\/producto\/divi-medical-ecommerce\/"},"modified":"2026-03-13T17:36:40","modified_gmt":"2026-03-13T22:36:40","slug":"divi-medical-ecommerce","status":"publish","type":"product","link":"https:\/\/gpl-love.com\/es\/producto\/divi-medical-ecommerce\/","title":{"rendered":"Divi Medical Ecommerce 1.0.6"},"content":{"rendered":"<h3>Divi Medical Ecommerce Caracteristicas<\/h3>\n<p>Divi Medical Ecommerce es una soluci\u00f3n digital integral para empresas m\u00e9dicas y sanitarias. Es un tema premium de WordPress especializado para tiendas m\u00e9dicas en l\u00ednea, cl\u00ednicas, farmacias y profesionales de la salud que desean vender productos y servicios m\u00e9dicos en l\u00ednea. Esta plataforma de comercio electr\u00f3nico proporciona una interfaz moderna, limpia y de aspecto profesional que es f\u00e1cil de usar y totalmente responsiva, lo que garantiza una experiencia de compra perfecta en todos los dispositivos. Sus s\u00f3lidas funciones incluyen un cat\u00e1logo de productos personalizable, opciones de pago seguro, gesti\u00f3n de pedidos y rese\u00f1as de clientes. Con Divi Medical Ecommerce, puede administrar f\u00e1cilmente su inventario y procesar transacciones, ofreciendo a sus clientes una experiencia de compra en l\u00ednea confiable y eficiente.<\/p>\n<ul>\n<li>Agrega una ruta de navegaci\u00f3n que muestra la ruta del visitante a su ubicaci\u00f3n actual.<\/li>\n<li>Agrega una navegaci\u00f3n de paginaci\u00f3n m\u00e1s avanzada a su blog de WordPress<\/li>\n<li>dise\u00f1o de p\u00e1gina 404<\/li>\n<li>Integraci\u00f3n de WooCommerce<\/li>\n<li>Opci\u00f3n de barra lateral izquierda y derecha para el blog.<\/li>\n<li>Barra lateral din\u00e1mica en p\u00e1ginas de productos<\/li>\n<li>Arrastrar y soltar r\u00e1pidamente Divi Page Builder<\/li>\n<\/ul>\n","protected":false},"excerpt":{"rendered":"<p>Presentamos Divi Medical Ecommerce, una plataforma de comercio digital profunda y dise\u00f1ada por expertos que est\u00e1 dise\u00f1ada espec\u00edficamente para satisfacer las necesidades \u00fanicas de la industria m\u00e9dica. Esta innovadora plataforma no es solo una soluci\u00f3n de comercio electr\u00f3nico ordinaria, sino una profunda fusi\u00f3n de tecnolog\u00eda y atenci\u00f3n m\u00e9dica, lo que la convierte en una herramienta incre\u00edblemente \u00fatil para profesionales m\u00e9dicos, hospitales, farmacias y compradores individuales que buscan comprar suministros m\u00e9dicos en l\u00ednea.<\/p>\n<p>Lo que distingue a Divi Medical Ecommerce de otras plataformas es su comprensi\u00f3n inherente de las complejidades y matices del sector de la salud. Es una plataforma que est\u00e1 en sinton\u00eda con los requisitos distintivos del campo m\u00e9dico, desde la necesidad de informaci\u00f3n detallada del producto hasta la m\u00e1xima importancia de la privacidad y seguridad de los datos.<\/p>\n<p>Con esta plataforma, navegar por una amplia gama de productos m\u00e9dicos se convierte en una tarea sencilla, gracias a su interfaz intuitiva y su dise\u00f1o de f\u00e1cil navegaci\u00f3n. Ya sea equipo quir\u00fargico, productos farmac\u00e9uticos o equipo de protecci\u00f3n personal, Divi Medical Ecommerce tiene un cat\u00e1logo completo que satisface todas las necesidades m\u00e9dicas.<\/p>\n<p>Adem\u00e1s, esta plataforma es m\u00e1s que un simple lugar para comprar suministros m\u00e9dicos. Tambi\u00e9n es un centro vigoroso para la creaci\u00f3n de redes, la educaci\u00f3n y el intercambio de informaci\u00f3n. Los profesionales m\u00e9dicos pueden conectarse con proveedores, mantenerse actualizados con las \u00faltimas tendencias m\u00e9dicas e incluso participar en capacitaciones y talleres, todo dentro del mismo espacio digital.<\/p>\n<p>Con el objetivo de revolucionar la forma en que se compran y venden los suministros m\u00e9dicos, Divi Medical Ecommerce integra funciones avanzadas como seguimiento de inventario en tiempo real, descripciones detalladas de productos, opciones de pago seguro en l\u00ednea y un s\u00f3lido sistema de atenci\u00f3n al cliente. Es la combinaci\u00f3n perfecta de conveniencia, eficiencia y seguridad, dise\u00f1ada con el objetivo de hacer que el comercio electr\u00f3nico m\u00e9dico sea lo m\u00e1s fluido y beneficioso posible.<\/p>\n<p>En un mundo donde el espacio digital es cada vez m\u00e1s importante, Divi Medical Ecommerce va un paso adelante al proporcionar una plataforma especializada para la industria m\u00e9dica. Es una soluci\u00f3n de comercio electr\u00f3nico que no s\u00f3lo comprende las necesidades espec\u00edficas del sector, sino que tambi\u00e9n garantiza que estas necesidades se satisfagan de la manera m\u00e1s eficiente y efectiva posible. Experimente el futuro del comercio electr\u00f3nico m\u00e9dico con Divi Medical Ecommerce.<\/p>\n","protected":false},"featured_media":169084,"comment_status":"open","ping_status":"open","template":"","meta":[],"product_brand":[2538],"product_cat":[1267,1237,1238],"product_tag":[2273],"class_list":{"0":"post-154325","1":"product","2":"type-product","3":"status-publish","4":"has-post-thumbnail","6":"product_brand-wp-zone","7":"product_cat-creativo","8":"product_cat-temas","9":"product_cat-wordpress-temas","10":"product_tag-wp-zone","11":"member-discount","12":"discount-restricted","14":"first","15":"instock","16":"sale","17":"downloadable","18":"virtual","19":"sold-individually","20":"purchasable","21":"product-type-simple"},"_links":{"self":[{"href":"https:\/\/gpl-love.com\/es\/wp-json\/wp\/v2\/product\/154325","targetHints":{"allow":["GET"]}}],"collection":[{"href":"https:\/\/gpl-love.com\/es\/wp-json\/wp\/v2\/product"}],"about":[{"href":"https:\/\/gpl-love.com\/es\/wp-json\/wp\/v2\/types\/product"}],"replies":[{"embeddable":true,"href":"https:\/\/gpl-love.com\/es\/wp-json\/wp\/v2\/comments?post=154325"}],"wp:featuredmedia":[{"embeddable":true,"href":"https:\/\/gpl-love.com\/es\/wp-json\/wp\/v2\/media\/169084"}],"wp:attachment":[{"href":"https:\/\/gpl-love.com\/es\/wp-json\/wp\/v2\/media?parent=154325"}],"wp:term":[{"taxonomy":"product_brand","embeddable":true,"href":"https:\/\/gpl-love.com\/es\/wp-json\/wp\/v2\/product_brand?post=154325"},{"taxonomy":"product_cat","embeddable":true,"href":"https:\/\/gpl-love.com\/es\/wp-json\/wp\/v2\/product_cat?post=154325"},{"taxonomy":"product_tag","embeddable":true,"href":"https:\/\/gpl-love.com\/es\/wp-json\/wp\/v2\/product_tag?post=154325"}],"curies":[{"name":"wp","href":"https:\/\/api.w.org\/{rel}","templated":true}]}}