{"id":154323,"date":"2024-01-12T00:00:00","date_gmt":"2024-01-12T05:00:00","guid":{"rendered":"https:\/\/gpl-love.com\/es\/producto\/divi-multipurpose-service-child-theme\/"},"modified":"2026-03-13T17:36:39","modified_gmt":"2026-03-13T22:36:39","slug":"divi-multipurpose-service-child-theme","status":"publish","type":"product","link":"https:\/\/gpl-love.com\/es\/producto\/divi-multipurpose-service-child-theme\/","title":{"rendered":"Divi Multipurpose Service Child Theme 1.1.8"},"content":{"rendered":"<h3>Divi Multipurpose Service Child Theme Caracteristicas<\/h3>\n<p>El tema secundario del servicio multiprop\u00f3sito Divi es una soluci\u00f3n web s\u00f3lida y vers\u00e1til, dise\u00f1ada para potenciar su presencia en l\u00ednea. Este tema est\u00e1 dise\u00f1ado espec\u00edficamente para empresas que brindan m\u00faltiples servicios en diversas industrias. Ofrece un dise\u00f1o limpio, profesional y visualmente atractivo que muestra eficazmente sus servicios de una manera f\u00e1cil de usar. Con este tema, obtienes acceso a dise\u00f1os predise\u00f1ados, opciones de personalizaci\u00f3n sencillas, dise\u00f1o responsivo y compatibilidad con Divi Builder para una creaci\u00f3n de sitios web perfecta. El tema secundario del servicio multiprop\u00f3sito Divi tambi\u00e9n es compatible con SEO para aumentar la visibilidad de su sitio web en los motores de b\u00fasqueda. No es s\u00f3lo un tema, sino una soluci\u00f3n digital completa para las necesidades de su negocio. Actualice su sitio web con el tema secundario del servicio multiprop\u00f3sito Divi y destaque en su industria.<\/p>\n<ul>\n<li>M\u00f3dulos de contacto Divi<\/li>\n<li>Botones de clic para llamar<\/li>\n<li>Formularios de consulta personalizados<\/li>\n<li>Dise\u00f1o profesional de alta calidad.<\/li>\n<li>Soporte Premium<\/li>\n<li>2 plantillas de p\u00e1gina de contacto<\/li>\n<li>F\u00e1cil de personalizar<\/li>\n<li>Proceso de instalaci\u00f3n f\u00e1cil<\/li>\n<\/ul>\n","protected":false},"excerpt":{"rendered":"<p>Paquete de 8 temas infantiles Divi de servicio con temas infantiles premium con detalles meticulosos. Todos los aspectos del desarrollo y dise\u00f1o web, desde el dise\u00f1o hasta la selecci\u00f3n de fuentes y la paleta de colores, se manejan con diligencia. Todo lo que necesita hacer es instalar el tema secundario mejorado sobre su marco Divi o Extra existente. Adem\u00e1s, le brinda la flexibilidad de personalizarlo seg\u00fan sus necesidades. Disfrute de temas infantiles premium que ya est\u00e1n personalizados por nuestro competente equipo, lo que le permitir\u00e1 ahorrar una gran cantidad de tiempo y esfuerzo.<\/p>\n","protected":false},"featured_media":169083,"comment_status":"open","ping_status":"open","template":"","meta":[],"product_brand":[2538],"product_cat":[1239,1237,1238],"product_tag":[2273],"class_list":{"0":"post-154323","1":"product","2":"type-product","3":"status-publish","4":"has-post-thumbnail","6":"product_brand-wp-zone","7":"product_cat-de-multiples-fines","8":"product_cat-temas","9":"product_cat-wordpress-temas","10":"product_tag-wp-zone","11":"member-discount","12":"discount-restricted","14":"first","15":"instock","16":"sale","17":"downloadable","18":"virtual","19":"sold-individually","20":"purchasable","21":"product-type-simple"},"_links":{"self":[{"href":"https:\/\/gpl-love.com\/es\/wp-json\/wp\/v2\/product\/154323","targetHints":{"allow":["GET"]}}],"collection":[{"href":"https:\/\/gpl-love.com\/es\/wp-json\/wp\/v2\/product"}],"about":[{"href":"https:\/\/gpl-love.com\/es\/wp-json\/wp\/v2\/types\/product"}],"replies":[{"embeddable":true,"href":"https:\/\/gpl-love.com\/es\/wp-json\/wp\/v2\/comments?post=154323"}],"wp:featuredmedia":[{"embeddable":true,"href":"https:\/\/gpl-love.com\/es\/wp-json\/wp\/v2\/media\/169083"}],"wp:attachment":[{"href":"https:\/\/gpl-love.com\/es\/wp-json\/wp\/v2\/media?parent=154323"}],"wp:term":[{"taxonomy":"product_brand","embeddable":true,"href":"https:\/\/gpl-love.com\/es\/wp-json\/wp\/v2\/product_brand?post=154323"},{"taxonomy":"product_cat","embeddable":true,"href":"https:\/\/gpl-love.com\/es\/wp-json\/wp\/v2\/product_cat?post=154323"},{"taxonomy":"product_tag","embeddable":true,"href":"https:\/\/gpl-love.com\/es\/wp-json\/wp\/v2\/product_tag?post=154323"}],"curies":[{"name":"wp","href":"https:\/\/api.w.org\/{rel}","templated":true}]}}