{"id":154321,"date":"2024-01-12T00:00:00","date_gmt":"2024-01-12T05:00:00","guid":{"rendered":"https:\/\/gpl-love.com\/es\/producto\/divi-nonprofit\/"},"modified":"2026-03-13T17:36:38","modified_gmt":"2026-03-13T22:36:38","slug":"divi-nonprofit","status":"publish","type":"product","link":"https:\/\/gpl-love.com\/es\/producto\/divi-nonprofit\/","title":{"rendered":"Divi Nonprofit 1.1.6"},"content":{"rendered":"<h3>Divi Nonprofit Caracteristicas<\/h3>\n<p>Divi Nonprofit est\u00e1 repleto de una variedad de funciones avanzadas y de alta calidad que incluyen una tienda WooCommerce lista para usar, funcionalidades de eventos f\u00e1ciles de administrar y un tipo de publicaci\u00f3n personalizada de Proyectos y Animales. Tambi\u00e9n viene con un blog de dise\u00f1o exclusivo. Estas caracter\u00edsticas notables est\u00e1n integradas en las operaciones fundamentales del tema secundario, lo que permite a Divi Nonprofit ayudar a las organizaciones a lograr el \u00e9xito en l\u00ednea.<\/p>\n<p>Calidamente entrelazado con el complemento Give WP, Divi Nonprofit facilita a las organizaciones la recaudaci\u00f3n de fondos y la aceptaci\u00f3n de donaciones sin esfuerzo. Divi Nonprofit, preequipado con los complementos Bloom y Monarch de Elegant Themes, allana el camino para crear canales de comunicaci\u00f3n de marketing al proporcionar \u00edconos para compartir en redes sociales en publicaciones, eventos y productos, y formularios de suscripci\u00f3n de correo electr\u00f3nico ya activos para ayudar a construir listas de correo.<\/p>\n<p>Junto con estas caracter\u00edsticas fenomenales, Divi Nonprofit ofrece beneficios adicionales. Proporciona una p\u00e1gina de error 404 \u00fanica, m\u00f3dulos con estilos especiales que se adaptan a la est\u00e9tica del tema y tambi\u00e9n incluye todos los \u00edconos y recursos gr\u00e1ficos mostrados en la demostraci\u00f3n. Este sorprendente tema secundario de Divi va m\u00e1s all\u00e1 al mejorar la presencia en l\u00ednea de las organizaciones.<\/p>\n<ul>\n<li>Tienda en l\u00ednea WooCommerce completamente funcional con carrito, cuenta, pago y p\u00e1ginas de producto ya configuradas y dise\u00f1adas<\/li>\n<li>Funci\u00f3n de listado de eventos, completa con funci\u00f3n de b\u00fasqueda din\u00e1mica y funci\u00f3n de visualizaci\u00f3n, con plantilla de listado de eventos \u00fanico con estilo personalizado<\/li>\n<li>Dos tipos de publicaciones ya configuradas: Proyectos y un tipo de publicaci\u00f3n personalizada adicional, cada uno con dise\u00f1os de publicaci\u00f3n \u00fanica, p\u00e1ginas de archivo, barras laterales y estilos \u00fanicos.<\/li>\n<li>Integrado con el complemento Give WP para donaciones y recaudaci\u00f3n de fondos<\/li>\n<li>Blog personalizado completo con dise\u00f1o, barra lateral y comentarios con estilo personalizado, as\u00ed como navegaci\u00f3n con rutas de navegaci\u00f3n integradas para facilitar la lectura.<\/li>\n<li>Integrado con Bloom y Monarch<\/li>\n<li>Iconos gratuitos con psd incluidos con el tema.<\/li>\n<\/ul>\n","protected":false},"excerpt":{"rendered":"<p>El tema secundario Divi Nonprofit ofrece una plataforma est\u00e9ticamente agradable y t\u00e9cnicamente impecable para las organizaciones, permiti\u00e9ndoles transmitir su mensaje de manera efectiva con un sitio web atractivo. Atiende numerosas estrategias de marketing, con funciones avanzadas como eventos, comercio electr\u00f3nico, donaciones, plantillas de proyectos personalizados para mostrar actos encomiables, publicaci\u00f3n de contenido y m\u00e1s. Cada caracter\u00edstica est\u00e1 cuidadosamente dise\u00f1ada y presentada con estilo para satisfacer sin esfuerzo las diferentes necesidades de marketing. Aunque est\u00e1 etiquetado como un tema \u00absin fines de lucro\u00bb, no es exclusivamente para organizaciones sin fines de lucro: cualquier marca o empresa que busque establecer un sitio web atractivo y eficiente puede utilizar el tema secundario Divi Nonprofit.<\/p>\n","protected":false},"featured_media":169082,"comment_status":"open","ping_status":"open","template":"","meta":[],"product_brand":[2538],"product_cat":[1267,1237,1238],"product_tag":[2273],"class_list":{"0":"post-154321","1":"product","2":"type-product","3":"status-publish","4":"has-post-thumbnail","6":"product_brand-wp-zone","7":"product_cat-creativo","8":"product_cat-temas","9":"product_cat-wordpress-temas","10":"product_tag-wp-zone","11":"member-discount","12":"discount-restricted","14":"first","15":"instock","16":"sale","17":"downloadable","18":"virtual","19":"sold-individually","20":"purchasable","21":"product-type-simple"},"_links":{"self":[{"href":"https:\/\/gpl-love.com\/es\/wp-json\/wp\/v2\/product\/154321","targetHints":{"allow":["GET"]}}],"collection":[{"href":"https:\/\/gpl-love.com\/es\/wp-json\/wp\/v2\/product"}],"about":[{"href":"https:\/\/gpl-love.com\/es\/wp-json\/wp\/v2\/types\/product"}],"replies":[{"embeddable":true,"href":"https:\/\/gpl-love.com\/es\/wp-json\/wp\/v2\/comments?post=154321"}],"wp:featuredmedia":[{"embeddable":true,"href":"https:\/\/gpl-love.com\/es\/wp-json\/wp\/v2\/media\/169082"}],"wp:attachment":[{"href":"https:\/\/gpl-love.com\/es\/wp-json\/wp\/v2\/media?parent=154321"}],"wp:term":[{"taxonomy":"product_brand","embeddable":true,"href":"https:\/\/gpl-love.com\/es\/wp-json\/wp\/v2\/product_brand?post=154321"},{"taxonomy":"product_cat","embeddable":true,"href":"https:\/\/gpl-love.com\/es\/wp-json\/wp\/v2\/product_cat?post=154321"},{"taxonomy":"product_tag","embeddable":true,"href":"https:\/\/gpl-love.com\/es\/wp-json\/wp\/v2\/product_tag?post=154321"}],"curies":[{"name":"wp","href":"https:\/\/api.w.org\/{rel}","templated":true}]}}