{"id":154319,"date":"2024-01-12T00:00:00","date_gmt":"2024-01-12T05:00:00","guid":{"rendered":"https:\/\/gpl-love.com\/es\/producto\/divi-photography\/"},"modified":"2026-03-13T17:36:38","modified_gmt":"2026-03-13T22:36:38","slug":"divi-photography","status":"publish","type":"product","link":"https:\/\/gpl-love.com\/es\/producto\/divi-photography\/","title":{"rendered":"Divi Photography 1.0.11"},"content":{"rendered":"<h3>Divi Photography Caracteristicas<\/h3>\n<p>Dise\u00f1ado para ayudar a los fot\u00f3grafos en sus diversas estrategias de marketing, Divi Photography Child Theme ofrece una variedad de funciones de alta gama y caracter\u00edsticas de primer nivel. Adem\u00e1s de una tienda en l\u00ednea WooCommerce totalmente integrada, tambi\u00e9n ofrece una cartera vers\u00e1til con tres opciones din\u00e1micas de visualizaci\u00f3n de proyectos, un blog dise\u00f1ado a medida y una funci\u00f3n sencilla de reserva de citas.<\/p>\n<p>The Child Theme va un paso m\u00e1s all\u00e1 al integrar la plataforma de aprendizaje LifterLMS. Esta funci\u00f3n permite a fot\u00f3grafos individuales o marcas de fotograf\u00eda desarrollar y distribuir cursos en l\u00ednea a nivel mundial, ampliando su capacidad para compartir sus conocimientos con aspirantes a profesionales.<\/p>\n<p>El tema, que promueve la participaci\u00f3n de la comunidad, incluye un componente de membres\u00eda ya configurado que fomenta la interacci\u00f3n entre los fot\u00f3grafos. Para complementar las herramientas de utilidad, viene con un segmento de eventos f\u00e1cil de usar que permite crear y compartir eventos sin esfuerzo, desde talleres hasta demostraciones en vivo y mucho m\u00e1s.<\/p>\n<p>El tema secundario Divi Photography tambi\u00e9n equipa a los usuarios con elementos complementarios como 50 \u00edconos de dise\u00f1o de sondeo espec\u00edficamente vinculados con las industrias de fotograf\u00eda, edici\u00f3n de im\u00e1genes y procesamiento de activos digitales. Estos elementos se pueden personalizar f\u00e1cilmente para que coincidan con cualquier identidad de marca. Adem\u00e1s, cuenta con una p\u00e1gina de error 404 personalizada para evitar enlaces rotos y mantener intacta la experiencia del visitante.<\/p>\n<ul>\n<li>Tienda en l\u00ednea WooCommerce totalmente integrada y funcional con p\u00e1ginas de carrito, cuenta, pago y producto ya configuradas y dise\u00f1adas, as\u00ed como tres p\u00e1ginas alternativas de un solo producto.<\/li>\n<li>Funci\u00f3n de listado de eventos, completa con funci\u00f3n de visualizaci\u00f3n y b\u00fasqueda din\u00e1mica, plantilla de listado de eventos \u00fanico con estilo personalizado y funci\u00f3n de reserva en el sitio<\/li>\n<li>Integrado con la plataforma de aprendizaje LifterLMS para crear, ejecutar y vender cursos en l\u00ednea y paquetes de membres\u00eda.<\/li>\n<li>Portafolio bellamente dise\u00f1ado con tres dise\u00f1os de presentaci\u00f3n de portafolio alternativos para elegir, completo con p\u00e1ginas de proyectos con estilos personalizados<\/li>\n<li>Caracter\u00edstica de blog \u00fanica con p\u00e1ginas de archivo dise\u00f1adas a medida, barra lateral, dise\u00f1o de publicaciones individuales y secci\u00f3n de comentarios, as\u00ed como publicaciones relacionadas integradas y navegaci\u00f3n con rutas de navegaci\u00f3n para facilitar la lectura.<\/li>\n<li>M\u00e1s de 2500 \u00edconos con \u00edconos dise\u00f1ados personalizados relacionados con la fotograf\u00eda, completos con archivos AI y PSD editables, gratuitos para usar en proyectos creativos<\/li>\n<\/ul>\n","protected":false},"excerpt":{"rendered":"<p>El tema infantil Divi Photography encarna estilo y elegancia con su aspecto llamativo, amplia gama de caracter\u00edsticas y est\u00e9tica moderna. Ofrece a fot\u00f3grafos y marcas de fotograf\u00eda una plataforma en l\u00ednea para mostrar sus productos y servicios. Con pares de fuentes est\u00e9ticamente agradables, animaciones suaves y composiciones de im\u00e1genes fascinantes en un tema claro u oscuro, agrega una ventaja adicional a la presencia de su marca.<\/p>\n<p>Viene con todas las funciones necesarias para gestionar un negocio de fotograf\u00eda floreciente. El comercio electr\u00f3nico, la planificaci\u00f3n de eventos, las plataformas de aprendizaje o la reserva de citas est\u00e1n integrados en Divi Photography Child Theme, lo que proporciona una soluci\u00f3n integral.<\/p>\n","protected":false},"featured_media":169081,"comment_status":"open","ping_status":"open","template":"","meta":[],"product_brand":[2538],"product_cat":[1267,1237,1238],"product_tag":[2273],"class_list":{"0":"post-154319","1":"product","2":"type-product","3":"status-publish","4":"has-post-thumbnail","6":"product_brand-wp-zone","7":"product_cat-creativo","8":"product_cat-temas","9":"product_cat-wordpress-temas","10":"product_tag-wp-zone","11":"member-discount","12":"discount-restricted","14":"first","15":"instock","16":"sale","17":"downloadable","18":"virtual","19":"sold-individually","20":"purchasable","21":"product-type-simple"},"_links":{"self":[{"href":"https:\/\/gpl-love.com\/es\/wp-json\/wp\/v2\/product\/154319","targetHints":{"allow":["GET"]}}],"collection":[{"href":"https:\/\/gpl-love.com\/es\/wp-json\/wp\/v2\/product"}],"about":[{"href":"https:\/\/gpl-love.com\/es\/wp-json\/wp\/v2\/types\/product"}],"replies":[{"embeddable":true,"href":"https:\/\/gpl-love.com\/es\/wp-json\/wp\/v2\/comments?post=154319"}],"wp:featuredmedia":[{"embeddable":true,"href":"https:\/\/gpl-love.com\/es\/wp-json\/wp\/v2\/media\/169081"}],"wp:attachment":[{"href":"https:\/\/gpl-love.com\/es\/wp-json\/wp\/v2\/media?parent=154319"}],"wp:term":[{"taxonomy":"product_brand","embeddable":true,"href":"https:\/\/gpl-love.com\/es\/wp-json\/wp\/v2\/product_brand?post=154319"},{"taxonomy":"product_cat","embeddable":true,"href":"https:\/\/gpl-love.com\/es\/wp-json\/wp\/v2\/product_cat?post=154319"},{"taxonomy":"product_tag","embeddable":true,"href":"https:\/\/gpl-love.com\/es\/wp-json\/wp\/v2\/product_tag?post=154319"}],"curies":[{"name":"wp","href":"https:\/\/api.w.org\/{rel}","templated":true}]}}