{"id":154317,"date":"2024-01-12T00:00:00","date_gmt":"2024-01-12T05:00:00","guid":{"rendered":"https:\/\/gpl-love.com\/es\/producto\/divi-podcast\/"},"modified":"2026-03-13T17:36:37","modified_gmt":"2026-03-13T22:36:37","slug":"divi-podcast","status":"publish","type":"product","link":"https:\/\/gpl-love.com\/es\/producto\/divi-podcast\/","title":{"rendered":"Divi Podcast 1.1.8"},"content":{"rendered":"<h3>Divi Podcast Caracteristicas<\/h3>\n<p>Divi Podcast es una plataforma de audio interesante y reveladora, dise\u00f1ada espec\u00edficamente para usuarios de Divi. Cuenta con una gran cantidad de profesionales experimentados y expertos de la comunidad Divi que le brindan una gran cantidad de informaci\u00f3n, consejos y trucos sobre este popular tema de WordPress y creador de p\u00e1ginas visuales. Con episodios que cubren varios aspectos de Divi, incluido el dise\u00f1o, el desarrollo y el marketing, Divi Podcast es el compa\u00f1ero perfecto para usuarios de Divi tanto principiantes como experimentados. Sinton\u00edzate peri\u00f3dicamente para recibir actualizaciones, conocer nuevas funciones y mejorar tus habilidades generales en Divi. Divi Podcast, su recurso definitivo para dominar Divi, mejorar su creatividad e impulsar la funcionalidad de su sitio web.<\/p>\n<ul>\n<li>P\u00e1ginas de podcasts<\/li>\n<li>Donaciones<\/li>\n<li>Iconos de podcasts<\/li>\n<li>Eventos<\/li>\n<li>Surgir<\/li>\n<li>Estilos f\u00e1ciles de personalizar<\/li>\n<li>Creador de p\u00e1ginas Divi Builder de arrastrar y soltar r\u00e1pido<\/li>\n<\/ul>\n","protected":false},"excerpt":{"rendered":"<p>Profundice en el mundo del dise\u00f1o y desarrollo de sitios web con nuestro Divi Podcast, una oferta de audio \u00fanica seleccionada por expertos tanto para profesionales experimentados como para principiantes. Con cada episodio, se invita a los oyentes a explorar una variedad de contenido atractivo e informativo, que incluye tutoriales pr\u00e1cticos, entrevistas interesantes y debates completos que cubren todo, desde las \u00faltimas tendencias de dise\u00f1o y t\u00e9cnicas de codificaci\u00f3n hasta los intrincados matices de la optimizaci\u00f3n SEO y las soluciones de comercio electr\u00f3nico. . Impulsado por el innovador tema Divi, un tema l\u00edder de WordPress y creador de p\u00e1ginas visuales, nuestro podcast ofrece una plataforma distintiva donde los oyentes pueden sumergirse en una experiencia de aprendizaje conversacional, obteniendo valiosos conocimientos y consejos para mejorar sus habilidades de dise\u00f1o y desarrollo web. Divi Podcast encarna un compromiso inquebrantable de brindar contenido de calidad que inspire, eduque y empodere a los oyentes, transformando as\u00ed la forma en que perciben y navegan en el panorama digital en constante evoluci\u00f3n. Ya sea que sea un desarrollador web experimentado que busca ampliar sus conocimientos o un novato que espera obtener una base s\u00f3lida en dise\u00f1o web, Divi Podcast ofrece un viaje enriquecedor e instructivo al coraz\u00f3n del \u00e1mbito digital.<\/p>\n","protected":false},"featured_media":169080,"comment_status":"open","ping_status":"open","template":"","meta":[],"product_brand":[2538],"product_cat":[1267,1237,1238],"product_tag":[2273],"class_list":{"0":"post-154317","1":"product","2":"type-product","3":"status-publish","4":"has-post-thumbnail","6":"product_brand-wp-zone","7":"product_cat-creativo","8":"product_cat-temas","9":"product_cat-wordpress-temas","10":"product_tag-wp-zone","11":"member-discount","12":"discount-restricted","14":"first","15":"instock","16":"sale","17":"downloadable","18":"virtual","19":"sold-individually","20":"purchasable","21":"product-type-simple"},"_links":{"self":[{"href":"https:\/\/gpl-love.com\/es\/wp-json\/wp\/v2\/product\/154317","targetHints":{"allow":["GET"]}}],"collection":[{"href":"https:\/\/gpl-love.com\/es\/wp-json\/wp\/v2\/product"}],"about":[{"href":"https:\/\/gpl-love.com\/es\/wp-json\/wp\/v2\/types\/product"}],"replies":[{"embeddable":true,"href":"https:\/\/gpl-love.com\/es\/wp-json\/wp\/v2\/comments?post=154317"}],"wp:featuredmedia":[{"embeddable":true,"href":"https:\/\/gpl-love.com\/es\/wp-json\/wp\/v2\/media\/169080"}],"wp:attachment":[{"href":"https:\/\/gpl-love.com\/es\/wp-json\/wp\/v2\/media?parent=154317"}],"wp:term":[{"taxonomy":"product_brand","embeddable":true,"href":"https:\/\/gpl-love.com\/es\/wp-json\/wp\/v2\/product_brand?post=154317"},{"taxonomy":"product_cat","embeddable":true,"href":"https:\/\/gpl-love.com\/es\/wp-json\/wp\/v2\/product_cat?post=154317"},{"taxonomy":"product_tag","embeddable":true,"href":"https:\/\/gpl-love.com\/es\/wp-json\/wp\/v2\/product_tag?post=154317"}],"curies":[{"name":"wp","href":"https:\/\/api.w.org\/{rel}","templated":true}]}}