{"id":154315,"date":"2024-01-12T00:00:00","date_gmt":"2024-01-12T05:00:00","guid":{"rendered":"https:\/\/gpl-love.com\/es\/producto\/divi-resume\/"},"modified":"2026-03-13T17:36:36","modified_gmt":"2026-03-13T22:36:36","slug":"divi-resume","status":"publish","type":"product","link":"https:\/\/gpl-love.com\/es\/producto\/divi-resume\/","title":{"rendered":"Divi Resume 1.0.3"},"content":{"rendered":"<h3>Divi Resume Caracteristicas<\/h3>\n<p>Divi Resume es un creador de curr\u00edculums profesional y vers\u00e1til dise\u00f1ado para ayudarlo a crear un curr\u00edculum destacado de manera r\u00e1pida y eficiente. Divi Resume, mejorado con una interfaz f\u00e1cil de usar, le permite personalizar su curr\u00edculum con una variedad de plantillas y opciones de dise\u00f1o, lo que garantiza que su curr\u00edculum sea \u00fanico y se adapte a su marca personal. No se trata s\u00f3lo de est\u00e9tica; Divi Resume tambi\u00e9n lo gu\u00eda sobre c\u00f3mo estructurar su curr\u00edculum, qu\u00e9 informaci\u00f3n incluir y c\u00f3mo resaltar sus habilidades y experiencias de manera efectiva. Ya sea que sea un reci\u00e9n graduado o un profesional experimentado, Divi Resume le permite presentar sus calificaciones de la manera m\u00e1s convincente, aumentando sus posibilidades de conseguir el trabajo de sus sue\u00f1os.<\/p>\n<ul>\n<li>P\u00e1gina de inicio que muestra los \u00faltimos proyectos y testimonios<\/li>\n<li>Plantilla de portafolio\/proyectos dise\u00f1ados a medida<\/li>\n<li>Opciones de barra lateral de blog izquierda, derecha y de ancho completo<\/li>\n<li>Estilos f\u00e1ciles de personalizar<\/li>\n<\/ul>\n","protected":false},"excerpt":{"rendered":"<p>En una era en la que destacar entre la multitud no s\u00f3lo es algo deseado sino tambi\u00e9n esencial, Divi Resume surge como una soluci\u00f3n convincente para hacer de su curr\u00edculum no solo una hoja de papel m\u00e1s, sino una identidad memorable. Este producto innovador y muy solicitado ofrece un nivel inigualable de personalizaci\u00f3n, lo que le permite crear un curr\u00edculum que realmente represente su personalidad \u00fanica y su destreza profesional. Pero eso no es todo; Divi Resume no se trata solo de est\u00e9tica, tambi\u00e9n se trata de eficiencia y eficacia.<\/p>\n<p>Elaborado meticulosamente con elementos de dise\u00f1o de vanguardia y una interfaz f\u00e1cil de usar, Divi Resume es m\u00e1s que una simple plantilla. Es una plataforma din\u00e1mica e interactiva que le permite mostrar sus habilidades, cualificaciones y experiencias de una manera visualmente impresionante e impactante. Fomenta con franqueza la expresi\u00f3n personal manteniendo al mismo tiempo la integridad profesional que es primordial en un curr\u00edculum.<\/p>\n<p>Divi Resume supera los curr\u00edculums tradicionales a trav\u00e9s de sus caracter\u00edsticas \u00fanicas, como l\u00edneas de tiempo interactivas, barras de habilidades din\u00e1micas y secciones dedicadas para resaltar sus logros y elogios. Est\u00e1 dise\u00f1ado para cautivar la atenci\u00f3n de empleadores, reclutadores e incluso robots que rastrean los curr\u00edculums, asegurando que su perfil se destaque entre el grupo de solicitantes.<\/p>\n<p>Ya sea que sea un reci\u00e9n graduado que intenta dejar una huella o un profesional experimentado que busca reinventar su identidad profesional, Divi Resume ofrece una soluci\u00f3n perfecta a sus necesidades. Es pionero en la transformaci\u00f3n del humilde curr\u00edculum de un mero documento de registros a una narrativa atractiva de su trayectoria profesional.<\/p>\n<p>Con Divi Resume, no solo est\u00e1s presentando un curr\u00edculum, est\u00e1s contando una historia. Una historia de tu determinaci\u00f3n, tu crecimiento, tus triunfos y tus aspiraciones. Es m\u00e1s que un producto, es un punto de inflexi\u00f3n. Ad\u00e9ntrate en el futuro de la creaci\u00f3n de curr\u00edculums con Divi Resume y deja una impresi\u00f3n inolvidable en tus posibles empleadores.<\/p>\n","protected":false},"featured_media":169079,"comment_status":"open","ping_status":"open","template":"","meta":[],"product_brand":[2538],"product_cat":[1267,1237,1238],"product_tag":[2273],"class_list":{"0":"post-154315","1":"product","2":"type-product","3":"status-publish","4":"has-post-thumbnail","6":"product_brand-wp-zone","7":"product_cat-creativo","8":"product_cat-temas","9":"product_cat-wordpress-temas","10":"product_tag-wp-zone","11":"member-discount","12":"discount-restricted","14":"first","15":"instock","16":"sale","17":"downloadable","18":"virtual","19":"sold-individually","20":"purchasable","21":"product-type-simple"},"_links":{"self":[{"href":"https:\/\/gpl-love.com\/es\/wp-json\/wp\/v2\/product\/154315","targetHints":{"allow":["GET"]}}],"collection":[{"href":"https:\/\/gpl-love.com\/es\/wp-json\/wp\/v2\/product"}],"about":[{"href":"https:\/\/gpl-love.com\/es\/wp-json\/wp\/v2\/types\/product"}],"replies":[{"embeddable":true,"href":"https:\/\/gpl-love.com\/es\/wp-json\/wp\/v2\/comments?post=154315"}],"wp:featuredmedia":[{"embeddable":true,"href":"https:\/\/gpl-love.com\/es\/wp-json\/wp\/v2\/media\/169079"}],"wp:attachment":[{"href":"https:\/\/gpl-love.com\/es\/wp-json\/wp\/v2\/media?parent=154315"}],"wp:term":[{"taxonomy":"product_brand","embeddable":true,"href":"https:\/\/gpl-love.com\/es\/wp-json\/wp\/v2\/product_brand?post=154315"},{"taxonomy":"product_cat","embeddable":true,"href":"https:\/\/gpl-love.com\/es\/wp-json\/wp\/v2\/product_cat?post=154315"},{"taxonomy":"product_tag","embeddable":true,"href":"https:\/\/gpl-love.com\/es\/wp-json\/wp\/v2\/product_tag?post=154315"}],"curies":[{"name":"wp","href":"https:\/\/api.w.org\/{rel}","templated":true}]}}