{"id":154311,"date":"2024-01-12T00:00:00","date_gmt":"2024-01-12T05:00:00","guid":{"rendered":"https:\/\/gpl-love.com\/es\/producto\/divi-woocommerce-store\/"},"modified":"2026-03-13T17:36:34","modified_gmt":"2026-03-13T22:36:34","slug":"divi-woocommerce-store","status":"publish","type":"product","link":"https:\/\/gpl-love.com\/es\/producto\/divi-woocommerce-store\/","title":{"rendered":"Divi WooCommerce Store 1.0.6"},"content":{"rendered":"<h3>Divi WooCommerce Store Caracteristicas<\/h3>\n<p>Divi WooCommerce Store es una plataforma de tienda en l\u00ednea de primer nivel que combina la poderosa funcionalidad de WooCommerce con las elegantes capacidades de dise\u00f1o de Divi. Esta incre\u00edble combinaci\u00f3n le permite crear y administrar sin problemas una tienda en l\u00ednea altamente receptiva, personalizable y llamativa. Viene con una variedad de caracter\u00edsticas excepcionales, como variaciones de productos, filtros y m\u00faltiples opciones de pasarela de pago. La tienda Divi WooCommerce es muy intuitiva y f\u00e1cil de usar, lo que la convierte en una excelente opci\u00f3n tanto para los veteranos del comercio electr\u00f3nico como para los nuevos en las ventas en l\u00ednea. Le permite exhibir sus productos en dise\u00f1os atractivos y, al mismo tiempo, garantiza una experiencia de compra fluida para sus clientes. La plataforma ofrece s\u00f3lidas funciones de seguridad y se integra f\u00e1cilmente con varias herramientas de marketing para ayudarlo a aumentar sus ventas.<\/p>\n<ul>\n<li>Configure un sitio web de comercio electr\u00f3nico completo en menos de una hora<\/li>\n<li>Estilo de p\u00e1gina de WooCommerce que incluye p\u00e1ginas de cuenta, carrito, producto y tienda<\/li>\n<li>Control deslizante de imagen de funci\u00f3n Hero con m\u00faltiples opciones de navegaci\u00f3n y CTA<\/li>\n<li>P\u00e1ginas de productos con opciones de ancho completo y barra lateral<\/li>\n<li>Dise\u00f1os de blog que incluyen archivos, publicaciones y p\u00e1ginas de b\u00fasqueda.<\/li>\n<li>Acerca de, Contacto y dise\u00f1os de p\u00e1gina 404<\/li>\n<li>Mapas, formularios y dispositivos de captura de correo electr\u00f3nico<\/li>\n<li>Haga crecer su n\u00famero de seguidores con \u00edconos de redes sociales y feed de Instagram integrado<\/li>\n<li>Clasificaci\u00f3n de categor\u00edas de productos de rejilla de mamposter\u00eda<\/li>\n<li>Encabezado y pie de p\u00e1gina con navegaci\u00f3n, b\u00fasqueda e integraci\u00f3n del carrito claras<\/li>\n<\/ul>\n","protected":false},"excerpt":{"rendered":"<p>Experimente la mejor combinaci\u00f3n de funcionalidad y estilo con Divi WooCommerce Store, la plataforma perfecta dise\u00f1ada meticulosamente para potenciar su negocio de comercio electr\u00f3nico. Como producto de una colaboraci\u00f3n innovadora, Divi y WooCommerce se han unido para crear una soluci\u00f3n de tienda en l\u00ednea que no solo es robusta y adaptable, sino tambi\u00e9n visualmente impresionante, brind\u00e1ndole todas las herramientas necesarias para crear y administrar un sitio web de comercio electr\u00f3nico con absoluta facilidad.<\/p>\n<p>Repleto de una gran cantidad de funciones premium, Divi WooCommerce Store te ofrece un creador visualmente intuitivo de arrastrar y soltar que te permite dise\u00f1ar tu tienda en l\u00ednea sin tener que profundizar en las complejidades de la codificaci\u00f3n. Sus dise\u00f1os elegantes y altamente personalizables, junto con una funcionalidad fluida, la convierten en una soluci\u00f3n extraordinaria para los empresarios del comercio electr\u00f3nico, ayud\u00e1ndoles a crear una experiencia de compra \u00fanica y personalizada para sus clientes.<\/p>\n<p>Desde una amplia gama de dise\u00f1os y plantillas, espl\u00e9ndidas opciones de visualizaci\u00f3n de productos hasta procesos de pago fluidos, Divi WooCommerce Store lo tiene todo. Las p\u00e1ginas de productos no solo est\u00e1n dise\u00f1adas para atraer e involucrar, sino que tambi\u00e9n brindan informaci\u00f3n detallada del producto en un formato f\u00e1cil de entender, lo que en \u00faltima instancia conduce a mejores tasas de conversi\u00f3n. Adem\u00e1s, incorpora potentes herramientas y complementos de SEO que hacen que su sitio web sea m\u00e1s reconocible, ampliando su presencia y alcance en l\u00ednea.<\/p>\n<p>Lo que distingue a Divi WooCommerce Store es el equilibrio incomparable que mantiene entre facilidad de uso y funciones avanzadas, lo que la convierte en una plataforma adecuada tanto para principiantes como para propietarios de empresas de comercio electr\u00f3nico experimentados. Tambi\u00e9n proporciona una infraestructura s\u00f3lida para manejar un alto tr\u00e1fico y transacciones, garantizando una experiencia de compra fluida para sus clientes.<\/p>\n<p>Con Divi WooCommerce Store, crear un sitio web de comercio electr\u00f3nico se vuelve menos una tarea ardua y m\u00e1s un viaje emocionante. Es verdaderamente una soluci\u00f3n integral para quienes buscan crear una tienda en l\u00ednea profesional y sofisticada que no solo venda sino que cuente una historia convincente sobre su marca. Entonces, da un paso adelante, aprovecha el poder de Divi WooCommerce Store y observa c\u00f3mo tu negocio de comercio electr\u00f3nico alcanza nuevas alturas.<\/p>\n","protected":false},"featured_media":169077,"comment_status":"open","ping_status":"open","template":"","meta":[],"product_brand":[2538],"product_cat":[1263,1264,1237],"product_tag":[2273],"class_list":{"0":"post-154311","1":"product","2":"type-product","3":"status-publish","4":"has-post-thumbnail","6":"product_brand-wp-zone","7":"product_cat-comercio-electronico-temas","8":"product_cat-negocio","9":"product_cat-temas","10":"product_tag-wp-zone","11":"member-discount","12":"discount-restricted","14":"first","15":"instock","16":"sale","17":"downloadable","18":"virtual","19":"sold-individually","20":"purchasable","21":"product-type-simple"},"_links":{"self":[{"href":"https:\/\/gpl-love.com\/es\/wp-json\/wp\/v2\/product\/154311","targetHints":{"allow":["GET"]}}],"collection":[{"href":"https:\/\/gpl-love.com\/es\/wp-json\/wp\/v2\/product"}],"about":[{"href":"https:\/\/gpl-love.com\/es\/wp-json\/wp\/v2\/types\/product"}],"replies":[{"embeddable":true,"href":"https:\/\/gpl-love.com\/es\/wp-json\/wp\/v2\/comments?post=154311"}],"wp:featuredmedia":[{"embeddable":true,"href":"https:\/\/gpl-love.com\/es\/wp-json\/wp\/v2\/media\/169077"}],"wp:attachment":[{"href":"https:\/\/gpl-love.com\/es\/wp-json\/wp\/v2\/media?parent=154311"}],"wp:term":[{"taxonomy":"product_brand","embeddable":true,"href":"https:\/\/gpl-love.com\/es\/wp-json\/wp\/v2\/product_brand?post=154311"},{"taxonomy":"product_cat","embeddable":true,"href":"https:\/\/gpl-love.com\/es\/wp-json\/wp\/v2\/product_cat?post=154311"},{"taxonomy":"product_tag","embeddable":true,"href":"https:\/\/gpl-love.com\/es\/wp-json\/wp\/v2\/product_tag?post=154311"}],"curies":[{"name":"wp","href":"https:\/\/api.w.org\/{rel}","templated":true}]}}